{"id":263061,"date":"2026-01-13T23:34:57","date_gmt":"2026-01-13T20:34:57","guid":{"rendered":"https:\/\/baldumarket.lt\/product\/oswietlenie-polek-do-witryny-reg1d1w-ostia\/"},"modified":"2026-02-11T18:19:08","modified_gmt":"2026-02-11T15:19:08","slug":"oswietlenie-polek-do-witryny-reg1d1w-ostia","status":"publish","type":"product","link":"https:\/\/baldumarket.lt\/lt\/product\/oswietlenie-polek-do-witryny-reg1d1w-ostia\/","title":{"rendered":"Lentynos ap\u0161vietimas vitrinai REG1D1W OSTIA"},"content":{"rendered":"<p>Energij\u0105 taupantis LED ap\u0161vietimas REG1D1W vitrinai.<\/p>\n<p>Prek\u0117s kodas S467-REG1D1W\/20\/7_OPCJA-BI3K Simbolis ZM EAN Kolekcija Ostia Gamintojas Juoda Raudona Balta Bald\u0173 tipas Lentynos ir vitrinos PVM 23% EAN 5906123705097<\/p>","protected":false},"excerpt":{"rendered":"<p>Energij\u0105 taupantis LED ap\u0161vietimas vitrinai REG1D1W. Prek\u0117s kodas S467-REG1D1W\/20\/7_OPCJA-BI3K Simbolis ZM EAN Kolekcija Ostia Gamintojas Juoda Raudona Balta Bald\u0173 tipas Lentynos ir vitrinos PVM 23% EAN 5906123705097<\/p>","protected":false},"featured_media":0,"comment_status":"open","ping_status":"open","template":"","meta":[],"product_brand":[],"product_cat":[9200,1043],"product_tag":[],"class_list":{"0":"post-263061","1":"product","2":"type-product","3":"status-publish","5":"product_cat-black-red-white","6":"product_cat-extras","8":"first","9":"instock","10":"purchasable","11":"product-type-simple"},"_links":{"self":[{"href":"https:\/\/baldumarket.lt\/lt\/wp-json\/wp\/v2\/product\/263061","targetHints":{"allow":["GET"]}}],"collection":[{"href":"https:\/\/baldumarket.lt\/lt\/wp-json\/wp\/v2\/product"}],"about":[{"href":"https:\/\/baldumarket.lt\/lt\/wp-json\/wp\/v2\/types\/product"}],"replies":[{"embeddable":true,"href":"https:\/\/baldumarket.lt\/lt\/wp-json\/wp\/v2\/comments?post=263061"}],"wp:attachment":[{"href":"https:\/\/baldumarket.lt\/lt\/wp-json\/wp\/v2\/media?parent=263061"}],"wp:term":[{"taxonomy":"product_brand","embeddable":true,"href":"https:\/\/baldumarket.lt\/lt\/wp-json\/wp\/v2\/product_brand?post=263061"},{"taxonomy":"product_cat","embeddable":true,"href":"https:\/\/baldumarket.lt\/lt\/wp-json\/wp\/v2\/product_cat?post=263061"},{"taxonomy":"product_tag","embeddable":true,"href":"https:\/\/baldumarket.lt\/lt\/wp-json\/wp\/v2\/product_tag?post=263061"}],"curies":[{"name":"wp","href":"https:\/\/api.w.org\/{rel}","templated":true}]}}