{"id":263057,"date":"2026-01-13T23:34:54","date_gmt":"2026-01-13T20:34:54","guid":{"rendered":"https:\/\/baldumarket.lt\/product\/oswietlenie-led-do-witryny-ruso-reg2w2d\/"},"modified":"2026-02-11T18:19:08","modified_gmt":"2026-02-11T15:19:08","slug":"oswietlenie-led-do-witryny-ruso-reg2w2d","status":"publish","type":"product","link":"https:\/\/baldumarket.lt\/lt\/product\/oswietlenie-led-do-witryny-ruso-reg2w2d\/","title":{"rendered":"LED ap\u0161vietimas RUSO REG2W2D vitrinai"},"content":{"rendered":"<p>REG2W2D vitrinos ap\u0161vietimas i\u0161 \u201eRuso\u201c kolekcijos.<\/p>\n<p>Prek\u0117s kodas S407-REG2W2D_OPCJA-BI3K Simbolis ZM EAN Kolekcija Ruso Spalva \u0161iltai balta 3000K Gamintojas Juoda Raudona Balta Bald\u0173 tipas Lentynos ir vitrinos PVM 23% EAN 5906123944762<\/p>","protected":false},"excerpt":{"rendered":"<p>REG2W2D vitrinos ap\u0161vietimas i\u0161 \u201eRuso\u201c kolekcijos. Prek\u0117s kodas S407-REG2W2D_OPCJA-BI3K Simbolis ZM EAN Kolekcija \u201eRuso\u201c Spalva \u0161iltai balta 3000K Gamintojas Juoda Raudona Balta Bald\u0173 tipas Lentynos ir vitrinos PVM 23% EAN 5906123944762<\/p>","protected":false},"featured_media":0,"comment_status":"open","ping_status":"open","template":"","meta":[],"product_brand":[],"product_cat":[9200,1043],"product_tag":[],"class_list":{"0":"post-263057","1":"product","2":"type-product","3":"status-publish","5":"product_cat-black-red-white","6":"product_cat-extras","8":"first","9":"instock","10":"purchasable","11":"product-type-simple"},"_links":{"self":[{"href":"https:\/\/baldumarket.lt\/lt\/wp-json\/wp\/v2\/product\/263057","targetHints":{"allow":["GET"]}}],"collection":[{"href":"https:\/\/baldumarket.lt\/lt\/wp-json\/wp\/v2\/product"}],"about":[{"href":"https:\/\/baldumarket.lt\/lt\/wp-json\/wp\/v2\/types\/product"}],"replies":[{"embeddable":true,"href":"https:\/\/baldumarket.lt\/lt\/wp-json\/wp\/v2\/comments?post=263057"}],"wp:attachment":[{"href":"https:\/\/baldumarket.lt\/lt\/wp-json\/wp\/v2\/media?parent=263057"}],"wp:term":[{"taxonomy":"product_brand","embeddable":true,"href":"https:\/\/baldumarket.lt\/lt\/wp-json\/wp\/v2\/product_brand?post=263057"},{"taxonomy":"product_cat","embeddable":true,"href":"https:\/\/baldumarket.lt\/lt\/wp-json\/wp\/v2\/product_cat?post=263057"},{"taxonomy":"product_tag","embeddable":true,"href":"https:\/\/baldumarket.lt\/lt\/wp-json\/wp\/v2\/product_tag?post=263057"}],"curies":[{"name":"wp","href":"https:\/\/api.w.org\/{rel}","templated":true}]}}