{"id":263052,"date":"2026-01-13T23:34:50","date_gmt":"2026-01-13T20:34:50","guid":{"rendered":"https:\/\/baldumarket.lt\/product\/oswietlenie-led-do-witryny-reg1w1d\/"},"modified":"2026-02-11T18:19:09","modified_gmt":"2026-02-11T15:19:09","slug":"oswietlenie-led-do-witryny-reg1w1d","status":"publish","type":"product","link":"https:\/\/baldumarket.lt\/lt\/product\/oswietlenie-led-do-witryny-reg1w1d\/","title":{"rendered":"LED ap\u0161vietimas REG1W1D vitrinai"},"content":{"rendered":"<p>LED ap\u0161vietimas vitrinai REG1W1D i\u0161 \u201eZele\u201c kolekcijos<\/p>\n<p>Prek\u0117s kodas S383-REG1W1D_OPCJA-BI4K Simbolis ZM EAN Kolekcija Zele Spalva neutrali 4200K Gamintojas Juoda Raudona Balta Bald\u0173 tipas Lentynos ir vitrinos PVM 23% EAN 5906123928854<\/p>","protected":false},"excerpt":{"rendered":"<p>LED ap\u0161vietimas vitrinai REG1W1D i\u0161 \u201eZele\u201c kolekcijos Prek\u0117s kodas S383-REG1W1D_OPCJA-BI4K Simbolis ZM EAN Kolekcija \u201eZele\u201c Spalva neutrali 4200K Gamintojas Juoda Raudona Balta Bald\u0173 tipas Lentynos ir vitrinos PVM 23% EAN 5906123928854<\/p>","protected":false},"featured_media":0,"comment_status":"open","ping_status":"open","template":"","meta":[],"product_brand":[],"product_cat":[9200,1043],"product_tag":[],"class_list":{"0":"post-263052","1":"product","2":"type-product","3":"status-publish","5":"product_cat-black-red-white","6":"product_cat-extras","8":"first","9":"instock","10":"purchasable","11":"product-type-simple"},"_links":{"self":[{"href":"https:\/\/baldumarket.lt\/lt\/wp-json\/wp\/v2\/product\/263052","targetHints":{"allow":["GET"]}}],"collection":[{"href":"https:\/\/baldumarket.lt\/lt\/wp-json\/wp\/v2\/product"}],"about":[{"href":"https:\/\/baldumarket.lt\/lt\/wp-json\/wp\/v2\/types\/product"}],"replies":[{"embeddable":true,"href":"https:\/\/baldumarket.lt\/lt\/wp-json\/wp\/v2\/comments?post=263052"}],"wp:attachment":[{"href":"https:\/\/baldumarket.lt\/lt\/wp-json\/wp\/v2\/media?parent=263052"}],"wp:term":[{"taxonomy":"product_brand","embeddable":true,"href":"https:\/\/baldumarket.lt\/lt\/wp-json\/wp\/v2\/product_brand?post=263052"},{"taxonomy":"product_cat","embeddable":true,"href":"https:\/\/baldumarket.lt\/lt\/wp-json\/wp\/v2\/product_cat?post=263052"},{"taxonomy":"product_tag","embeddable":true,"href":"https:\/\/baldumarket.lt\/lt\/wp-json\/wp\/v2\/product_tag?post=263052"}],"curies":[{"name":"wp","href":"https:\/\/api.w.org\/{rel}","templated":true}]}}