{"id":263051,"date":"2026-01-13T23:34:49","date_gmt":"2026-01-13T20:34:49","guid":{"rendered":"https:\/\/baldumarket.lt\/product\/oswietlenie-led-do-witryny-niskiej-patras\/"},"modified":"2026-02-11T18:19:09","modified_gmt":"2026-02-11T15:19:09","slug":"oswietlenie-led-do-witryny-niskiej-patras","status":"publish","type":"product","link":"https:\/\/baldumarket.lt\/lt\/product\/oswietlenie-led-do-witryny-niskiej-patras\/","title":{"rendered":"LED ap\u0161vietimas \u017eemoms vitrinoms PATRASE"},"content":{"rendered":"<p>\u201ePatras\u201c vitrinos ap\u0161vietimasS405-REG1W2S-DARL vitrinos ap\u0161vietimas i\u0161 PATRAS kolekcijos.<\/p>\n<p>Prek\u0117s kodas S405-REG1W2S_OPCJA-BI3K Simbolis ZM EAN Kolekcija Patras Spalva \u0161iltai balta Gamintojas Juoda Raudona Balta Bald\u0173 tipas Lentynos ir vitrinos PVM 23% EAN 5906123944205<\/p>","protected":false},"excerpt":{"rendered":"<p>\u201ePatras\u201c vitrinos ap\u0161vietimas S405-REG1W2S-DARL vitrinos ap\u0161vietimas i\u0161 \u201ePATRAS\u201c kolekcijos. Prek\u0117s kodas S405-REG1W2S_OPCJA-BI3K Simbolis ZM EAN Kolekcija \u201ePatras\u201c Spalva \u0161iltai balta Gamintojas Juoda Raudona Balta Bald\u0173 tipas Lentynos ir vitrinos PVM 23% EAN 5906123944205<\/p>","protected":false},"featured_media":0,"comment_status":"open","ping_status":"open","template":"","meta":[],"product_brand":[],"product_cat":[9200,1043],"product_tag":[],"class_list":{"0":"post-263051","1":"product","2":"type-product","3":"status-publish","5":"product_cat-black-red-white","6":"product_cat-extras","8":"first","9":"instock","10":"purchasable","11":"product-type-simple"},"_links":{"self":[{"href":"https:\/\/baldumarket.lt\/lt\/wp-json\/wp\/v2\/product\/263051","targetHints":{"allow":["GET"]}}],"collection":[{"href":"https:\/\/baldumarket.lt\/lt\/wp-json\/wp\/v2\/product"}],"about":[{"href":"https:\/\/baldumarket.lt\/lt\/wp-json\/wp\/v2\/types\/product"}],"replies":[{"embeddable":true,"href":"https:\/\/baldumarket.lt\/lt\/wp-json\/wp\/v2\/comments?post=263051"}],"wp:attachment":[{"href":"https:\/\/baldumarket.lt\/lt\/wp-json\/wp\/v2\/media?parent=263051"}],"wp:term":[{"taxonomy":"product_brand","embeddable":true,"href":"https:\/\/baldumarket.lt\/lt\/wp-json\/wp\/v2\/product_brand?post=263051"},{"taxonomy":"product_cat","embeddable":true,"href":"https:\/\/baldumarket.lt\/lt\/wp-json\/wp\/v2\/product_cat?post=263051"},{"taxonomy":"product_tag","embeddable":true,"href":"https:\/\/baldumarket.lt\/lt\/wp-json\/wp\/v2\/product_tag?post=263051"}],"curies":[{"name":"wp","href":"https:\/\/api.w.org\/{rel}","templated":true}]}}