{"id":263046,"date":"2026-01-13T23:34:46","date_gmt":"2026-01-13T20:34:46","guid":{"rendered":"https:\/\/baldumarket.lt\/product\/oswietlenie-led-do-witryn-zenda-bialy-cieply-3000k\/"},"modified":"2026-02-11T18:19:09","modified_gmt":"2026-02-11T15:19:09","slug":"oswietlenie-led-do-witryn-zenda-bialy-cieply-3000k","status":"publish","type":"product","link":"https:\/\/baldumarket.lt\/lt\/product\/oswietlenie-led-do-witryn-zenda-bialy-cieply-3000k\/","title":{"rendered":"\u201eZenda\u201c LED vitrinos ap\u0161vietimas, \u0161iltai balta 3000K"},"content":{"rendered":"<p>ZENDA vitrinos ap\u0161vietimas \u2013 subtilus interjero patobulinimas. 3000 K \u0161iltai baltas LED ap\u0161vietimas puikiai papildo ZENDA vitrin\u0105. Sukurkite jauki\u0105 atmosfer\u0105 ir pabr\u0117\u017ekite eksponuojam\u0173 daikt\u0173 gro\u017e\u012f.<\/p>\n<p>Prek\u0117s kodas S617-REG1D1W_OPCJA-BI3K Kolekcija \u201eZenda\u201c Spalva \u0161iltai balta 3000K Atspalvis tamsi mediena Stilius modernus Med\u017eiaga laminatas Gamintojas Juoda Raudona Balta Baldo tipas Bald\u0173 ap\u0161vietimas PVM 23%<\/p>","protected":false},"excerpt":{"rendered":"<p>ZENDA vitrinos ap\u0161vietimas \u2013 subtilus interjero patobulinimas. 3000 K \u0161iltai baltas LED ap\u0161vietimas puikiai papildo ZENDA vitrin\u0105. Sukurkite jauki\u0105 atmosfer\u0105 ir i\u0161ry\u0161kinkite eksponuojam\u0173 daikt\u0173 gro\u017e\u012f. Prek\u0117s kodas S617-REG1D1W_OPCJA-BI3K Kolekcija Zenda Spalva \u0161iltai balta 3000 K Atspalvis tamsus medis Stilius modernus Med\u017eiaga laminatas Gamintojas Juoda Raudona [\u2026]<\/p>","protected":false},"featured_media":0,"comment_status":"open","ping_status":"open","template":"","meta":[],"product_brand":[],"product_cat":[9200,1043],"product_tag":[],"class_list":{"0":"post-263046","1":"product","2":"type-product","3":"status-publish","5":"product_cat-black-red-white","6":"product_cat-extras","8":"first","9":"instock","10":"purchasable","11":"product-type-simple"},"_links":{"self":[{"href":"https:\/\/baldumarket.lt\/lt\/wp-json\/wp\/v2\/product\/263046","targetHints":{"allow":["GET"]}}],"collection":[{"href":"https:\/\/baldumarket.lt\/lt\/wp-json\/wp\/v2\/product"}],"about":[{"href":"https:\/\/baldumarket.lt\/lt\/wp-json\/wp\/v2\/types\/product"}],"replies":[{"embeddable":true,"href":"https:\/\/baldumarket.lt\/lt\/wp-json\/wp\/v2\/comments?post=263046"}],"wp:attachment":[{"href":"https:\/\/baldumarket.lt\/lt\/wp-json\/wp\/v2\/media?parent=263046"}],"wp:term":[{"taxonomy":"product_brand","embeddable":true,"href":"https:\/\/baldumarket.lt\/lt\/wp-json\/wp\/v2\/product_brand?post=263046"},{"taxonomy":"product_cat","embeddable":true,"href":"https:\/\/baldumarket.lt\/lt\/wp-json\/wp\/v2\/product_cat?post=263046"},{"taxonomy":"product_tag","embeddable":true,"href":"https:\/\/baldumarket.lt\/lt\/wp-json\/wp\/v2\/product_tag?post=263046"}],"curies":[{"name":"wp","href":"https:\/\/api.w.org\/{rel}","templated":true}]}}