{"id":263039,"date":"2026-01-13T23:34:39","date_gmt":"2026-01-13T20:34:39","guid":{"rendered":"https:\/\/baldumarket.lt\/product\/oswietlenie-led-do-polki-szklanej-w-witrynach-systemu-64-bialy-cieply-3000k\/"},"modified":"2026-02-11T18:19:09","modified_gmt":"2026-02-11T15:19:09","slug":"oswietlenie-led-do-polki-szklanej-w-witrynach-systemu-64-bialy-cieply-3000k","status":"publish","type":"product","link":"https:\/\/baldumarket.lt\/lt\/product\/oswietlenie-led-do-polki-szklanej-w-witrynach-systemu-64-bialy-cieply-3000k\/","title":{"rendered":"LED ap\u0161vietimas stiklin\u0117ms lentynoms \u201eSystem 64\u201c vitrinose, \u0161iltai balta 3000K"},"content":{"rendered":"<p>LED ap\u0161vietimas \u2013 \u201eSystem 64\u201c. Papildomas ta\u0161kinis ap\u0161vietimas vitrinoms su stikline lentyna i\u0161 \u201eSystem 64\u201c kolekcijos. Pasirinkus LED ap\u0161vietim\u0105, vitrinos vidus nu\u0161vis atmosferine \u0161viesa, kuri suteiks kambariui jaukumo. Specialios savyb\u0117s: tipas: LED ap\u0161vietimas, \u0161viesos spalva: \u0161iltai balta 3000, kiekis: 1 x ZETA S3S \u0161viestuvas + 3,6 W maitinimo \u0161altinis su kojiniu jungikliu, skirtas: \u201eSustemu 64\u201c vitrinoms su stikline lentyna.<\/p>\n<p>Prek\u0117s kodas S00-ZETA_S3S_LED1_F-BI3K Surinkimo sistema 64 Gamintojas Juoda Raudona Balta Bald\u0173 tipas Bald\u0173 ap\u0161vietimas PVM 23% EAN 5906123128124<\/p>","protected":false},"excerpt":{"rendered":"<p>LED lighting &#8211; System 64. Additional single-point lighting for display cabinets with a glass shelf from the System 64 collection. If you choose LED lighting, the interior of the display cabinet will glow with atmospheric light, which will add a touch of coziness to the room. Special features: type: LED lighting, light color: warm white [&hellip;]<\/p>","protected":false},"featured_media":263040,"comment_status":"open","ping_status":"open","template":"","meta":[],"product_brand":[],"product_cat":[9200,1043],"product_tag":[],"class_list":{"0":"post-263039","1":"product","2":"type-product","3":"status-publish","4":"has-post-thumbnail","6":"product_cat-black-red-white","7":"product_cat-extras","9":"first","10":"instock","11":"purchasable","12":"product-type-simple"},"_links":{"self":[{"href":"https:\/\/baldumarket.lt\/lt\/wp-json\/wp\/v2\/product\/263039","targetHints":{"allow":["GET"]}}],"collection":[{"href":"https:\/\/baldumarket.lt\/lt\/wp-json\/wp\/v2\/product"}],"about":[{"href":"https:\/\/baldumarket.lt\/lt\/wp-json\/wp\/v2\/types\/product"}],"replies":[{"embeddable":true,"href":"https:\/\/baldumarket.lt\/lt\/wp-json\/wp\/v2\/comments?post=263039"}],"wp:featuredmedia":[{"embeddable":true,"href":"https:\/\/baldumarket.lt\/lt\/wp-json\/wp\/v2\/media\/263040"}],"wp:attachment":[{"href":"https:\/\/baldumarket.lt\/lt\/wp-json\/wp\/v2\/media?parent=263039"}],"wp:term":[{"taxonomy":"product_brand","embeddable":true,"href":"https:\/\/baldumarket.lt\/lt\/wp-json\/wp\/v2\/product_brand?post=263039"},{"taxonomy":"product_cat","embeddable":true,"href":"https:\/\/baldumarket.lt\/lt\/wp-json\/wp\/v2\/product_cat?post=263039"},{"taxonomy":"product_tag","embeddable":true,"href":"https:\/\/baldumarket.lt\/lt\/wp-json\/wp\/v2\/product_tag?post=263039"}],"curies":[{"name":"wp","href":"https:\/\/api.w.org\/{rel}","templated":true}]}}