{"id":263037,"date":"2026-01-13T23:34:37","date_gmt":"2026-01-13T20:34:37","guid":{"rendered":"https:\/\/baldumarket.lt\/product\/oswietlenie-led-do-komody-ruso-kom3w3d-2\/"},"modified":"2026-02-11T18:19:09","modified_gmt":"2026-02-11T15:19:09","slug":"oswietlenie-led-do-komody-ruso-kom3w3d-2","status":"publish","type":"product","link":"https:\/\/baldumarket.lt\/lt\/product\/oswietlenie-led-do-komody-ruso-kom3w3d-2\/","title":{"rendered":"LED ap\u0161vietimas komodai RUSO KOM3W3D"},"content":{"rendered":"<p>Prisegamas ap\u0161vietimas stiklin\u0117ms lentynoms KOM3W3D vitrinoje i\u0161 \u201eRuso\u201c kolekcijos.<\/p>\n<p>Prek\u0117s kodas S407-KOM3W3D_OPCJA2-BI3K Simbolis ZM EAN Kolekcija Ruso Spalva \u0161iltai balta 3000K Gamintojas Juoda Raudona Balta Baldo tipas Komodos PVM 23% EAN 5906123944458<\/p>","protected":false},"excerpt":{"rendered":"<p>Prisegamas \u0161viestuvas stiklin\u0117ms lentynoms KOM3W3D vitrinoje i\u0161 \u201eRuso\u201c kolekcijos. Prek\u0117s kodas S407-KOM3W3D_OPCJA2-BI3K Simbolis ZM EAN Kolekcija \u201eRuso\u201c Spalva \u0161iltai balta 3000K Gamintojas Juoda Raudona Balta Baldo tipas Komodos PVM 23% EAN 5906123944458<\/p>","protected":false},"featured_media":0,"comment_status":"open","ping_status":"open","template":"","meta":[],"product_brand":[],"product_cat":[9200,1043],"product_tag":[],"class_list":{"0":"post-263037","1":"product","2":"type-product","3":"status-publish","5":"product_cat-black-red-white","6":"product_cat-extras","8":"first","9":"instock","10":"purchasable","11":"product-type-simple"},"_links":{"self":[{"href":"https:\/\/baldumarket.lt\/lt\/wp-json\/wp\/v2\/product\/263037","targetHints":{"allow":["GET"]}}],"collection":[{"href":"https:\/\/baldumarket.lt\/lt\/wp-json\/wp\/v2\/product"}],"about":[{"href":"https:\/\/baldumarket.lt\/lt\/wp-json\/wp\/v2\/types\/product"}],"replies":[{"embeddable":true,"href":"https:\/\/baldumarket.lt\/lt\/wp-json\/wp\/v2\/comments?post=263037"}],"wp:attachment":[{"href":"https:\/\/baldumarket.lt\/lt\/wp-json\/wp\/v2\/media?parent=263037"}],"wp:term":[{"taxonomy":"product_brand","embeddable":true,"href":"https:\/\/baldumarket.lt\/lt\/wp-json\/wp\/v2\/product_brand?post=263037"},{"taxonomy":"product_cat","embeddable":true,"href":"https:\/\/baldumarket.lt\/lt\/wp-json\/wp\/v2\/product_cat?post=263037"},{"taxonomy":"product_tag","embeddable":true,"href":"https:\/\/baldumarket.lt\/lt\/wp-json\/wp\/v2\/product_tag?post=263037"}],"curies":[{"name":"wp","href":"https:\/\/api.w.org\/{rel}","templated":true}]}}