{"id":263034,"date":"2026-01-13T23:34:34","date_gmt":"2026-01-13T20:34:34","guid":{"rendered":"https:\/\/baldumarket.lt\/product\/oswietlenie-do-witryny-reg2d1w-forn\/"},"modified":"2026-02-11T18:19:10","modified_gmt":"2026-02-11T15:19:10","slug":"oswietlenie-do-witryny-reg2d1w-forn","status":"publish","type":"product","link":"https:\/\/baldumarket.lt\/lt\/product\/oswietlenie-do-witryny-reg2d1w-forn\/","title":{"rendered":"REG2D1W FORN vitrinos ap\u0161vietimas"},"content":{"rendered":"<p>Energij\u0105 taupantis LED ap\u0161vietimas REG2D1W FORN vitrinai.<\/p>\n<p>Prek\u0117s kodas S471-REG2D1W_OPCJA-BI4K Simbolis ZM EAN Kolekcija Forn Gamintojas Juoda Raudona Balta Bald\u0173 tipas Lentynos ir vitrinos PVM 23% EAN 5906123705943<\/p>","protected":false},"excerpt":{"rendered":"<p>Energij\u0105 taupantis LED ap\u0161vietimas vitrinai REG2D1W FORN. Prek\u0117s kodas S471-REG2D1W_OPCJA-BI4K Simbolis ZM EAN Kolekcija Forn Gamintojas Juoda Raudona Balta Bald\u0173 tipas Lentynos ir vitrinos PVM 23% EAN 5906123705943<\/p>","protected":false},"featured_media":0,"comment_status":"open","ping_status":"open","template":"","meta":[],"product_brand":[],"product_cat":[9200,1043],"product_tag":[],"class_list":{"0":"post-263034","1":"product","2":"type-product","3":"status-publish","5":"product_cat-black-red-white","6":"product_cat-extras","8":"first","9":"instock","10":"purchasable","11":"product-type-simple"},"_links":{"self":[{"href":"https:\/\/baldumarket.lt\/lt\/wp-json\/wp\/v2\/product\/263034","targetHints":{"allow":["GET"]}}],"collection":[{"href":"https:\/\/baldumarket.lt\/lt\/wp-json\/wp\/v2\/product"}],"about":[{"href":"https:\/\/baldumarket.lt\/lt\/wp-json\/wp\/v2\/types\/product"}],"replies":[{"embeddable":true,"href":"https:\/\/baldumarket.lt\/lt\/wp-json\/wp\/v2\/comments?post=263034"}],"wp:attachment":[{"href":"https:\/\/baldumarket.lt\/lt\/wp-json\/wp\/v2\/media?parent=263034"}],"wp:term":[{"taxonomy":"product_brand","embeddable":true,"href":"https:\/\/baldumarket.lt\/lt\/wp-json\/wp\/v2\/product_brand?post=263034"},{"taxonomy":"product_cat","embeddable":true,"href":"https:\/\/baldumarket.lt\/lt\/wp-json\/wp\/v2\/product_cat?post=263034"},{"taxonomy":"product_tag","embeddable":true,"href":"https:\/\/baldumarket.lt\/lt\/wp-json\/wp\/v2\/product_tag?post=263034"}],"curies":[{"name":"wp","href":"https:\/\/api.w.org\/{rel}","templated":true}]}}