{"id":263032,"date":"2026-01-13T23:34:33","date_gmt":"2026-01-13T20:34:33","guid":{"rendered":"https:\/\/baldumarket.lt\/product\/oswietlenie-do-witryny-reg1d1w-90-nepo-plus\/"},"modified":"2026-02-11T18:19:10","modified_gmt":"2026-02-11T15:19:10","slug":"oswietlenie-do-witryny-reg1d1w-90-nepo-plus","status":"publish","type":"product","link":"https:\/\/baldumarket.lt\/lt\/product\/oswietlenie-do-witryny-reg1d1w-90-nepo-plus\/","title":{"rendered":"Vitrinos ap\u0161vietimas REG1D1W\/90 NEPO PLUS"},"content":{"rendered":"<p>LED ap\u0161vietimas vitrinai i\u0161 NEPO PLUS kolekcijos. Papildomas ap\u0161vietimas vitrinai REG1D1W\/90 i\u0161 NEPO PLUS kolekcijos.<\/p>\n<p>Prek\u0117s kodas S435-REG1D1W\/90_OPCJA-BI4K Simbolis ZM EAN Kolekcija Nepo Plus Stilius modernus Gamintojas Juoda Raudona Balta Bald\u0173 tipas Bald\u0173 ap\u0161vietimas PVM 23% EAN 5906123949569<\/p>","protected":false},"excerpt":{"rendered":"<p>LED ap\u0161vietimas vitrinai i\u0161 NEPO PLUS kolekcijos. Papildomas ap\u0161vietimas vitrinai REG1D1W\/90 i\u0161 NEPO PLUS kolekcijos. Prek\u0117s kodas S435-REG1D1W\/90_OPCJA-BI4K Simbolis ZM EAN Kolekcija Nepo Plus Stilius modernus Gamintojas Juoda Raudona Balta Bald\u0173 tipas Bald\u0173 ap\u0161vietimas PVM 23% EAN 5906123949569<\/p>","protected":false},"featured_media":0,"comment_status":"open","ping_status":"open","template":"","meta":[],"product_brand":[],"product_cat":[9200,1043],"product_tag":[],"class_list":{"0":"post-263032","1":"product","2":"type-product","3":"status-publish","5":"product_cat-black-red-white","6":"product_cat-extras","8":"first","9":"instock","10":"purchasable","11":"product-type-simple"},"_links":{"self":[{"href":"https:\/\/baldumarket.lt\/lt\/wp-json\/wp\/v2\/product\/263032","targetHints":{"allow":["GET"]}}],"collection":[{"href":"https:\/\/baldumarket.lt\/lt\/wp-json\/wp\/v2\/product"}],"about":[{"href":"https:\/\/baldumarket.lt\/lt\/wp-json\/wp\/v2\/types\/product"}],"replies":[{"embeddable":true,"href":"https:\/\/baldumarket.lt\/lt\/wp-json\/wp\/v2\/comments?post=263032"}],"wp:attachment":[{"href":"https:\/\/baldumarket.lt\/lt\/wp-json\/wp\/v2\/media?parent=263032"}],"wp:term":[{"taxonomy":"product_brand","embeddable":true,"href":"https:\/\/baldumarket.lt\/lt\/wp-json\/wp\/v2\/product_brand?post=263032"},{"taxonomy":"product_cat","embeddable":true,"href":"https:\/\/baldumarket.lt\/lt\/wp-json\/wp\/v2\/product_cat?post=263032"},{"taxonomy":"product_tag","embeddable":true,"href":"https:\/\/baldumarket.lt\/lt\/wp-json\/wp\/v2\/product_tag?post=263032"}],"curies":[{"name":"wp","href":"https:\/\/api.w.org\/{rel}","templated":true}]}}