{"id":263031,"date":"2026-01-13T23:34:32","date_gmt":"2026-01-13T20:34:32","guid":{"rendered":"https:\/\/baldumarket.lt\/product\/oswietlenie-do-witryny-reg1d1w-torin\/"},"modified":"2026-02-11T18:19:10","modified_gmt":"2026-02-11T15:19:10","slug":"oswietlenie-do-witryny-reg1d1w-torin","status":"publish","type":"product","link":"https:\/\/baldumarket.lt\/lt\/product\/oswietlenie-do-witryny-reg1d1w-torin\/","title":{"rendered":"REG1D1W TORIN vitrinos ap\u0161vietimas"},"content":{"rendered":"<p>Vitrinos ap\u0161vietimas REG1D1I\u0161 \u201eTorin\u201c kolekcijos.<\/p>\n<p>Prek\u0117s kodas S481-REG1D1W_OPCJA-BI3K Simbolis ZM EAN Kolekcija Torin Spalva \u0161iltai balta 3000K Gamintojas Juoda Raudona Balta Bald\u0173 tipas Lentynos ir vitrinos PVM 23% EAN 5906123708043<\/p>","protected":false},"excerpt":{"rendered":"<p>Display cabinet lightingREG1D1From the Torin collection. Product code S481-REG1D1W_OPCJA-BI3K Symbol ZM EAN Collection Torin Color warm white 3000K Manufacturer Black Red White Furniture type Shelves and display cabinets VAT 23% EAN 5906123708043<\/p>","protected":false},"featured_media":0,"comment_status":"open","ping_status":"open","template":"","meta":[],"product_brand":[],"product_cat":[9200,1043],"product_tag":[],"class_list":{"0":"post-263031","1":"product","2":"type-product","3":"status-publish","5":"product_cat-black-red-white","6":"product_cat-extras","8":"first","9":"instock","10":"purchasable","11":"product-type-simple"},"_links":{"self":[{"href":"https:\/\/baldumarket.lt\/lt\/wp-json\/wp\/v2\/product\/263031","targetHints":{"allow":["GET"]}}],"collection":[{"href":"https:\/\/baldumarket.lt\/lt\/wp-json\/wp\/v2\/product"}],"about":[{"href":"https:\/\/baldumarket.lt\/lt\/wp-json\/wp\/v2\/types\/product"}],"replies":[{"embeddable":true,"href":"https:\/\/baldumarket.lt\/lt\/wp-json\/wp\/v2\/comments?post=263031"}],"wp:attachment":[{"href":"https:\/\/baldumarket.lt\/lt\/wp-json\/wp\/v2\/media?parent=263031"}],"wp:term":[{"taxonomy":"product_brand","embeddable":true,"href":"https:\/\/baldumarket.lt\/lt\/wp-json\/wp\/v2\/product_brand?post=263031"},{"taxonomy":"product_cat","embeddable":true,"href":"https:\/\/baldumarket.lt\/lt\/wp-json\/wp\/v2\/product_cat?post=263031"},{"taxonomy":"product_tag","embeddable":true,"href":"https:\/\/baldumarket.lt\/lt\/wp-json\/wp\/v2\/product_tag?post=263031"}],"curies":[{"name":"wp","href":"https:\/\/api.w.org\/{rel}","templated":true}]}}