{"id":263027,"date":"2026-01-13T23:34:29","date_gmt":"2026-01-13T20:34:29","guid":{"rendered":"https:\/\/baldumarket.lt\/product\/oswietlenie-do-witryny-niskiej-kassel-100-cm-dab-monastery-dab-czarny\/"},"modified":"2026-02-11T18:19:10","modified_gmt":"2026-02-11T15:19:10","slug":"oswietlenie-do-witryny-niskiej-kassel-100-cm-dab-monastery-dab-czarny","status":"publish","type":"product","link":"https:\/\/baldumarket.lt\/lt\/product\/oswietlenie-do-witryny-niskiej-kassel-100-cm-dab-monastery-dab-czarny\/","title":{"rendered":"\u017demos vitrinos KASSEL ap\u0161vietimas, 100 cm, vienuolyno \u0105\u017euolas\/juodas \u0105\u017euolas"},"content":{"rendered":"<p>\u201eKassel Lighting\u201c LED ap\u0161vietimas po stalvir\u0161iu, specialiai sukurtas i\u0161skirtin\u0117s \u201eKassel\u201c kolekcijos vitrinai S491-REG2D2W-DMON\/DCA, yra modernus ap\u0161vietimo sprendimas, kuris i\u0161ry\u0161kina ir pagerina \u0161io baldo savybes.<\/p>\n<p>Prek\u0117s kodas S491-REG2D2W_OPCJA-BI4K Simbolis ZM EAN Kolekcija Kassel Neutrali spalva 4200K Gamintojas Juoda Raudona Balta Bald\u0173 tipas Lentynos ir vitrinos PVM 23% EAN 5906123709583<\/p>","protected":false},"excerpt":{"rendered":"<p>Kassel LightingThe LED under-counter lighting, designed specifically for the S491-REG2D2W-DMON\/DCA display cabinet from the exclusive Kassel collection, is a modern lighting solution that highlights and enhances the qualities of this piece of furniture. Product code S491-REG2D2W_OPCJA-BI4K Symbol ZM EAN Collection Kassel Neutral color 4200K Manufacturer Black Red White Furniture type Shelves and display cabinets VAT [&hellip;]<\/p>","protected":false},"featured_media":0,"comment_status":"open","ping_status":"open","template":"","meta":[],"product_brand":[],"product_cat":[9200,1043],"product_tag":[],"class_list":{"0":"post-263027","1":"product","2":"type-product","3":"status-publish","5":"product_cat-black-red-white","6":"product_cat-extras","8":"first","9":"instock","10":"purchasable","11":"product-type-simple"},"_links":{"self":[{"href":"https:\/\/baldumarket.lt\/lt\/wp-json\/wp\/v2\/product\/263027","targetHints":{"allow":["GET"]}}],"collection":[{"href":"https:\/\/baldumarket.lt\/lt\/wp-json\/wp\/v2\/product"}],"about":[{"href":"https:\/\/baldumarket.lt\/lt\/wp-json\/wp\/v2\/types\/product"}],"replies":[{"embeddable":true,"href":"https:\/\/baldumarket.lt\/lt\/wp-json\/wp\/v2\/comments?post=263027"}],"wp:attachment":[{"href":"https:\/\/baldumarket.lt\/lt\/wp-json\/wp\/v2\/media?parent=263027"}],"wp:term":[{"taxonomy":"product_brand","embeddable":true,"href":"https:\/\/baldumarket.lt\/lt\/wp-json\/wp\/v2\/product_brand?post=263027"},{"taxonomy":"product_cat","embeddable":true,"href":"https:\/\/baldumarket.lt\/lt\/wp-json\/wp\/v2\/product_cat?post=263027"},{"taxonomy":"product_tag","embeddable":true,"href":"https:\/\/baldumarket.lt\/lt\/wp-json\/wp\/v2\/product_tag?post=263027"}],"curies":[{"name":"wp","href":"https:\/\/api.w.org\/{rel}","templated":true}]}}