{"id":263026,"date":"2026-01-13T23:34:28","date_gmt":"2026-01-13T20:34:28","guid":{"rendered":"https:\/\/baldumarket.lt\/product\/oswietlenie-do-witryny-jednodrzwiowej-nuis\/"},"modified":"2026-02-11T18:19:10","modified_gmt":"2026-02-11T15:19:10","slug":"oswietlenie-do-witryny-jednodrzwiowej-nuis","status":"publish","type":"product","link":"https:\/\/baldumarket.lt\/lt\/product\/oswietlenie-do-witryny-jednodrzwiowej-nuis\/","title":{"rendered":"Vien\u0173 dur\u0173 vitrinos NUIS ap\u0161vietimas"},"content":{"rendered":"<p>Vitrinos ap\u0161vietimas i\u0161 \u201eNuis\u201c kolekcijos.<\/p>\n<p>Prek\u0117s kodas S396-REG1D1W_OPCJA-BI3K Simbolis ZM EAN Kolekcija Nuis Spalva \u0161iltai balta 3000K Gamintojas Juoda Raudona Balta Bald\u0173 tipas Lentynos ir vitrinos PVM 23% EAN 5906123929622<\/p>","protected":false},"excerpt":{"rendered":"<p>Display cabinet lighting from the Nuis collection. Product code S396-REG1D1W_OPCJA-BI3K Symbol ZM EAN Collection Nuis Color warm white 3000K Manufacturer Black Red White Furniture type Shelves and display cabinets VAT 23% EAN 5906123929622<\/p>","protected":false},"featured_media":0,"comment_status":"open","ping_status":"open","template":"","meta":[],"product_brand":[],"product_cat":[9200,1043],"product_tag":[],"class_list":{"0":"post-263026","1":"product","2":"type-product","3":"status-publish","5":"product_cat-black-red-white","6":"product_cat-extras","8":"first","9":"instock","10":"purchasable","11":"product-type-simple"},"_links":{"self":[{"href":"https:\/\/baldumarket.lt\/lt\/wp-json\/wp\/v2\/product\/263026","targetHints":{"allow":["GET"]}}],"collection":[{"href":"https:\/\/baldumarket.lt\/lt\/wp-json\/wp\/v2\/product"}],"about":[{"href":"https:\/\/baldumarket.lt\/lt\/wp-json\/wp\/v2\/types\/product"}],"replies":[{"embeddable":true,"href":"https:\/\/baldumarket.lt\/lt\/wp-json\/wp\/v2\/comments?post=263026"}],"wp:attachment":[{"href":"https:\/\/baldumarket.lt\/lt\/wp-json\/wp\/v2\/media?parent=263026"}],"wp:term":[{"taxonomy":"product_brand","embeddable":true,"href":"https:\/\/baldumarket.lt\/lt\/wp-json\/wp\/v2\/product_brand?post=263026"},{"taxonomy":"product_cat","embeddable":true,"href":"https:\/\/baldumarket.lt\/lt\/wp-json\/wp\/v2\/product_cat?post=263026"},{"taxonomy":"product_tag","embeddable":true,"href":"https:\/\/baldumarket.lt\/lt\/wp-json\/wp\/v2\/product_tag?post=263026"}],"curies":[{"name":"wp","href":"https:\/\/api.w.org\/{rel}","templated":true}]}}