{"id":263025,"date":"2026-01-13T23:34:27","date_gmt":"2026-01-13T20:34:27","guid":{"rendered":"https:\/\/baldumarket.lt\/product\/oswietlenie-do-witryny-dwudrzwiowej-nuis\/"},"modified":"2026-02-11T18:19:11","modified_gmt":"2026-02-11T15:19:11","slug":"oswietlenie-do-witryny-dwudrzwiowej-nuis","status":"publish","type":"product","link":"https:\/\/baldumarket.lt\/lt\/product\/oswietlenie-do-witryny-dwudrzwiowej-nuis\/","title":{"rendered":"Ap\u0161vietimas NUIS dviej\u0173 dur\u0173 vitrinai"},"content":{"rendered":"<p>Vitrinos ap\u0161vietimas i\u0161 \u201eNuis\u201c kolekcijos.<\/p>\n<p>Prek\u0117s kodas S396-REG2D2W_OPCJA-BI3K Simbolis ZM EAN Kolekcija Nuis Spalva \u0161iltai balta 3000K Gamintojas Juoda Raudona Balta Bald\u0173 tipas Lentynos ir vitrinos PVM 23% EAN 5906123929684<\/p>","protected":false},"excerpt":{"rendered":"<p>Vitrinini\u0173 spinteli\u0173 ap\u0161vietimas i\u0161 \u201eNuis\u201c kolekcijos. Prek\u0117s kodas S396-REG2D2W_OPCJA-BI3K Simbolis ZM EAN Kolekcija \u201eNuis\u201c Spalva \u0161iltai balta 3000K Gamintojas Juoda Raudona Balta Bald\u0173 tipas Lentynos ir vitrinos PVM 23% EAN 5906123929684<\/p>","protected":false},"featured_media":0,"comment_status":"open","ping_status":"open","template":"","meta":[],"product_brand":[],"product_cat":[9200,1043],"product_tag":[],"class_list":{"0":"post-263025","1":"product","2":"type-product","3":"status-publish","5":"product_cat-black-red-white","6":"product_cat-extras","8":"first","9":"instock","10":"purchasable","11":"product-type-simple"},"_links":{"self":[{"href":"https:\/\/baldumarket.lt\/lt\/wp-json\/wp\/v2\/product\/263025","targetHints":{"allow":["GET"]}}],"collection":[{"href":"https:\/\/baldumarket.lt\/lt\/wp-json\/wp\/v2\/product"}],"about":[{"href":"https:\/\/baldumarket.lt\/lt\/wp-json\/wp\/v2\/types\/product"}],"replies":[{"embeddable":true,"href":"https:\/\/baldumarket.lt\/lt\/wp-json\/wp\/v2\/comments?post=263025"}],"wp:attachment":[{"href":"https:\/\/baldumarket.lt\/lt\/wp-json\/wp\/v2\/media?parent=263025"}],"wp:term":[{"taxonomy":"product_brand","embeddable":true,"href":"https:\/\/baldumarket.lt\/lt\/wp-json\/wp\/v2\/product_brand?post=263025"},{"taxonomy":"product_cat","embeddable":true,"href":"https:\/\/baldumarket.lt\/lt\/wp-json\/wp\/v2\/product_cat?post=263025"},{"taxonomy":"product_tag","embeddable":true,"href":"https:\/\/baldumarket.lt\/lt\/wp-json\/wp\/v2\/product_tag?post=263025"}],"curies":[{"name":"wp","href":"https:\/\/api.w.org\/{rel}","templated":true}]}}