{"id":263024,"date":"2026-01-13T23:34:27","date_gmt":"2026-01-13T20:34:27","guid":{"rendered":"https:\/\/baldumarket.lt\/product\/oswietlenie-do-witryny-dwudrzwiowej-kassel-60-cm\/"},"modified":"2026-02-11T18:19:10","modified_gmt":"2026-02-11T15:19:10","slug":"oswietlenie-do-witryny-dwudrzwiowej-kassel-60-cm","status":"publish","type":"product","link":"https:\/\/baldumarket.lt\/lt\/product\/oswietlenie-do-witryny-dwudrzwiowej-kassel-60-cm\/","title":{"rendered":"Ap\u0161vietimas dviej\u0173 dur\u0173 vitrinai KASSEL 60 cm"},"content":{"rendered":"<p>\u201eKassel Lighting\u201cPo stalvir\u0161iu montuojamas ap\u0161vietimas, specialiai sukurtas i\u0161skirtin\u0117s \u201eKassel\u201c kolekcijos vitrinai S491-REG1D1W-DMON\/DCA, yra moderni ap\u0161vietimo alternatyva.<\/p>\n<p>Prek\u0117s kodas S491-REG1D1W_OPCJA-BI4K Simbolis ZM EAN Kolekcija Kassel Neutrali spalva 4200K Gamintojas Juoda Raudona Balta Bald\u0173 tipas Lentynos ir vitrinos PVM 23% EAN 5906123709538<\/p>","protected":false},"excerpt":{"rendered":"<p>\u201eKassel Lighting\u201cPo stalvir\u0161iu montuojamas ap\u0161vietimas, specialiai sukurtas i\u0161skirtin\u0117s \u201eKassel\u201c kolekcijos vitrinai S491-REG1D1W-DMON\/DCA, yra moderni ap\u0161vietimo alternatyva. Prek\u0117s kodas S491-REG1D1W_OPCJA-BI4K Simbolis ZM EAN Kolekcija \u201eKassel\u201c Neutrali spalva 4200K Gamintojas Juoda Raudona Balta Bald\u0173 tipas Lentynos ir vitrinos PVM 23% EAN 5906123709538<\/p>","protected":false},"featured_media":0,"comment_status":"open","ping_status":"open","template":"","meta":[],"product_brand":[],"product_cat":[9200,1043],"product_tag":[],"class_list":{"0":"post-263024","1":"product","2":"type-product","3":"status-publish","5":"product_cat-black-red-white","6":"product_cat-extras","8":"first","9":"instock","10":"purchasable","11":"product-type-simple"},"_links":{"self":[{"href":"https:\/\/baldumarket.lt\/lt\/wp-json\/wp\/v2\/product\/263024","targetHints":{"allow":["GET"]}}],"collection":[{"href":"https:\/\/baldumarket.lt\/lt\/wp-json\/wp\/v2\/product"}],"about":[{"href":"https:\/\/baldumarket.lt\/lt\/wp-json\/wp\/v2\/types\/product"}],"replies":[{"embeddable":true,"href":"https:\/\/baldumarket.lt\/lt\/wp-json\/wp\/v2\/comments?post=263024"}],"wp:attachment":[{"href":"https:\/\/baldumarket.lt\/lt\/wp-json\/wp\/v2\/media?parent=263024"}],"wp:term":[{"taxonomy":"product_brand","embeddable":true,"href":"https:\/\/baldumarket.lt\/lt\/wp-json\/wp\/v2\/product_brand?post=263024"},{"taxonomy":"product_cat","embeddable":true,"href":"https:\/\/baldumarket.lt\/lt\/wp-json\/wp\/v2\/product_cat?post=263024"},{"taxonomy":"product_tag","embeddable":true,"href":"https:\/\/baldumarket.lt\/lt\/wp-json\/wp\/v2\/product_tag?post=263024"}],"curies":[{"name":"wp","href":"https:\/\/api.w.org\/{rel}","templated":true}]}}