{"id":263023,"date":"2026-01-13T23:34:26","date_gmt":"2026-01-13T20:34:26","guid":{"rendered":"https:\/\/baldumarket.lt\/product\/naroznik-uniwersalny-z-pojemnikiem-na-posciel-rufio-poso-22-stalowy\/"},"modified":"2026-02-11T18:19:11","modified_gmt":"2026-02-11T15:19:11","slug":"naroznik-uniwersalny-z-pojemnikiem-na-posciel-rufio-poso-22-stalowy","status":"publish","type":"product","link":"https:\/\/baldumarket.lt\/lt\/product\/naroznik-uniwersalny-z-pojemnikiem-na-posciel-rufio-poso-22-stalowy\/","title":{"rendered":"Universali kampin\u0117 sofa su patalyn\u0117s d\u0117\u017ee RUFIO Poso 22 plienas"},"content":{"rendered":"<p>\u201eRufio\u201c kampin\u0117 sofa \u2013 auk\u0161\u010diausio lygio komfortas. M\u016bs\u0173 kampin\u0117 sofa \u2013 tai ne tik s\u0117dima vieta; tai vieta, kur patogumas dera su funkcionalumu, o estetika \u2013 su prakti\u0161kumu. Leiskite mums parodyti kelet\u0105 prie\u017eas\u010di\u0173, kod\u0117l m\u016bs\u0173 kampin\u0117 sofa i\u0161siskiria i\u0161 kit\u0173:<br \/>\n\u0160onin\u0119 konfig\u016bracij\u0105 (de\u0161in\u0117\/kair\u0117) pasirinkite pagal savo poreikius. Tokiu b\u016bdu kampin\u0117 sofa puikiai der\u0117s prie j\u016bs\u0173 gyvenamosios erdv\u0117s charakterio.<br \/>\n\u201eBonnell\u201c spyruokl\u0117s s\u0117dyn\u0117je ir \u010diu\u017einyje sukuria vienod\u0105 miegojimo pavir\u0161i\u0173, garantuojant komfort\u0105 ir patogum\u0105 per vis\u0105 kampin\u0117s sofos ilg\u012f. Du patalyn\u0117s skyriai suteikia papildomos vietos ne tik patalynei, bet ir rank\u0161luos\u010diams ar drabu\u017eiams, kuri\u0173 \u0161iuo metu ned\u0117vite. Prakti\u0161kas sprendimas norint tvarkingai susid\u0117ti daiktus.<br \/>\nPla\u010dios s\u0117dyn\u0117s padidina atsipalaidavimo plot\u0105, tod\u0117l galite patogiai atsipalaiduoti \u017ei\u016br\u0117dami film\u0105 ar ils\u0117damiesi. Auk\u0161ti porankiai suteikia stabili\u0105 ir patogi\u0105 atram\u0105, suteikdami prakti\u0161k\u0105 atram\u0105 skaitant m\u0117gstamas knygas. Dekoratyvin\u0117s vienos adatos si\u016bl\u0117s yra tobulai atlikta detal\u0117, sukurianti harmoning\u0105 ir esteti\u0161kai patraukli\u0105 i\u0161vaizd\u0105. Jos suteikia sofai unikal\u0173 charakter\u012f ir prabangos poj\u016bt\u012f j\u016bs\u0173 namams.<br \/>\nPakeltos kojel\u0117s palengvina prieig\u0105 prie grind\u0173 valymo metu. Jos leid\u017eia greitai ir efektyviai pa\u0161alinti ne\u0161varumus, lengvai naudojant \u201eiRobot\u201c ar kit\u0105 valymo \u012frang\u0105.<br \/>\nDekoratyvin\u0117s metalin\u0117s kojel\u0117s ne tik suteikia elegancijos, bet ir u\u017etikrina patvarum\u0105 bei tvirtum\u0105 kasdienio naudojimo metu. Jos suteikia stabil\u0173 ir saug\u0173 pagrind\u0105 kampinei sofai. M\u016bs\u0173 kampin\u0117 sofa yra ne tik baldas; tai komforto, funkcionalumo ir stiliaus centras. Rinkit\u0117s m\u016bs\u0173 kampin\u0119 sof\u0105, kad m\u0117gautum\u0117t\u0117s patogiu poilsiu, visi\u0161kai pritaikytu j\u016bs\u0173 poreikiams.<\/p>\n<p>Prek\u0117s kodas FL-NA-RUFIO-LX_2DL.URC-G2-POSO_22 Plotis 230 cm Gylis 146 cm S\u0117dyn\u0117s gylis 53-77 cm Auk\u0161tis 91 cm S\u0117dyn\u0117s auk\u0161tis 45 cm Kolekcija Rufio Spalva Posso 22 Atspalvis pilka Stilius modernus Med\u017eiaga audinys Miegamoji funkcija su miegojimo funkcija Miegamoji dalis 126\u00d7202 Indas su 1 indu Atsipalaidavimo funkcija be atsipalaidavimo funkcijos Reguliuojamas atlo\u0161as be Galvos atrama be galvos atramos U\u017epildas: bonell spyruokl\u0117\/putplastis Gamintojas: juoda Raudona Balta Bald\u0173 tipas: kampin\u0117s sofos PVM mok\u0117tojo kodas 23%<\/p>","protected":false},"excerpt":{"rendered":"<p>Rufio Corner Sofa &#8211; High-Level Comfort. Our corner sofa is not just a piece of seating; it&#8217;s a place where comfort meets functionality, and aesthetics go hand in hand with practicality. Let us show you a few reasons why our corner sofa stands out from the rest: Decide on the side configuration (right\/left) according to [&hellip;]<\/p>","protected":false},"featured_media":0,"comment_status":"open","ping_status":"open","template":"","meta":[],"product_brand":[],"product_cat":[9200,616],"product_tag":[],"class_list":{"0":"post-263023","1":"product","2":"type-product","3":"status-publish","5":"product_cat-black-red-white","6":"product_cat-corners","8":"first","9":"instock","10":"purchasable","11":"product-type-simple"},"_links":{"self":[{"href":"https:\/\/baldumarket.lt\/lt\/wp-json\/wp\/v2\/product\/263023","targetHints":{"allow":["GET"]}}],"collection":[{"href":"https:\/\/baldumarket.lt\/lt\/wp-json\/wp\/v2\/product"}],"about":[{"href":"https:\/\/baldumarket.lt\/lt\/wp-json\/wp\/v2\/types\/product"}],"replies":[{"embeddable":true,"href":"https:\/\/baldumarket.lt\/lt\/wp-json\/wp\/v2\/comments?post=263023"}],"wp:attachment":[{"href":"https:\/\/baldumarket.lt\/lt\/wp-json\/wp\/v2\/media?parent=263023"}],"wp:term":[{"taxonomy":"product_brand","embeddable":true,"href":"https:\/\/baldumarket.lt\/lt\/wp-json\/wp\/v2\/product_brand?post=263023"},{"taxonomy":"product_cat","embeddable":true,"href":"https:\/\/baldumarket.lt\/lt\/wp-json\/wp\/v2\/product_cat?post=263023"},{"taxonomy":"product_tag","embeddable":true,"href":"https:\/\/baldumarket.lt\/lt\/wp-json\/wp\/v2\/product_tag?post=263023"}],"curies":[{"name":"wp","href":"https:\/\/api.w.org\/{rel}","templated":true}]}}