{"id":263007,"date":"2026-01-13T23:34:13","date_gmt":"2026-01-13T20:34:13","guid":{"rendered":"https:\/\/baldumarket.lt\/product\/naroznik-uniwersalny-z-funkcja-spania-i-pojemnikiem-kirten-ciemnoszary\/"},"modified":"2026-02-11T18:19:11","modified_gmt":"2026-02-11T15:19:11","slug":"naroznik-uniwersalny-z-funkcja-spania-i-pojemnikiem-kirten-ciemnoszary","status":"publish","type":"product","link":"https:\/\/baldumarket.lt\/lt\/product\/naroznik-uniwersalny-z-funkcja-spania-i-pojemnikiem-kirten-ciemnoszary\/","title":{"rendered":"Universali kampin\u0117 sofa su miegojimo funkcija ir daiktad\u0117\u017ee KIRTEN tamsiai pilka"},"content":{"rendered":"<p>\u201eKirten\u201c kampin\u0117 sofa \u2013 modernus komfortas ir funkcionalumas. Komfortas ir funkcionalumas. Universali kampin\u0117 sofa \u201eKirten\u201c sukurta kasdieniam poilsiui. S\u0117dyn\u0117, u\u017epildyta putomis ir vingiuotomis spyruokl\u0117mis, suteikia komfort\u0105 ir tinkam\u0105 k\u016bno atram\u0105. Miegamoji funkcija, kurios matmenys 135 x 201 cm, leid\u017eia patogiai miegoti, o delfino stiliaus i\u0161lankstymo mechanizmas leid\u017eia greitai ir lengvai transformuotis \u012f lov\u0105. Praktin\u0117s savyb\u0117s. \u012emontuotas patalyn\u0117s skyrius leid\u017eia lengvai laikyti antklodes, pagalves ir apklotus, tod\u0117l j\u016bs\u0173 svetain\u0117 bus tvarkinga. Universalus kampin\u0117s sofos dizainas leid\u017eia j\u0105 pritaikyti tiek kairei, tiek de\u0161inei rankai, tod\u0117l ji prisitaiko prie kambario i\u0161planavimo. Dizainas ir stilius. \u201eOpium 98\u201c audinio apmu\u0161alai suteikia kampinei sofai eleganti\u0161k\u0105, moderni\u0105 i\u0161vaizd\u0105, kuri puikiai dera su \u012fvairiais interjero dizainais. Paprastos linijos ir prislopintos spalvos pabr\u0117\u017eia universal\u0173 baldo charakter\u012f. Specialios savyb\u0117s: Universali konfig\u016bracija \u2013 galima pastatyti kair\u0117je arba de\u0161in\u0117je pus\u0117je. Miegamoji funkcija \u2013 pavir\u0161iaus plotas 135 \u00d7 201 cm. Patalynei skirta laikymo vieta. Delfino stiliaus i\u0161lankstymo mechanizmas. U\u017epildas: putos ir vingiuotos spyruokl\u0117s. Apmu\u0161al\u0173 audinys: \u201eOpium 98\u201c. Modernus ir eleganti\u0161kas dizainas. Santrauka: \u201eKirten\u201c kampin\u0117 sofa yra stilingas ir prakti\u0161kas baldas, puikiai tinkantis kasdieniam naudojimui. D\u0117l miegojimo funkcijos, patalyn\u0117s laikymo vietos ir universalios konfig\u016bracijos tai puikus pasirinkimas moderniai svetainei.<\/p>\n<p>Prek\u0117s kodas FL-NA-KIRTEN_O-2F.URCBK-G2-OPIUM_98 Plotis 248 cm Gylis 162 cm S\u0117dyn\u0117s gylis 63 cm Auk\u0161tis 87 cm S\u0117dyn\u0117s auk\u0161tis 44 cm Kolekcija Kirten Spalva Opium 98 Grafito atspalvis Stilius modernus Med\u017eiaga vytel\u0117s Miegamoji funkcija su miegojimo funkcija Miegamoji dalis 135\u00d7201 Indas su 1 indu Atsipalaidavimo funkcija be atsipalaidavimo funkcijos Reguliuojamas atlo\u0161as ne Galvos atrama be galvos atramos U\u017epildas zigzago spyruokl\u0117\/putplastis Gamintojas Juoda Raudona Balta Bald\u0173 tipas Kampin\u0117s sofos PVM 23%<\/p>","protected":false},"excerpt":{"rendered":"<p>\u201eKirten\u201c kampin\u0117 sofa \u2013 modernus komfortas ir funkcionalumas. Komfortas ir funkcionalumas. Universali kampin\u0117 sofa \u201eKirten\u201c sukurta kasdieniam poilsiui. S\u0117dyn\u0117, u\u017epildyta putomis ir vingiuotomis spyruokl\u0117mis, suteikia komfort\u0105 ir tinkam\u0105 k\u016bno atram\u0105. Miegojimo funkcija, kurios matmenys 135 x 201 cm, leid\u017eia patogiai i\u0161simiegoti, o delfino formos i\u0161lankstymo mechanizmas leid\u017eia greitai ir [\u2026]<\/p>","protected":false},"featured_media":263008,"comment_status":"open","ping_status":"open","template":"","meta":[],"product_brand":[],"product_cat":[9200,616],"product_tag":[],"class_list":{"0":"post-263007","1":"product","2":"type-product","3":"status-publish","4":"has-post-thumbnail","6":"product_cat-black-red-white","7":"product_cat-corners","9":"first","10":"instock","11":"purchasable","12":"product-type-simple"},"_links":{"self":[{"href":"https:\/\/baldumarket.lt\/lt\/wp-json\/wp\/v2\/product\/263007","targetHints":{"allow":["GET"]}}],"collection":[{"href":"https:\/\/baldumarket.lt\/lt\/wp-json\/wp\/v2\/product"}],"about":[{"href":"https:\/\/baldumarket.lt\/lt\/wp-json\/wp\/v2\/types\/product"}],"replies":[{"embeddable":true,"href":"https:\/\/baldumarket.lt\/lt\/wp-json\/wp\/v2\/comments?post=263007"}],"wp:featuredmedia":[{"embeddable":true,"href":"https:\/\/baldumarket.lt\/lt\/wp-json\/wp\/v2\/media\/263008"}],"wp:attachment":[{"href":"https:\/\/baldumarket.lt\/lt\/wp-json\/wp\/v2\/media?parent=263007"}],"wp:term":[{"taxonomy":"product_brand","embeddable":true,"href":"https:\/\/baldumarket.lt\/lt\/wp-json\/wp\/v2\/product_brand?post=263007"},{"taxonomy":"product_cat","embeddable":true,"href":"https:\/\/baldumarket.lt\/lt\/wp-json\/wp\/v2\/product_cat?post=263007"},{"taxonomy":"product_tag","embeddable":true,"href":"https:\/\/baldumarket.lt\/lt\/wp-json\/wp\/v2\/product_tag?post=263007"}],"curies":[{"name":"wp","href":"https:\/\/api.w.org\/{rel}","templated":true}]}}