{"id":262999,"date":"2026-01-13T23:34:06","date_gmt":"2026-01-13T20:34:06","guid":{"rendered":"https:\/\/baldumarket.lt\/product\/naroznik-uniwersalny-z-funkcja-spania-i-pojemnikiem-kirsten-iv-manila-26\/"},"modified":"2026-02-11T18:19:11","modified_gmt":"2026-02-11T15:19:11","slug":"naroznik-uniwersalny-z-funkcja-spania-i-pojemnikiem-kirsten-iv-manila-26","status":"publish","type":"product","link":"https:\/\/baldumarket.lt\/lt\/product\/naroznik-uniwersalny-z-funkcja-spania-i-pojemnikiem-kirsten-iv-manila-26\/","title":{"rendered":"Universali kampin\u0117 sofa su miegojimo funkcija ir daiktad\u0117\u017ee KIRSTEN IV Manila 26"},"content":{"rendered":"<p>\u201eKirsten\u201c kampin\u0117 sofa \u2013 komfortas j\u016bs\u0173 svetain\u0117je. \u201eKirsten IV\u201c kampin\u0117 sofa yra universalus sprendimas, galintis s\u0117kmingai pakeisti fotel\u012f ar sof\u0105 ir kartu sutaupyti vietos j\u016bs\u0173 svetain\u0117je. Jos privalumas \u2013 galimyb\u0117 pritaikyti i\u0161planavim\u0105, leid\u017eiant j\u0105 montuoti kairei arba de\u0161inei rankai. \u0160is pritaikymas leid\u017eia kampin\u0119 sof\u0105 puikiai pritaikyti prie kambario dyd\u017eio ir i\u0161planavimo. \u0160i kampin\u0117 sofa turi miegojimo funkcij\u0105 ir patog\u0173, delfino stiliaus i\u0161skleid\u017eiam\u0105 mechanizm\u0105. Guminiai ritin\u0117liai apsaugo grindis nuo pa\u017eeidim\u0173 i\u0161skleid\u017eiant. Be to, sofa turi prakti\u0161k\u0105 patalyn\u0117s d\u0117\u017e\u0119, kurioje lengviau laikyti papildomus tekstil\u0117s gaminius. Kampin\u0117s sofos s\u0117dyn\u0117 ir \u010diu\u017einys u\u017epildyti putplas\u010diu ir zigzago spyruokl\u0117mis. Jos u\u017etikrina ne tik patog\u0173 nakties mieg\u0105, bet ir atsipalaidavim\u0105 dien\u0105. Papildoma dvigub\u0173 adat\u0173 galvut\u0117 padidina apmu\u0161al\u0173 patvarum\u0105 ir estetik\u0105, tod\u0117l kampin\u0117 sofa yra ne tik funkcionali, bet ir stilinga. Pagrindin\u0117s savyb\u0117s: Universali kampin\u0117 sofa su miegojimo funkcija ir patalyn\u0117s d\u0117\u017ee. \u2013 S\u0117dyn\u0117 u\u017epildyta vingiuotomis spyruokl\u0117mis ir putplas\u010diu.<br \/>\n\u2013 \u010ciu\u017einys u\u017epildytas vingiuotomis spyruokl\u0117mis ir putomis.<br \/>\n\u2013 Atlo\u0161as u\u017epildytas apmu\u0161al\u0173 dir\u017eu ir putplas\u010diu.<br \/>\n\u2013 Ve\u017eim\u0117lio mechanizm\u0105 laiko guminiai ritin\u0117liai (delfin\u0173 tipo) \u2013 jie apsaugo grindis nuo pa\u017eeidim\u0173 i\u0161skleid\u017eiant.<br \/>\n\u2013 Plastikin\u0117s kojel\u0117s.<br \/>\n\u2013 Vingiuotos spyruokl\u0117s s\u0117dyn\u0117je ir \u010diu\u017einyje \u2013 patogus ir tolygus miegas.<br \/>\n\u2013 Didelis daiktad\u0117\u017e\u0117s skyrius \u2013 padidinta talpa daiktams susid\u0117ti.<br \/>\n\u2013 Var\u017etais tvirtinami porankiai.<br \/>\n\u2013 Papildomas si\u016bl\u0173 sutvirtinimas \u2013 dviguba adata \u2013 didesnis si\u016bl\u0117s tvirtumas ir esteti\u0161kesn\u0117 apdaila. Prie\u0161 pateikdami u\u017esakym\u0105, pra\u0161ome telefonu pasitikrinti prek\u0117s prieinamum\u0105.<\/p>\n<p>Prek\u0117s kodas FL13-NA-KIRSTEN_IV-2F.URCBK-G2-MANILA_26 Simbolis ZM EAN Plotis 238 cm Gylis 162 cm S\u0117dyn\u0117s gylis 63 cm Auk\u0161tis 87 cm S\u0117dyn\u0117s auk\u0161tis 44 cm Kolekcija Kirsten Spalva Manila 26 Atspalvis tamsiai m\u0117lyna Stilius modernus Med\u017eiaga aksomas Miegamoji funkcija su miegojimo funkcija Miegamoji dalis 135\u00d7201 Indas su 1 indu Atsipalaidavimo funkcija be atsipalaidavimo funkcijos Reguliuojamas atlo\u0161as ne Galvos atrama be galvos atramos U\u017epildas zigzago spyruokl\u0117\/putplastis Gamintojas Juoda Raudona Balta Bald\u0173 tipas Kampin\u0117s sofos PVM 23% EAN 5906123108317<\/p>","protected":false},"excerpt":{"rendered":"<p>Kirsten Corner Sofa \u2013 Comfort in Your Living RoomThe Kirsten IV corner sofa is a versatile solution that can successfully replace an armchair or sofa, while also saving space in your living room. Its advantage is the ability to customize the layout, allowing for left- or right-handed installation. This customization allows the corner sofa to [&hellip;]<\/p>","protected":false},"featured_media":263000,"comment_status":"open","ping_status":"open","template":"","meta":[],"product_brand":[],"product_cat":[9200,616],"product_tag":[],"class_list":{"0":"post-262999","1":"product","2":"type-product","3":"status-publish","4":"has-post-thumbnail","6":"product_cat-black-red-white","7":"product_cat-corners","9":"first","10":"instock","11":"purchasable","12":"product-type-simple"},"_links":{"self":[{"href":"https:\/\/baldumarket.lt\/lt\/wp-json\/wp\/v2\/product\/262999","targetHints":{"allow":["GET"]}}],"collection":[{"href":"https:\/\/baldumarket.lt\/lt\/wp-json\/wp\/v2\/product"}],"about":[{"href":"https:\/\/baldumarket.lt\/lt\/wp-json\/wp\/v2\/types\/product"}],"replies":[{"embeddable":true,"href":"https:\/\/baldumarket.lt\/lt\/wp-json\/wp\/v2\/comments?post=262999"}],"wp:featuredmedia":[{"embeddable":true,"href":"https:\/\/baldumarket.lt\/lt\/wp-json\/wp\/v2\/media\/263000"}],"wp:attachment":[{"href":"https:\/\/baldumarket.lt\/lt\/wp-json\/wp\/v2\/media?parent=262999"}],"wp:term":[{"taxonomy":"product_brand","embeddable":true,"href":"https:\/\/baldumarket.lt\/lt\/wp-json\/wp\/v2\/product_brand?post=262999"},{"taxonomy":"product_cat","embeddable":true,"href":"https:\/\/baldumarket.lt\/lt\/wp-json\/wp\/v2\/product_cat?post=262999"},{"taxonomy":"product_tag","embeddable":true,"href":"https:\/\/baldumarket.lt\/lt\/wp-json\/wp\/v2\/product_tag?post=262999"}],"curies":[{"name":"wp","href":"https:\/\/api.w.org\/{rel}","templated":true}]}}