{"id":262991,"date":"2026-01-13T23:33:59","date_gmt":"2026-01-13T20:33:59","guid":{"rendered":"https:\/\/baldumarket.lt\/product\/naroznik-uniwersalny-z-funkcja-spania-i-pojemnikiem-kami-jasnoszary\/"},"modified":"2026-02-11T18:19:11","modified_gmt":"2026-02-11T15:19:11","slug":"naroznik-uniwersalny-z-funkcja-spania-i-pojemnikiem-kami-jasnoszary","status":"publish","type":"product","link":"https:\/\/baldumarket.lt\/lt\/product\/naroznik-uniwersalny-z-funkcja-spania-i-pojemnikiem-kami-jasnoszary\/","title":{"rendered":"Universali kampin\u0117 sofa su miegojimo funkcija ir daiktad\u0117\u017ee KAMI, \u0161viesiai pilka"},"content":{"rendered":"<p>Universali kampin\u0117 sofa \u201eKami\u201c \u2013 lankstus i\u0161planavimas, visi\u0161kas komfortas. Komfortas ir funkcionalumas. Universali kampin\u0117 sofa \u201eKami\u201c suteikia komfort\u0105 tiek kasdieniam poilsiui, tiek nakties miegui. Miegamoji funkcija greitai transformuojasi \u012f 145 \u00d7 240 cm lov\u0105. S\u0117dyn\u0117, u\u017epildyta putplas\u010diu, kaboneliu ir vingiuotomis spyruokl\u0117mis, garantuoja tinkam\u0105 k\u016bno atram\u0105 ir komfort\u0105. Prakti\u0161ki sprendimai. Universalus kampin\u0117s sofos dizainas leid\u017eia j\u0105 pritaikyti tiek kairei, tiek de\u0161inei rankai, priklausomai nuo j\u016bs\u0173 interjero dizaino. Prakti\u0161ka patalyn\u0117s skyrius po s\u0117dyne leid\u017eia laikyti antklodes, pagalves ir kitus aksesuarus, taip palaikant tvark\u0105 j\u016bs\u0173 svetain\u0117je. Dizainas ir stilius. Moderni\u0105 \u201eKami\u201c kampin\u0117s sofos form\u0105 pary\u0161kina \u201ePuente 06\u201c audinys ir pridedamos dekoratyvin\u0117s bei atlo\u0161o pagalv\u0117l\u0117s. J\u0173 mink\u0161tumas ir esteti\u0161ka apdaila suteikia baldui elegancijos, o paprasta forma puikiai tinka \u012fvairiems interjero stiliams. Savyb\u0117s: universalus i\u0161planavimas \u2013 galima pastatyti kair\u0117je arba de\u0161in\u0117je pus\u0117je. Miegamoji funkcija \u2013 145 \u00d7 240 cm. Patalyn\u0117s laikymo vieta po s\u0117dyne. U\u017epildas: putplastis, kabonelio spyruokl\u0117s ir banguotos spyruokl\u0117s. Apmu\u0161al\u0173 audinys: \u201ePuente 06\u201c. Dekoratyvin\u0117s ir atlo\u0161o pagalv\u0117l\u0117s \u012fskai\u010diuotos. Modernus dizainas, derantis prie \u012fvairi\u0173 interjer\u0173. Santrauka: Kampin\u0117 sofa \u201eKami\u201c \u2013 tai prakti\u0161kas, universalus baldas, kuriame derinamas komfortas, funkcionalumas ir stilius. D\u0117l lankstaus i\u0161planavimo, patalyn\u0117s laikymo vietos ir patogaus u\u017epildo ji puikiai tiks bet kurioje svetain\u0117je.<\/p>\n<p>Prek\u0117s kodas FL-NA-KAMI-2F.URCBK-G3-PUENTE_06 Plotis 293 cm Gylis 205 cm S\u0117dyn\u0117s gylis 104 cm Auk\u0161tis 89 cm S\u0117dyn\u0117s auk\u0161tis 44 cm Kolekcija Kami Spalva Puente 06 Atspalvis sm\u0117lio Stilius modernus Med\u017eiaga vyteli\u0173 audinys Miegamoji funkcija su miegojimo funkcija Miegamoji dalis 145\u00d7240 Indas su 1 indu Atsipalaidavimo funkcija be atsipalaidavimo funkcijos Reguliuojamas atlo\u0161as: ne Galvos atrama be galvos atramos U\u017epildas: zigzago\/bonelio spyruokl\u0117 Gamintojas: juoda Raudona Balta Bald\u0173 tipas: kampin\u0117s sofos PVM mok\u0117tojo kodas: 23%<\/p>","protected":false},"excerpt":{"rendered":"<p>Universali kampin\u0117 sofa \u201eKami\u201c \u2013 lankstus i\u0161planavimas, visi\u0161kas komfortas. Komfortas ir funkcionalumas. Universali kampin\u0117 sofa \u201eKami\u201c suteikia komforto tiek kasdieniam poilsiui, tiek nakties miegui. Miegojimo funkcija greitai transformuojasi \u012f 145 \u00d7 240 cm lov\u0105. S\u0117dyn\u0117, u\u017epildyta putomis ir kauliniu audiniu bei vingiuotomis spyruokl\u0117mis, garantuoja tinkam\u0105 k\u016bno atram\u0105 ir komfort\u0105. Prakti\u0161ka [\u2026]<\/p>","protected":false},"featured_media":262992,"comment_status":"open","ping_status":"open","template":"","meta":[],"product_brand":[],"product_cat":[9200,616],"product_tag":[],"class_list":{"0":"post-262991","1":"product","2":"type-product","3":"status-publish","4":"has-post-thumbnail","6":"product_cat-black-red-white","7":"product_cat-corners","9":"first","10":"instock","11":"purchasable","12":"product-type-simple"},"_links":{"self":[{"href":"https:\/\/baldumarket.lt\/lt\/wp-json\/wp\/v2\/product\/262991","targetHints":{"allow":["GET"]}}],"collection":[{"href":"https:\/\/baldumarket.lt\/lt\/wp-json\/wp\/v2\/product"}],"about":[{"href":"https:\/\/baldumarket.lt\/lt\/wp-json\/wp\/v2\/types\/product"}],"replies":[{"embeddable":true,"href":"https:\/\/baldumarket.lt\/lt\/wp-json\/wp\/v2\/comments?post=262991"}],"wp:featuredmedia":[{"embeddable":true,"href":"https:\/\/baldumarket.lt\/lt\/wp-json\/wp\/v2\/media\/262992"}],"wp:attachment":[{"href":"https:\/\/baldumarket.lt\/lt\/wp-json\/wp\/v2\/media?parent=262991"}],"wp:term":[{"taxonomy":"product_brand","embeddable":true,"href":"https:\/\/baldumarket.lt\/lt\/wp-json\/wp\/v2\/product_brand?post=262991"},{"taxonomy":"product_cat","embeddable":true,"href":"https:\/\/baldumarket.lt\/lt\/wp-json\/wp\/v2\/product_cat?post=262991"},{"taxonomy":"product_tag","embeddable":true,"href":"https:\/\/baldumarket.lt\/lt\/wp-json\/wp\/v2\/product_tag?post=262991"}],"curies":[{"name":"wp","href":"https:\/\/api.w.org\/{rel}","templated":true}]}}