{"id":262975,"date":"2026-01-13T23:33:47","date_gmt":"2026-01-13T20:33:47","guid":{"rendered":"https:\/\/baldumarket.lt\/product\/naroznik-uniwersalny-simba-rozkladany-z-pojemnikiem-zolty\/"},"modified":"2026-02-11T18:19:11","modified_gmt":"2026-02-11T15:19:11","slug":"naroznik-uniwersalny-simba-rozkladany-z-pojemnikiem-zolty","status":"publish","type":"product","link":"https:\/\/baldumarket.lt\/lt\/product\/naroznik-uniwersalny-simba-rozkladany-z-pojemnikiem-zolty\/","title":{"rendered":"Simba universali kampin\u0117 sofa,i\u0161skleid\u017eiama,su daiktad\u0117\u017ee,gelta"},"content":{"rendered":"<p>Universali kampin\u0117 sofa \u201eSimba\u201c \u2013 sprendimas moderniai svetainei. Kampin\u0117 sofa \u201eSimba\u201c apjungia modern\u0173 dizain\u0105, funkcionalum\u0105 ir komfort\u0105, puikiai tinka bet kuriai svetainei. Su i\u0161skleid\u017eiama miegojimo funkcija ir patalyn\u0117s saugykla \u201eSimba\u201c si\u016blo ir patogi\u0105 poilsio viet\u0105, ir prakti\u0161kus daikt\u0173 laikymo sprendimus, patenkindama net ir reikliausi\u0173 vartotoj\u0173 l\u016bkes\u010dius. Patogumas ir funkcionalumas: universali kampin\u0117 sofa \u201eSimba\u201c pasi\u017eymi auk\u0161tos kokyb\u0117s putomis ir vingiuotomis spyruokl\u0117mis u\u017epildyta s\u0117dyne, u\u017etikrinan\u010dia optimal\u0173 atram\u0105 ir komfort\u0105. Tai puiki vieta tiek kasdieniam poilsiui, tiek retkar\u010diais u\u017emiegant. 140 \u00d7 190 cm miegamoji dalis suteikia patogi\u0105 s\u0117d\u0117jimo viet\u0105 dviem, o delfino stiliaus i\u0161skleid\u017eiamas mechanizmas leid\u017eia greitai transformuotis \u012f erdvi\u0105 lov\u0105. Praktin\u0117s savyb\u0117s: po kampin\u0117s sofos s\u0117dyne esantis patalyn\u0117s laikymo skyrius leid\u017eia patogiai laikyti tekstil\u0117s gaminius, tokius kaip antklod\u0117s, pagalv\u0117s ir kiti aksesuarai, ir padeda palaikyti tvark\u0105 j\u016bs\u0173 svetain\u0117je. Tvirtas ir patikimas sulankstymo mechanizmas daro kampin\u0119 sof\u0105 \u201eSimba\u201c ne tik patogi\u0105, bet ir patvari\u0105 kasdieniam naudojimui. Dizainas ir stilius: D\u0117l universalaus dizaino \u201eSimba\u201c kampin\u0117 sofa gali b\u016bti montuojama tiek de\u0161in\u0117s, tiek kair\u0117s pus\u0117s, tod\u0117l ji tinka bet kokiam kambario i\u0161planavimui. Moderni i\u0161vaizda, paprasta forma ir eleganti\u0161kas \u201eVelo 626\u201c audinys suteikia stiling\u0105 akcent\u0105 bet kokiam interjerui, pabr\u0117\u017edami baldo elegancij\u0105 ir funkcionalum\u0105. Ypatingos savyb\u0117s: Universali kampin\u0117 sofa \u2013 gali b\u016bti montuojama tiek de\u0161in\u0117s, tiek kair\u0117s pus\u0117s. Miegamoji funkcija su 140 \u00d7 190 cm pavir\u0161iumi \u2013 patogi lova dviem. S\u0117dyn\u0117 su putomis ir vingiuotomis spyruokl\u0117mis \u2013 optimalus komfortas ir atrama. Patalyn\u0117 \u2013 papildoma vieta tekstilei laikyti. \u201eDolphin\u201c sulankstymo mechanizmas \u2013 greitas ir paprastas transformavimas \u012f lov\u0105. \u201eVelo 626\u201c audinys \u2013 eleganti\u0161kas, patvarus ir malonus liesti. Santrauka: Universali kampin\u0117 sofa \u201eSimba\u201c yra puikus sprendimas ie\u0161kantiems moderni\u0173, funkcionali\u0173 ir patogi\u0173 bald\u0173. Tur\u0117dama galimyb\u0119 konfig\u016bruoti \u0161onus, miegojimo funkcij\u0105 ir patalyn\u0117s d\u0117\u017e\u0119, \u201eSimba\u201c si\u016blo universalum\u0105 ir komfort\u0105, tuo pa\u010diu suteikdama elegancijos bet kuriai svetainei.<\/p>\n<p>Prek\u0117s kodas FL-NA-SIMBA-2F.URCBK-G1-VELO_626 Plotis 237 cm Gylis 155 cm S\u0117dyn\u0117s gylis 69 cm Auk\u0161tis 90 cm S\u0117dyn\u0117s auk\u0161tis 45 cm Kolekcija Simba Spalva Velo 626 Atspalvis geltona Stilius modernus Med\u017eiaga audinys Miegamoji funkcija su miegojimo funkcija Miegamoji dalis 140\u00d7190 Indas su 1 indu Atsipalaidavimo funkcija be atsipalaidavimo funkcijos Reguliuojamas atlo\u0161as ne Galvos atrama be galvos atramos U\u017epildas zigzago spyruokl\u0117\/putplastis Gamintojas Juoda Raudona Balta Bald\u0173 tipas Kampin\u0117s sofos PVM 23% EAN 5906123041379<\/p>","protected":false},"excerpt":{"rendered":"<p>Universali kampin\u0117 sofa \u201eSimba\u201c \u2013 sprendimas moderniai svetainei. Kampin\u0117 sofa \u201eSimba\u201c sujungia modern\u0173 dizain\u0105, funkcionalum\u0105 ir komfort\u0105, puikiai tinka bet kuriai svetainei. Su i\u0161skleid\u017eiama miegojimo funkcija ir patalyn\u0117s saugykla \u201eSimba\u201c si\u016blo ir patogi\u0105 poilsio viet\u0105, ir prakti\u0161kus daikt\u0173 laikymo sprendimus, patenkindama net ir pa\u010di\u0173 ma\u017eiausi\u0173 l\u016bkes\u010dius [\u2026]<\/p>","protected":false},"featured_media":262976,"comment_status":"open","ping_status":"open","template":"","meta":[],"product_brand":[],"product_cat":[9200,616],"product_tag":[],"class_list":{"0":"post-262975","1":"product","2":"type-product","3":"status-publish","4":"has-post-thumbnail","6":"product_cat-black-red-white","7":"product_cat-corners","9":"first","10":"instock","11":"purchasable","12":"product-type-simple"},"_links":{"self":[{"href":"https:\/\/baldumarket.lt\/lt\/wp-json\/wp\/v2\/product\/262975","targetHints":{"allow":["GET"]}}],"collection":[{"href":"https:\/\/baldumarket.lt\/lt\/wp-json\/wp\/v2\/product"}],"about":[{"href":"https:\/\/baldumarket.lt\/lt\/wp-json\/wp\/v2\/types\/product"}],"replies":[{"embeddable":true,"href":"https:\/\/baldumarket.lt\/lt\/wp-json\/wp\/v2\/comments?post=262975"}],"wp:featuredmedia":[{"embeddable":true,"href":"https:\/\/baldumarket.lt\/lt\/wp-json\/wp\/v2\/media\/262976"}],"wp:attachment":[{"href":"https:\/\/baldumarket.lt\/lt\/wp-json\/wp\/v2\/media?parent=262975"}],"wp:term":[{"taxonomy":"product_brand","embeddable":true,"href":"https:\/\/baldumarket.lt\/lt\/wp-json\/wp\/v2\/product_brand?post=262975"},{"taxonomy":"product_cat","embeddable":true,"href":"https:\/\/baldumarket.lt\/lt\/wp-json\/wp\/v2\/product_cat?post=262975"},{"taxonomy":"product_tag","embeddable":true,"href":"https:\/\/baldumarket.lt\/lt\/wp-json\/wp\/v2\/product_tag?post=262975"}],"curies":[{"name":"wp","href":"https:\/\/api.w.org\/{rel}","templated":true}]}}