{"id":262945,"date":"2026-01-13T23:33:20","date_gmt":"2026-01-13T20:33:20","guid":{"rendered":"https:\/\/baldumarket.lt\/product\/naroznik-uniwersalny-rozkladany-z-pojemnikiem-elan-element-01-grafitowy\/"},"modified":"2026-02-11T18:19:12","modified_gmt":"2026-02-11T15:19:12","slug":"naroznik-uniwersalny-rozkladany-z-pojemnikiem-elan-element-01-grafitowy","status":"publish","type":"product","link":"https:\/\/baldumarket.lt\/lt\/product\/naroznik-uniwersalny-rozkladany-z-pojemnikiem-elan-element-01-grafitowy\/","title":{"rendered":"Universali i\u0161skleid\u017eiama kampin\u0117 sofa su d\u0117\u017ee ELAN Element 01 grafito spalvos"},"content":{"rendered":"<p>\u201eElan\u201c kampin\u0117 sofa \u2013 puikiai tiks j\u016bs\u0173 interjerui. Universalus derinys \u2013 Galimyb\u0117 patiems keisti \u0161onin\u012f i\u0161d\u0117stym\u0105 (de\u0161in\u0117\/kair\u0117) \u2013 \u0160onin\u012f i\u0161d\u0117stym\u0105 (de\u0161in\u0117\/kair\u0117) pasirinkite pagal savo poreikius. \u2013 Miegojimo mechanizmas ant ve\u017eim\u0117lio, paremtas guminiais ratukais \u2013 Grind\u0173 apsauga nuo pa\u017eeidim\u0173 i\u0161skleisiant \u2013 J\u016bs\u0173 grindys liks nepa\u017eeistos. \u2013 Zigzago spyruokl\u0117s s\u0117dyn\u0117je \u2013 Padidintas kasdienio naudojimo komfortas \u2013 Komfortas ir patogumas d\u0117l spyruokli\u0173, i\u0161d\u0117styt\u0173 per vis\u0105 s\u0117dyn\u0117s pavir\u0161i\u0173. \u2013 Fiksuotas ir pakeltas atlo\u0161as \u2013 Atlo\u0161o formos stabilumas ir prisitaikymas prie k\u016bno \u2013 \u0160is sprendimas u\u017etikrina patog\u0173 poils\u012f ir idealiai tinka \u017ei\u016br\u0117ti filmus. \u2013 3 reguliuojami atlo\u0161ai \u2013 Ergonomi\u0161ka atrama \u2013 Galimyb\u0117 reguliuoti galvos atramas pagal k\u016bno pad\u0117t\u012f \u017ei\u016brint filmus. \u2013 Patalyn\u0117s d\u0117\u017e\u0117 \u2013 Padidinta talpa daiktams susid\u0117ti \u2013 Papildoma vieta ne tik patalynei, bet ir rank\u0161luos\u010diams ar drabu\u017eiams, kuri\u0173 \u0161iuo metu ned\u0117vite. \u2013 Ma\u017ei matmenys \u2013 Padidinta galimyb\u0117 i\u0161d\u0117styti ma\u017eas erdves \u2013 Geriausias funkcionalumas, kuris puikiai tinka net ir ma\u017eoje erdv\u0117je. \u2013 Dekoratyvin\u0117s si\u016bl\u0117s ir si\u016bl\u0117s \u2013 Sukuria harmoning\u0105 ir esteti\u0161k\u0105 vaizd\u0105 \u2013 Tobulai pagamintos detal\u0117s suteikia baldams i\u0161skirtinio esteti\u0161kumo, suteikdamos prabangos poj\u016bt\u012f J\u016bs\u0173 nam\u0173 jaukumoje. Prie\u0161 pateikdami u\u017esakym\u0105, telefonu pasitikrinkite prek\u0117s prieinamum\u0105.<\/p>\n<p>Prek\u0117s kodas FL-NA-ELAN-2F.URCBK-G2-ELEMENT_01 Simbolis ZM EAN Plotis 221 cm Gylis 177 cm S\u0117dyn\u0117s gylis 53 cm Auk\u0161tis 88\u2013103 cm S\u0117dyn\u0117s auk\u0161tis 46 cm Kolekcija Elan Spalva Elementas 01 Grafito atspalvis Stilius modernus Med\u017eiaga audinys Miegamoji funkcija su miegojimo funkcija Miegamoji dalis 127 \u00d7 191 Indas su 1 indu Atsipalaidavimo funkcija be atsipalaidavimo funkcijos Reguliuojamas atlo\u0161as ne Galvos atrama su galvos atrama U\u017epildas zigzago spyruokl\u0117\/putplastis Gamintojas Juoda Raudona Balta Bald\u0173 tipas Kampin\u0117s sofos PVM 23% EAN 5906123150125<\/p>","protected":false},"excerpt":{"rendered":"<p>\u201eElan\u201c kampin\u0117 sofa \u2013 puikiai tiks j\u016bs\u0173 interjerui. Universalus derinys \u2013 Galimyb\u0117 patiems keisti \u0161onin\u012f i\u0161d\u0117stym\u0105 (de\u0161in\u0117\/kair\u0117) \u2013 \u0160onin\u012f i\u0161d\u0117stym\u0105 (de\u0161in\u0117\/kair\u0117) pasirinkite pagal savo poreikius. \u2013 Miegojimo mechanizmas ant ve\u017eim\u0117lio, paremtas guminiais ratukais \u2013 Grind\u0173 apsauga nuo pa\u017eeidim\u0173 i\u0161skleisiant \u2013 j\u016bs\u0173 grindys liks nepa\u017eeistos. [\u2026]<\/p>","protected":false},"featured_media":262946,"comment_status":"open","ping_status":"open","template":"","meta":[],"product_brand":[],"product_cat":[9200,616],"product_tag":[],"class_list":{"0":"post-262945","1":"product","2":"type-product","3":"status-publish","4":"has-post-thumbnail","6":"product_cat-black-red-white","7":"product_cat-corners","9":"first","10":"instock","11":"purchasable","12":"product-type-simple"},"_links":{"self":[{"href":"https:\/\/baldumarket.lt\/lt\/wp-json\/wp\/v2\/product\/262945","targetHints":{"allow":["GET"]}}],"collection":[{"href":"https:\/\/baldumarket.lt\/lt\/wp-json\/wp\/v2\/product"}],"about":[{"href":"https:\/\/baldumarket.lt\/lt\/wp-json\/wp\/v2\/types\/product"}],"replies":[{"embeddable":true,"href":"https:\/\/baldumarket.lt\/lt\/wp-json\/wp\/v2\/comments?post=262945"}],"wp:featuredmedia":[{"embeddable":true,"href":"https:\/\/baldumarket.lt\/lt\/wp-json\/wp\/v2\/media\/262946"}],"wp:attachment":[{"href":"https:\/\/baldumarket.lt\/lt\/wp-json\/wp\/v2\/media?parent=262945"}],"wp:term":[{"taxonomy":"product_brand","embeddable":true,"href":"https:\/\/baldumarket.lt\/lt\/wp-json\/wp\/v2\/product_brand?post=262945"},{"taxonomy":"product_cat","embeddable":true,"href":"https:\/\/baldumarket.lt\/lt\/wp-json\/wp\/v2\/product_cat?post=262945"},{"taxonomy":"product_tag","embeddable":true,"href":"https:\/\/baldumarket.lt\/lt\/wp-json\/wp\/v2\/product_tag?post=262945"}],"curies":[{"name":"wp","href":"https:\/\/api.w.org\/{rel}","templated":true}]}}