{"id":262918,"date":"2026-01-13T23:32:58","date_gmt":"2026-01-13T20:32:58","guid":{"rendered":"https:\/\/baldumarket.lt\/product\/naroznik-uniwersalny-merin-z-funkcja-spania-i-2-pojemnikami-szary\/"},"modified":"2026-02-11T18:19:12","modified_gmt":"2026-02-11T15:19:12","slug":"naroznik-uniwersalny-merin-z-funkcja-spania-i-2-pojemnikami-szary","status":"publish","type":"product","link":"https:\/\/baldumarket.lt\/lt\/product\/naroznik-uniwersalny-merin-z-funkcja-spania-i-2-pojemnikami-szary\/","title":{"rendered":"Merin universali kampin\u0117 sofa su miegojimo funkcija ir 2 indais, pilka"},"content":{"rendered":"<p>MERIN LUX kampin\u0117 sofa \u2013 geometrinis pagrindas poilsiui. Universali \u201eMerin Lux\u201c kampin\u0117 sofa derina geometrines formas su u\u017eapvalintais kra\u0161tais, si\u016blydama modern\u0173 dizain\u0105 ir auk\u0161t\u0105 komforto lyg\u012f. Stilinga ir universali jos forma puikiai tiks \u012fvairiose erdv\u0117se, tokiose kaip vieno kambario butas, erdvus darbo kambarys ar jaunimo kambarys. J\u0105 taip pat galima lengvai integruoti \u012f svetain\u0119, sukuriant tobul\u0105 poilsio zon\u0105. Patogumas ir patogumas: \u201eMerin\u201c kampin\u0117 sofa u\u017etikrina komfort\u0105 d\u0117l s\u0117dyn\u0117s, u\u017epildytos \u201eBonnell\u201c spyruokl\u0117mis ir putomis, sukurian\u010dios mink\u0161t\u0105 ir patogi\u0105 erdv\u0119 poilsiui. Atlo\u0161\u0105 sudaro trys putomis u\u017epildytos pagalv\u0117l\u0117s, u\u017etikrinan\u010dios tinkam\u0105 nugaros atram\u0105, o auk\u0161ti porankiai suteikia papildom\u0105 pe\u010di\u0173 atram\u0105. Miegojimo funkcija si\u016blo vienod\u0105 124 x 205 cm plot\u0105, tod\u0117l \u0161i kampin\u0117 sofa yra puiki miegojimo vieta dviem. D\u0117l t\u0173 pa\u010di\u0173 \u201eBonnell\u201c spyruokli\u0173 naudojimo \u010diu\u017einyje, miegojimo komfortas yra toks pat didelis, kaip ir s\u0117d\u0117jimo komfortas. Funkcionalumas ir prakti\u0161kumas: \u201eMerin Lux\u201c kampin\u0117 sofa turi automatin\u012f i\u0161skleidimo mechanizm\u0105, tod\u0117l j\u0105 greitai ir lengvai galima paversti patogia lova. Jame yra du patalyn\u0117s skyriai, kuriuose yra daug vietos antklod\u0117ms, pagalv\u0117ms ir kitiems tekstil\u0117s gaminiams laikyti, u\u017etikrinant lengv\u0105 prieig\u0105. Dizainas ir stilius: Geometrin\u0117 \u201eMerin\u201c kampin\u0117s sofos forma, derinama su eleganti\u0161kais, u\u017eapvalintais kra\u0161tais, puikiai dera prie modernaus interjero. Juodos spalvos \u201eBluvel 19\u201c audinys suteikia prabangos poj\u016bt\u012f, o auk\u0161ti porankiai \u2013 ne tik komfort\u0105, bet ir stabil\u0173 atram\u0105. D\u0117l galimyb\u0117s savaranki\u0161kai keisti \u0161onin\u0119 konfig\u016bracij\u0105 (de\u0161in\u0117\/kair\u0117), \u201eMerin\u201c kampin\u0117 sofa yra itin universali ir lengvai prisitaiko prie \u012fvairi\u0173 kambario i\u0161planavim\u0173. Ypatingos savyb\u0117s: Kampin\u0117 sofa su miegojimo funkcija ir patalyn\u0117s laikymui skirta vieta. Universali konfig\u016bracija \u2013 galima keisti \u0161on\u0105 (de\u0161in\u0117\/kair\u0117). Automatin\u0117 atrama \u2013 greitas ir lengvas i\u0161skleidimas. \u201eBonell\u201c spyruokl\u0117s s\u0117dyn\u0117je ir atlo\u0161e \u2013 patogus ir tolygus miegas. Du patalyn\u0117s skyriai \u2013 padidinta daikt\u0173 laikymo vieta. Didel\u0117 miegojimo erdv\u0117 \u2013 124 x 205 cm. Auk\u0161ti porankiai \u2013 stabili atrama. Juodas \u201eBluvel 19\u201c audinys \u2013 eleganti\u0161kas ir modernus. Santrauka: Universali kampin\u0117 sofa \u201eMerin Lux\u201c \u2013 puikus sprendimas ie\u0161kantiems funkcionalaus baldo moderniam interjerui. D\u0117l miegojimo funkcijos, patalyn\u0117s laikymo ir universalios konfig\u016bracijos jis pasi\u017eymi komfortu ir prakti\u0161kumu. Stilingas dizainas su eleganti\u0161ku audiniu ir geometrin\u0117mis formomis puikiai tiks bet kokiame interjere, sukurdamas jauki\u0105 poilsio zon\u0105.<\/p>\n<p>Prek\u0117s kodas FL-NA-MERIN-LX_3DL.URCBK-G2-BLUVEL_19 Plotis 205 cm Gylis 138 cm S\u0117dyn\u0117s gylis 55 cm Auk\u0161tis 89 cm S\u0117dyn\u0117s auk\u0161tis 46 cm Kolekcija Merin Spalva Baltimore Mouse\/Bluvel 19 Juoda Pilka Atspalvis Stilius modernus Med\u017eiaga audinys Miegamoji funkcija su miegojimo funkcija Miegamoji dalis 124\u00d7200 Indas su 2 indais Poilsio funkcija be poilsio funkcijos Reguliuojamas atlo\u0161as: be Galvos atrama be galvos atramos U\u017epildas: bonell spyruokl\u0117\/putplastis Gamintojas: juoda Raudona Balta Bald\u0173 tipas: kampin\u0117s sofos PVM mokestis 23%<\/p>","protected":false},"excerpt":{"rendered":"<p>MERIN LUX kampin\u0117 sofa \u2013 geometrinis pagrindas poilsiui. Universali \u201eMerin Lux\u201c kampin\u0117 sofa sujungia geometrines formas su u\u017eapvalintais kra\u0161tais, si\u016blydama modern\u0173 dizain\u0105 ir auk\u0161t\u0105 komforto lyg\u012f. Stilinga ir universali jos forma puikiai tiks \u012fvairiose erdv\u0117se, pavyzd\u017eiui, studijos tipo bute, erdviame darbo kambaryje ar [\u2026]<\/p>","protected":false},"featured_media":262919,"comment_status":"open","ping_status":"open","template":"","meta":[],"product_brand":[],"product_cat":[9200,616],"product_tag":[],"class_list":{"0":"post-262918","1":"product","2":"type-product","3":"status-publish","4":"has-post-thumbnail","6":"product_cat-black-red-white","7":"product_cat-corners","9":"first","10":"instock","11":"purchasable","12":"product-type-simple"},"_links":{"self":[{"href":"https:\/\/baldumarket.lt\/lt\/wp-json\/wp\/v2\/product\/262918","targetHints":{"allow":["GET"]}}],"collection":[{"href":"https:\/\/baldumarket.lt\/lt\/wp-json\/wp\/v2\/product"}],"about":[{"href":"https:\/\/baldumarket.lt\/lt\/wp-json\/wp\/v2\/types\/product"}],"replies":[{"embeddable":true,"href":"https:\/\/baldumarket.lt\/lt\/wp-json\/wp\/v2\/comments?post=262918"}],"wp:featuredmedia":[{"embeddable":true,"href":"https:\/\/baldumarket.lt\/lt\/wp-json\/wp\/v2\/media\/262919"}],"wp:attachment":[{"href":"https:\/\/baldumarket.lt\/lt\/wp-json\/wp\/v2\/media?parent=262918"}],"wp:term":[{"taxonomy":"product_brand","embeddable":true,"href":"https:\/\/baldumarket.lt\/lt\/wp-json\/wp\/v2\/product_brand?post=262918"},{"taxonomy":"product_cat","embeddable":true,"href":"https:\/\/baldumarket.lt\/lt\/wp-json\/wp\/v2\/product_cat?post=262918"},{"taxonomy":"product_tag","embeddable":true,"href":"https:\/\/baldumarket.lt\/lt\/wp-json\/wp\/v2\/product_tag?post=262918"}],"curies":[{"name":"wp","href":"https:\/\/api.w.org\/{rel}","templated":true}]}}