{"id":262878,"date":"2026-01-13T23:32:23","date_gmt":"2026-01-13T20:32:23","guid":{"rendered":"https:\/\/baldumarket.lt\/product\/naroznik-uniwersalny-laro-rozkladany-z-pojemnikiem-ciemnoszary\/"},"modified":"2026-02-11T18:19:13","modified_gmt":"2026-02-11T15:19:13","slug":"naroznik-uniwersalny-laro-rozkladany-z-pojemnikiem-ciemnoszary","status":"publish","type":"product","link":"https:\/\/baldumarket.lt\/lt\/product\/naroznik-uniwersalny-laro-rozkladany-z-pojemnikiem-ciemnoszary\/","title":{"rendered":"Laro universali i\u0161skleid\u017eiama kampin\u0117 sofa su tamsiai pilka daiktad\u0117\u017ee"},"content":{"rendered":"<p>\u2019Laro\u201c kampin\u0117 sofa \u2013 jauki poilsio zona. \u201eLaro\u201c kampin\u0117 sofa \u2013 puikus sprendimas tiems, kurie vertina paprastum\u0105, komfort\u0105 ir funkcionalum\u0105 ma\u017eoje erdv\u0117je. Universalus jos dizainas puikiai tinka svetain\u0117ms, paaugli\u0173 ir sve\u010di\u0173 kambariams, sukurdamas jauki\u0105 poilsio zon\u0105. Tai puikus pagrindas atsipalaiduoti \u017ei\u016brint filmus, skaitant knygas ar susitinkant su artimaisiais, o vakarais ji lengvai transformuojasi \u012f patogi\u0105 lov\u0105. Patogumas ir funkcionalumas. Universali \u201eLaro\u201c kampin\u0117 sofa, kurios kompakti\u0161ki matmenys yra 201 x 137 cm, puikiai tinka ma\u017eesniems kambariams, neu\u017eimdama per daug vietos. Nepaisant ma\u017eo dyd\u017eio, ji si\u016blo erdvi\u0105 124 x 201 cm miegojimo erdv\u0119. D\u0117l \u201eBonnell\u201c spyruokli\u0173 ir putplas\u010dio s\u0117dyn\u0117je ir \u010diu\u017einyje tur\u0117site vienod\u0105, patog\u0173 miegojimo pavir\u0161i\u0173, kuris skatina regeneracij\u0105. Kasdienis i\u0161skleidimas yra paprastas ir patogus d\u0117l pak\u0117limo mechanizmo. Prakti\u0161ki sprendimai: \u201eLaro\u201c kampin\u0117je sofoje yra patalyn\u0117s skyrius, kuriame patogiai galima laikyti antklodes, pagalves ar papildom\u0105 antklod\u0119, u\u017etikrinant tvarking\u0105 svetain\u0119. Nuimamos atlo\u0161o pagalv\u0117l\u0117s padidina miegojimo erdv\u0119, dar labiau pagerindamos sofos funkcionalum\u0105. Be to, kampin\u0117 sofa yra universali pradiniam surinkimui \u2013 tai rei\u0161kia, kad surinkimo metu galite pasirinkti de\u0161in\u0119 arba kair\u0119 pus\u0119, tod\u0117l ji tampa dar universalesn\u0117. Dizainas ir stilius: Prislopintos \u201eLaro\u201c kampin\u0117s sofos spalvos puikiai tinka \u012fvairiems interjero dizainams, gra\u017eiai dera su med\u017eio, metalo ir chromo elementais. Eleganti\u0161kos, dekoratyvin\u0117s plastikin\u0117s kojel\u0117s suteikia lengvumo ir u\u017etikrina patvarum\u0105. \u201eRino 84 Grey\u201c audinys kartu su dekoratyvine \u201eRino 97 Grey\u201c audinio pagalv\u0117le suteikia baldui modern\u0173 ir esteti\u0161k\u0105 vaizd\u0105. Ypatingos savyb\u0117s: Universali konfig\u016bracija \u2013 galite pasirinkti de\u0161in\u0117s arba kair\u0117s pus\u0117s versij\u0105 pradinio surinkimo metu. \u201eBonnell\u201c spyruokl\u0117s s\u0117dyn\u0117je ir \u010diu\u017einyje \u2013 patogus ir vienodas miegojimo pavir\u0161ius. Kompakti\u0161ki matmenys \u2013 idealiai tinka ma\u017eesn\u0117ms erdv\u0117ms. Patalyn\u0117 \u2013 papildoma daiktad\u0117\u017e\u0117. Nuimamos atlo\u0161o pagalv\u0117l\u0117s \u2013 padidina miegojimo erdv\u0119. Dekoratyvin\u0117s plastikin\u0117s kojel\u0117s \u2013 patvarumas ir estetika. \u201eRino 84 Grey\u201c audinys, dekoratyvin\u0117 pagalv\u0117 i\u0161 \u201eRino 97 Grey\u201c audinio. Santrauka: \u201eLaro\u201c kampin\u0117 sofa yra funkcionalus ir kompakti\u0161kas baldas, idealiai tinkantis ma\u017eesniems interjerams. \u0160i kampin\u0117 sofa su miegojimo funkcija, patalyn\u0117s skyriumi ir universalia konfig\u016bracija derina komfort\u0105 ir prakti\u0161kum\u0105 su moderniu stiliumi, tapdama j\u016bs\u0173 nam\u0173 poilsio zonos traukos centru.<\/p>\n<p>Prek\u0117s kodas JN536-NA-LARO-LX_2DL.RECMU-G2-RINO_97 Plotis 201 cm Gylis 137 cm S\u0117dyn\u0117s gylis 54-76 cm Auk\u0161tis 96 cm S\u0117dyn\u0117s auk\u0161tis 45 cm Kolekcija Laro Spalva Rino 97 Atspalvis pilka Stilius modernus Med\u017eiaga audinys Miegamoji funkcija su miegojimo funkcija Miegamoji dalis 124\u00d7201 Indas su 1 indu Atsipalaidavimo funkcija be atsipalaidavimo funkcijos Reguliuojamas atlo\u0161as ne Galvos atrama be galvos atramos U\u017epildas bonell spyruokl\u0117\/putplastis Gamintojas Juoda Raudona Balta Bald\u0173 tipas Kampin\u0117s sofos PVM 23% EAN 5906123041478<\/p>","protected":false},"excerpt":{"rendered":"<p>\u2019Laro\u201c kampin\u0117 sofa \u2013 jauki poilsio zona. \u201eLaro\u201c kampin\u0117 sofa \u2013 puikus sprendimas tiems, kurie vertina paprastum\u0105, patogum\u0105 ir funkcionalum\u0105 ma\u017eoje erdv\u0117je. Universalus dizainas puikiai tinka svetain\u0117ms, paaugli\u0173 kambariams ir sve\u010di\u0173 kambariams, sukuriant jauki\u0105 poilsio zon\u0105. Tai puiki vieta atsipalaiduoti \u017ei\u016brint [\u2026]<\/p>","protected":false},"featured_media":262879,"comment_status":"open","ping_status":"open","template":"","meta":[],"product_brand":[],"product_cat":[9200,616],"product_tag":[],"class_list":{"0":"post-262878","1":"product","2":"type-product","3":"status-publish","4":"has-post-thumbnail","6":"product_cat-black-red-white","7":"product_cat-corners","9":"first","10":"instock","11":"purchasable","12":"product-type-simple"},"_links":{"self":[{"href":"https:\/\/baldumarket.lt\/lt\/wp-json\/wp\/v2\/product\/262878","targetHints":{"allow":["GET"]}}],"collection":[{"href":"https:\/\/baldumarket.lt\/lt\/wp-json\/wp\/v2\/product"}],"about":[{"href":"https:\/\/baldumarket.lt\/lt\/wp-json\/wp\/v2\/types\/product"}],"replies":[{"embeddable":true,"href":"https:\/\/baldumarket.lt\/lt\/wp-json\/wp\/v2\/comments?post=262878"}],"wp:featuredmedia":[{"embeddable":true,"href":"https:\/\/baldumarket.lt\/lt\/wp-json\/wp\/v2\/media\/262879"}],"wp:attachment":[{"href":"https:\/\/baldumarket.lt\/lt\/wp-json\/wp\/v2\/media?parent=262878"}],"wp:term":[{"taxonomy":"product_brand","embeddable":true,"href":"https:\/\/baldumarket.lt\/lt\/wp-json\/wp\/v2\/product_brand?post=262878"},{"taxonomy":"product_cat","embeddable":true,"href":"https:\/\/baldumarket.lt\/lt\/wp-json\/wp\/v2\/product_cat?post=262878"},{"taxonomy":"product_tag","embeddable":true,"href":"https:\/\/baldumarket.lt\/lt\/wp-json\/wp\/v2\/product_tag?post=262878"}],"curies":[{"name":"wp","href":"https:\/\/api.w.org\/{rel}","templated":true}]}}