{"id":262877,"date":"2026-01-13T23:32:23","date_gmt":"2026-01-13T20:32:23","guid":{"rendered":"https:\/\/baldumarket.lt\/product\/naroznik-uniwersalny-kami-z-funkcja-spania-i-pojemnikiem-szary\/"},"modified":"2026-02-11T18:19:12","modified_gmt":"2026-02-11T15:19:12","slug":"naroznik-uniwersalny-kami-z-funkcja-spania-i-pojemnikiem-szary","status":"publish","type":"product","link":"https:\/\/baldumarket.lt\/lt\/product\/naroznik-uniwersalny-kami-z-funkcja-spania-i-pojemnikiem-szary\/","title":{"rendered":"Kami universali kampin\u0117 sofa su miegojimo funkcija ir daiktad\u0117\u017ee, pilka"},"content":{"rendered":"<p>Kampin\u0117 sofa \u201eKami\u201c \u2013 prakti\u0161kumas ir patogumas viename. Universali kampin\u0117 sofa \u201eKami\u201c \u2013 puikus pasirinkimas ie\u0161kantiems stilingo ir funkcionalaus baldo savo svetainei. Modernus dizainas ir auk\u0161tos kokyb\u0117s med\u017eiagos derina estetik\u0105 su komfortu ir prakti\u0161kumu, puikiai papildydamos bet kokio interjero poreikius. Patogumas ir funkcionalumas: kampin\u0117 sofa \u201eKami\u201c yra universalus baldas, tai rei\u0161kia, kad j\u0105 galima pritaikyti tiek kairiarankiams, tiek de\u0161iniarankiams. \u0160is lankstus sprendimas leid\u017eia kampin\u0119 sof\u0105 puikiai derinti prie j\u016bs\u0173 svetain\u0117s i\u0161planavimo. Be to, kampin\u0117 sofa \u201eKami\u201c turi miegojimo funkcij\u0105, transformuojam\u0105 \u012f patogi\u0105 145 x 240 cm lov\u0105. Tai idealus pasirinkimas sve\u010diams pernakvoti arba tiems, kurie vertina papildom\u0105 erdv\u0119 poilsiui. Praktin\u0117s savyb\u0117s: po kampin\u0117s sofos s\u0117dyne esantis patalyn\u0117s skyrius leid\u017eia patogiai laikyti antklodes, pagalves ir kitus tekstil\u0117s gaminius, u\u017etikrinant tvarking\u0105 svetain\u0119. Kampin\u0117 sofa \u201eKami\u201c turi putplas\u010diu u\u017epildyt\u0105 s\u0117dyn\u0119 su \u201ebonell\u201c ir vingiuotomis spyruokl\u0117mis, kurios suteikia puiki\u0105 atram\u0105 tiek s\u0117dint, tiek miegant. Dizainas ir stilius: kampin\u0117 sofa \u201eKami\u201c pasi\u017eymi modernia i\u0161vaizda, kuri skland\u017eiai dera su \u012fvairiais interjero dizainais. Komplekt\u0105 sudaro dekoratyvin\u0117s ir atlo\u0161o pagalv\u0117l\u0117s, kurios pagerina stiling\u0105 baldo i\u0161vaizd\u0105 ir padidina komfort\u0105. Mink\u0161tos pagalv\u0117l\u0117s kartu su \u201eNaomi 3404\u201c audiniu suteikia \u0161iai kampinei sofai eleganti\u0161k\u0105 ir jauk\u0173 poj\u016bt\u012f, be to, ji yra prakti\u0161ka ir patogi svetain\u0117s baldas. Savyb\u0117s: Universali kampin\u0117 sofa \u2013 gali b\u016bti montuojama tiek kairiarankiams, tiek de\u0161iniarankiams. Miegamasis plotas 145 \u00d7 240 cm \u2013 patogi sve\u010di\u0173 lova. Patalyn\u0117 \u2013 papildoma tekstil\u0117s daikt\u0173 laikymo vieta. S\u0117dyn\u0117, u\u017epildyta putomis ir kauliniu audiniu bei vingiuotomis spyruokl\u0117mis \u2013 optimalus komfortas ir atrama. Dekoratyvin\u0117s ir atlo\u0161o pagalv\u0117l\u0117s \u2013 papildomas komfortas ir estetika. Santrauka: Universali kampin\u0117 sofa \u201eKami\u201c \u2013 tai puikus modernaus dizaino, funkcionalumo ir komforto derinys. D\u0117l prisitaikymo prie \u012fvairi\u0173 i\u0161planavim\u0173, miegojimo funkcijos ir patalyn\u0117s laikymo vietos \u0161i kampin\u0117 sofa yra ne tik esteti\u0161kai patrauklus, bet ir prakti\u0161kas sprendimas bet kuriai svetainei.<\/p>\n<p>Prek\u0117s kodas FL-NA-KAMI-2F.URCBK-G3-NAOMI_3404 Plotis 293 cm Gylis 205 cm S\u0117dyn\u0117s gylis 104 cm Auk\u0161tis 89 cm S\u0117dyn\u0117s auk\u0161tis 44 cm Kolekcija Kami Spalva Naomi 3404 Atspalvis pilka Stilius modernus Med\u017eiaga audinys Miegamoji funkcija su miegojimo funkcija Miegamoji dalis 145\u00d7240 Indas su 1 indu Atsipalaidavimo funkcija be atsipalaidavimo funkcijos Reguliuojamas atlo\u0161as ne Galvos atrama be galvos atramos U\u017epildas zigzago\/bonelio spyruokl\u0117 Gamintojas Juoda Raudona Balta Bald\u0173 tipas Kampin\u0117s sofos PVM 23% EAN 5906123041188<\/p>","protected":false},"excerpt":{"rendered":"<p>Kampin\u0117 sofa \u201eKami\u201c \u2013 prakti\u0161kumas ir patogumas viename. Universali kampin\u0117 sofa \u201eKami\u201c \u2013 puikus pasirinkimas ie\u0161kantiems stilingo ir funkcionalaus baldo savo svetainei. Modernus dizainas ir auk\u0161tos kokyb\u0117s med\u017eiagos derina estetik\u0105 su patogumu ir prakti\u0161kumu, puikiai papildydamos bet kokio interjero poreikius. Patogumas ir funkcionalumas: [\u2026]<\/p>","protected":false},"featured_media":0,"comment_status":"open","ping_status":"open","template":"","meta":[],"product_brand":[],"product_cat":[9200,616],"product_tag":[],"class_list":{"0":"post-262877","1":"product","2":"type-product","3":"status-publish","5":"product_cat-black-red-white","6":"product_cat-corners","8":"first","9":"instock","10":"purchasable","11":"product-type-simple"},"_links":{"self":[{"href":"https:\/\/baldumarket.lt\/lt\/wp-json\/wp\/v2\/product\/262877","targetHints":{"allow":["GET"]}}],"collection":[{"href":"https:\/\/baldumarket.lt\/lt\/wp-json\/wp\/v2\/product"}],"about":[{"href":"https:\/\/baldumarket.lt\/lt\/wp-json\/wp\/v2\/types\/product"}],"replies":[{"embeddable":true,"href":"https:\/\/baldumarket.lt\/lt\/wp-json\/wp\/v2\/comments?post=262877"}],"wp:attachment":[{"href":"https:\/\/baldumarket.lt\/lt\/wp-json\/wp\/v2\/media?parent=262877"}],"wp:term":[{"taxonomy":"product_brand","embeddable":true,"href":"https:\/\/baldumarket.lt\/lt\/wp-json\/wp\/v2\/product_brand?post=262877"},{"taxonomy":"product_cat","embeddable":true,"href":"https:\/\/baldumarket.lt\/lt\/wp-json\/wp\/v2\/product_cat?post=262877"},{"taxonomy":"product_tag","embeddable":true,"href":"https:\/\/baldumarket.lt\/lt\/wp-json\/wp\/v2\/product_tag?post=262877"}],"curies":[{"name":"wp","href":"https:\/\/api.w.org\/{rel}","templated":true}]}}