{"id":262746,"date":"2026-01-13T23:30:32","date_gmt":"2026-01-13T20:30:32","guid":{"rendered":"https:\/\/baldumarket.lt\/product\/naroznik-prawy-rozkladany-z-pojemnikiem-aldeia-barell-04-bezowy\/"},"modified":"2026-02-11T18:19:14","modified_gmt":"2026-02-11T15:19:14","slug":"naroznik-prawy-rozkladany-z-pojemnikiem-aldeia-barell-04-bezowy","status":"publish","type":"product","link":"https:\/\/baldumarket.lt\/lt\/product\/naroznik-prawy-rozkladany-z-pojemnikiem-aldeia-barell-04-bezowy\/","title":{"rendered":"De\u0161in\u0117 i\u0161skleid\u017eiama kampin\u0117 sofa su indeliu Aldeia Barell 04 sm\u0117lio spalvos"},"content":{"rendered":"<p>\u201eAldeia\u201c de\u0161inin\u0117 kampin\u0117 sofa su vieta daiktams laikyti \u2013 i\u0161skirtinis dizainas, patogumas ir funkcionalumas. Jei ie\u0161kote tobulo baldo, kuris ne tik \u017eav\u0117t\u0173 savo i\u0161vaizda, bet ir pasi\u016blyt\u0173 neprilygstam\u0105 komfort\u0105 bei daugyb\u0119 privalum\u0173, at\u0117jote \u012f reikiam\u0105 viet\u0105. \u201eAldeia\u201c kampin\u0117 sofa pasi\u017eymi ne tik eleganti\u0161ka forma, bet ir nepriekai\u0161tingu d\u0117mesiu detal\u0117ms bei auk\u0161\u010diausio lygio funkcionalumu. Kiekvienas \u0161ios kampin\u0117s sofos elementas buvo kruop\u0161\u010diai apgalvotas, kad b\u016bt\u0173 u\u017etikrintas ne tik patogumas naudojimo metu, bet ir estetin\u0117 patirtis, suteikianti j\u016bs\u0173 interjerui unikal\u0173 charakter\u012f.<br \/>\nS\u0117dyn\u0117s ir \u010diu\u017einio vingiuotos spyruokl\u0117s garantuoja maksimal\u0173 komfort\u0105 atsipalaidavimo metu. \u201eAldeia\u201c kampin\u0117s sofos stabilumas u\u017etikrina nuolatin\u0119 atram\u0105 \u017ei\u016brint ilgus filmus ar intensyviai skaitant knyg\u0105. Trys reguliuojamos galvos atramos suteikia ergonomi\u0161k\u0105 galvos atram\u0105, leid\u017eian\u010di\u0105 jas pritaikyti \u012fvairiai veiklai.<br \/>\nDelfino tipo atlo\u0161o mechanizmas, paremtas guminiais ratukais, apsaugo grindis nuo \u012fbr\u0117\u017eim\u0173. Papildoma 126 x 183 cm dyd\u017eio poilsio erdv\u0117 \u201eAldeia\u201c kampin\u0119 sof\u0105 paver\u010dia idealia vieta sve\u010diams. \u010ciu\u017einys pagamintas i\u0161 apmu\u0161al\u0173 audinio, kuris i\u0161skleidus sof\u0105 pagerina svetain\u0117s i\u0161vaizd\u0105.<br \/>\nPrakti\u0161kas patalyn\u0117s skyrius yra papildomas \u201eAldeia\u201c modelio privalumas.<br \/>\nAbi kampin\u0117s sofos dalys turi atlo\u0161us, kurie u\u017etikrina didesn\u012f komfort\u0105. Tai u\u017etikrina, kad kiekvienas \u0161eimos narys ras patogi\u0105 viet\u0105 atsipalaiduoti ir pails\u0117ti.<br \/>\nDekoratyvin\u0117s rai\u0161tel\u0117s ant \u201eAldeia\u201c kampin\u0117s sofos s\u0117dyn\u0117s sukuria vientis\u0105 ir esteti\u0161kai patraukl\u0173 vaizd\u0105.<br \/>\n\u201eAldeia\u201c kampin\u0117 sofa pad\u0117s Jums sukurti moderni\u0105 ir i\u0161skirtin\u0119 atmosfer\u0105 savo nam\u0173 jaukumoje.<\/p>\n<p>Prek\u0117s kodas FL-NA-ALDEIA-L-G1-BARREL_4 Simbolis ZM EAN Plotis 252 cm Gylis 200 cm S\u0117dyn\u0117s gylis 58 cm Auk\u0161tis 90 cm S\u0117dyn\u0117s auk\u0161tis 43 cm Kolekcija Aldeia Spalva Barrel 04 Atspalvis sm\u0117lio Stilius modernus Med\u017eiaga audinys Miegamoji funkcija su miegojimo funkcija Miegamoji dalis 126\u00d7183 Indas su 1 indu Atsipalaidavimo funkcija be atsipalaidavimo funkcijos Reguliuojamas atlo\u0161as ne Galvos atrama su galvos atrama U\u017epildas zigzago spyruokl\u0117\/putplastis Gamintojas Juoda Raudona Balta Bald\u0173 tipas Kampin\u0117s sofos PVM 23% EAN 5906123149976<\/p>","protected":false},"excerpt":{"rendered":"<p>\u201eAldeia\u201c de\u0161inin\u0117 kampin\u0117 sofa su vieta daiktams laikyti \u2013 i\u0161skirtinis dizainas, patogumas ir funkcionalumas. Jei ie\u0161kote tobulo baldo, kuris ne tik \u017eav\u0117t\u0173 savo i\u0161vaizda, bet ir pasi\u016blyt\u0173 neprilygstam\u0105 komfort\u0105 bei daugyb\u0119 privalum\u0173, at\u0117jote \u012f reikiam\u0105 viet\u0105. \u201eAldeia\u201c kampin\u0117 sofa pasi\u017eymi ne tik eleganti\u0161ka forma, bet ir nepriekai\u0161tingu d\u0117mesiu [\u2026]<\/p>","protected":false},"featured_media":262747,"comment_status":"open","ping_status":"open","template":"","meta":[],"product_brand":[],"product_cat":[9200,616],"product_tag":[],"class_list":{"0":"post-262746","1":"product","2":"type-product","3":"status-publish","4":"has-post-thumbnail","6":"product_cat-black-red-white","7":"product_cat-corners","9":"first","10":"instock","11":"purchasable","12":"product-type-simple"},"_links":{"self":[{"href":"https:\/\/baldumarket.lt\/lt\/wp-json\/wp\/v2\/product\/262746","targetHints":{"allow":["GET"]}}],"collection":[{"href":"https:\/\/baldumarket.lt\/lt\/wp-json\/wp\/v2\/product"}],"about":[{"href":"https:\/\/baldumarket.lt\/lt\/wp-json\/wp\/v2\/types\/product"}],"replies":[{"embeddable":true,"href":"https:\/\/baldumarket.lt\/lt\/wp-json\/wp\/v2\/comments?post=262746"}],"wp:featuredmedia":[{"embeddable":true,"href":"https:\/\/baldumarket.lt\/lt\/wp-json\/wp\/v2\/media\/262747"}],"wp:attachment":[{"href":"https:\/\/baldumarket.lt\/lt\/wp-json\/wp\/v2\/media?parent=262746"}],"wp:term":[{"taxonomy":"product_brand","embeddable":true,"href":"https:\/\/baldumarket.lt\/lt\/wp-json\/wp\/v2\/product_brand?post=262746"},{"taxonomy":"product_cat","embeddable":true,"href":"https:\/\/baldumarket.lt\/lt\/wp-json\/wp\/v2\/product_cat?post=262746"},{"taxonomy":"product_tag","embeddable":true,"href":"https:\/\/baldumarket.lt\/lt\/wp-json\/wp\/v2\/product_tag?post=262746"}],"curies":[{"name":"wp","href":"https:\/\/api.w.org\/{rel}","templated":true}]}}