{"id":262667,"date":"2026-01-13T23:29:16","date_gmt":"2026-01-13T20:29:16","guid":{"rendered":"https:\/\/baldumarket.lt\/product\/naroznik-lewy-rozkladany-z-pojemnikiem-na-podwyzszonych-nozkach-mellow-element-17\/"},"modified":"2026-02-11T18:19:15","modified_gmt":"2026-02-11T15:19:15","slug":"naroznik-lewy-rozkladany-z-pojemnikiem-na-podwyzszonych-nozkach-mellow-element-17","status":"publish","type":"product","link":"https:\/\/baldumarket.lt\/lt\/product\/naroznik-lewy-rozkladany-z-pojemnikiem-na-podwyzszonych-nozkach-mellow-element-17\/","title":{"rendered":"Kairysis i\u0161skleid\u017eiamas kampinis sofas su d\u0117\u017eute ant pakelt\u0173 kojeli\u0173 MELLOW Element 17"},"content":{"rendered":"<p>\u201eMellow\u201c kampin\u0117 sofa \u2013 erdv\u0117 visai \u0161eimai. Gra\u017eiuose ir harmoninguose namuose stilingi baldai vaidina pagrindin\u012f vaidmen\u012f, o didel\u0117 \u201eMellow\u201c kampin\u0117 sofa taps j\u016bs\u0173 poilsio zonos traukos centru. Jos rafinuotas dizainas suteikia \u017eavesio interjerui ir u\u017etikrina ne\u012ftik\u0117tin\u0105 komfort\u0105. \u0160i moderni kampin\u0117 sofa su miegojimo funkcija traukia d\u0117mes\u012f ne tik savo i\u0161vaizda, bet ir prakti\u0161kumu. Nepaisant \u012fsp\u016bding\u0173 matmen\u0173 (276 x 205 cm), baldas neu\u017ego\u017eia erdv\u0117s d\u0117l eleganti\u0161k\u0173, pakelt\u0173 juodo metalo kojeli\u0173. Jos ne tik suteikia stiliaus, bet ir palengvina kampin\u0117s sofos tvarkos palaikym\u0105. Didesni sofos matmenys paver\u010dia j\u0105 puikia vieta atsipalaiduoti visai \u0161eimai ar sve\u010diams. Vakarais leisti laik\u0105 kartu, kalbantis ar \u017ei\u016brint filmus, tampa dar maloniau, ypa\u010d d\u0117l vingiuot\u0173 spyruokli\u0173 ir putplas\u010dio panaudojimo s\u0117dyn\u0117je ir atlo\u0161e, kurie suteikia i\u0161skirtin\u012f komfort\u0105. Kont\u016bruotos atlo\u0161ai ir reguliuojamos galvos atramos leid\u017eia pritaikyti baldus individualiems kiekvieno nam\u0173 \u016bkio nario poreikiams. Papildomas reguliuojamas porankis padidina \u201eMellow\u201c kampin\u0117s sofos funkcionalum\u0105, prisitaikant prie \u012fvairi\u0173 pageidavim\u0173. Nakt\u012f kampin\u0117 sofa transformuojasi \u012f patogi\u0105 lov\u0105 su vienodu 129 x 210 cm miegojimo pavir\u0161iumi. \u010ciu\u017einys, kaip ir s\u0117dyn\u0117, pasi\u017eymi vingiuotomis spyruokl\u0117mis ir putomis. Didelis patalyn\u0117s skyrius leid\u017eia lengvai susid\u0117ti papildomus daiktus. \u201eMellow\u201c kampin\u0117 sofa tiekiama de\u0161in\u0117s, tiek kair\u0117s pus\u0117s versijomis, tod\u0117l galite pasirinkti tobul\u0105 variant\u0105 savo interjerui. M\u0117gaukit\u0117s patogia poilsio zona, kuri taps m\u0117gstama visos \u0161eimos vieta. Pagrindin\u0117s savyb\u0117s: klasikinio stiliaus baldai, tiekiami de\u0161in\u0117s, tiek kair\u0117s pus\u0117s versijomis. Kont\u016bruota atlo\u0161o dalis su reguliuojamomis galvos atramomis. Plat\u016bs, reguliuojami porankiai. Didel\u0117, patogi s\u0117dyn\u0117 su atvira otomane. Vingiuotos spyruokl\u0117s s\u0117dyn\u0117je ir \u010diu\u017einyje suteikia patog\u0173 pavir\u0161i\u0173. Didelis patalyn\u0117s skyrius didesniam daikt\u0173 laikymo plotui. Pakeltos kojel\u0117s, kad b\u016bt\u0173 lengviau pasiekti grindis valymo metu. Juodos metalin\u0117s kojel\u0117s suteikia dizainui lengvumo.<\/p>\n<p>Prek\u0117s kodas FL-NA-MELLOW-RECBK.2F-G1-ELEMENT_17 Simbolis ZM EAN Plotis 276 cm Gylis 205-101 cm S\u0117dyn\u0117s gylis 63 cm Auk\u0161tis 81-93 cm S\u0117dyn\u0117s auk\u0161tis 46 cm Kolekcija Mellow Spalva Elementas 17 Atspalvis sm\u0117lio Stilius modernus Med\u017eiaga audinys Miegamoji funkcija su miegojimo funkcija Miegamoji dalis 129\u00d7210 Indas su 1 indu Atsipalaidavimo funkcija be atsipalaidavimo funkcijos Reguliuojamas atlo\u0161as ne Galvos atrama su galvos atrama U\u017epildas zigzago spyruokl\u0117\/putplastis Gamintojas Juoda Raudona Balta Bald\u0173 tipas Kampin\u0117s sofos PVM 23% EAN 5906123108447<\/p>","protected":false},"excerpt":{"rendered":"<p>\u201eMellow\u201c kampin\u0117 sofa \u2013 erdv\u0117 visai \u0161eimai. Gra\u017eiuose ir harmoninguose namuose stilingi baldai vaidina pagrindin\u012f vaidmen\u012f, o didel\u0117 \u201eMellow\u201c kampin\u0117 sofa taps j\u016bs\u0173 poilsio zonos traukos centru. Jos rafinuotas dizainas suteikia \u017eavesio interjerui ir u\u017etikrina ne\u012ftik\u0117tin\u0105 komfort\u0105. \u0160i moderni kampin\u0117 sofa su [\u2026]<\/p>","protected":false},"featured_media":262668,"comment_status":"open","ping_status":"open","template":"","meta":[],"product_brand":[],"product_cat":[9200,616],"product_tag":[],"class_list":{"0":"post-262667","1":"product","2":"type-product","3":"status-publish","4":"has-post-thumbnail","6":"product_cat-black-red-white","7":"product_cat-corners","9":"first","10":"instock","11":"purchasable","12":"product-type-simple"},"_links":{"self":[{"href":"https:\/\/baldumarket.lt\/lt\/wp-json\/wp\/v2\/product\/262667","targetHints":{"allow":["GET"]}}],"collection":[{"href":"https:\/\/baldumarket.lt\/lt\/wp-json\/wp\/v2\/product"}],"about":[{"href":"https:\/\/baldumarket.lt\/lt\/wp-json\/wp\/v2\/types\/product"}],"replies":[{"embeddable":true,"href":"https:\/\/baldumarket.lt\/lt\/wp-json\/wp\/v2\/comments?post=262667"}],"wp:featuredmedia":[{"embeddable":true,"href":"https:\/\/baldumarket.lt\/lt\/wp-json\/wp\/v2\/media\/262668"}],"wp:attachment":[{"href":"https:\/\/baldumarket.lt\/lt\/wp-json\/wp\/v2\/media?parent=262667"}],"wp:term":[{"taxonomy":"product_brand","embeddable":true,"href":"https:\/\/baldumarket.lt\/lt\/wp-json\/wp\/v2\/product_brand?post=262667"},{"taxonomy":"product_cat","embeddable":true,"href":"https:\/\/baldumarket.lt\/lt\/wp-json\/wp\/v2\/product_cat?post=262667"},{"taxonomy":"product_tag","embeddable":true,"href":"https:\/\/baldumarket.lt\/lt\/wp-json\/wp\/v2\/product_tag?post=262667"}],"curies":[{"name":"wp","href":"https:\/\/api.w.org\/{rel}","templated":true}]}}