{"id":262619,"date":"2026-01-13T23:28:36","date_gmt":"2026-01-13T20:28:36","guid":{"rendered":"https:\/\/baldumarket.lt\/product\/naroznik-lewostronny-ariado-rozkladany-z-pojemnikiem-i-regulowanym-oparciem-welurowy-zielony\/"},"modified":"2026-02-11T18:19:15","modified_gmt":"2026-02-11T15:19:15","slug":"naroznik-lewostronny-ariado-rozkladany-z-pojemnikiem-i-regulowanym-oparciem-welurowy-zielony","status":"publish","type":"product","link":"https:\/\/baldumarket.lt\/lt\/product\/naroznik-lewostronny-ariado-rozkladany-z-pojemnikiem-i-regulowanym-oparciem-welurowy-zielony\/","title":{"rendered":"Ariado kairin\u0117 kampin\u0117 sofa,i\u0161skleid\u017eiama,su skyriumi ir reguliuojamu atlo\u0161u,\u017ealias aksomas"},"content":{"rendered":"<p>\u201eAriado\u201c kampin\u0117 sofa \u2013 puikus pasirinkimas bet kokiam interjerui. Su \u201eAriado\u201c kampine sofa suteikite savo svetainei elegancijos ir funkcionalumo. \u0160is modernus baldas derina prabangi\u0105 i\u0161vaizd\u0105 su komfortu ir prakti\u0161kumu, si\u016blydamas ideal\u0173 sprendim\u0105 tiek kasdieniam naudojimui, tiek sve\u010di\u0173 pri\u0117mimui. Patogumas ir funkcionalumas: Kairysis kampin\u0117s sofos \u201eAriado\u201c s\u0117dyn\u0117 yra u\u017epildyta auk\u0161tos kokyb\u0117s putomis ir vingiuotomis spyruokl\u0117mis, u\u017etikrinan\u010diomis optimal\u0173 komfort\u0105 ir atram\u0105 kasdienio naudojimo metu. Kampin\u0117 sofa taip pat turi miegojimo funkcij\u0105 \u2013 erdvi 140 \u00d7 200 cm lova puikiai tinka retkar\u010diais pernakvoti. Be to, prakti\u0161kas patalyn\u0117s skyrius leid\u017eia patogiai laikyti antklodes ir pagalves, padedant palaikyti tvark\u0105 svetain\u0117je. Praktin\u0117s savyb\u0117s: Kampin\u0117 sofa \u201eAriado\u201c turi delfino tipo sulankstymo sistem\u0105, leid\u017eian\u010di\u0105 greitai ir lengvai transformuotis \u012f lov\u0105. Tvirta konstrukcija ir patikimas mechanizmas u\u017etikrina, kad \u0161i kampin\u0117 sofa tarnaus jums daugel\u012f met\u0173. Veli\u016brinis apmu\u0161alas suteikia interjerui prabangos, be to, yra malonus liesti ir lengvai valomas. Dizainas ir stilius: Eleganti\u0161kos puo\u0161menos stiling\u0173 rai\u0161teli\u0173 pavidalu suteikia kampinei sofai unikali\u0105 i\u0161vaizd\u0105, kuri puikiai dera prie modernaus interjero dizaino. Paprastos linijos ir minimalistinis dizainas daro \u0161\u012f bald\u0105 puikiu bet kurio svetain\u0117s papildymu. Apmu\u0161alams naudojamas \u201eVoss 78\u201c audinys suteikia elegancijos ir rafinuotumo. Ypatyb\u0117s: De\u0161inioji kampin\u0117 sofa su miegojimo funkcija, kurios matmenys \u2013 140 \u00d7 200 cm. Delfino stiliaus i\u0161skleidimo sistema \u2013 greitas ir lengvas i\u0161skleidimas. Auk\u0161tos kokyb\u0117s putplastis ir vingiuotos spyruokl\u0117s s\u0117dyn\u0117je \u2013 optimalus komfortas ir atrama. Patalyn\u0117 \u2013 papildoma vieta daiktams susid\u0117ti. Mink\u0161tas ir eleganti\u0161kas aksominis apmu\u0161alas \u2013 prabangi i\u0161vaizda ir komfortas. Stilingos rai\u0161teliai \u2013 eleganti\u0161kas ir modernus dizainas. Santrauka: De\u0161inioji kampin\u0117 sofa \u201eAriado\u201c yra puikus pasirinkimas tiems, kurie ie\u0161ko bald\u0173, kurie derint\u0173 modern\u0173 dizain\u0105, komfort\u0105 ir funkcionalum\u0105. Eleganti\u0161kos detal\u0117s, patogi miegojimo funkcija ir prakti\u0161ka patalyn\u0117s d\u0117\u017e\u0117 leid\u017eia jai puikiai der\u0117ti prie bet kokio modernaus interjero, suteikiant jai stiliaus ir prabangos.<\/p>\n<p>Prek\u0117s kodas FL-NA-ARIADO-RECBK.2F-G1-VOSS_78 Plotis 254 cm Gylis 187 cm S\u0117dyn\u0117s gylis 56-72 cm Auk\u0161tis 94-110 cm S\u0117dyn\u0117s auk\u0161tis 50 cm Kolekcija Ariado Spalva Voss 78 Atspalvis \u017ealia Stilius modernus Med\u017eiaga aksomas Miegamoji funkcija su miegojimo funkcija Miegamoji dalis 140\u00d7200 Indas su 1 indu Atsipalaidavimo funkcija be atsipalaidavimo funkcijos Reguliuojamas atlo\u0161as yra Galvos atrama su galvos atrama U\u017epildas zigzago spyruokl\u0117\/putplastis Gamintojas Juoda Raudona Balta Bald\u0173 tipas Kampin\u0117s sofos PVM 23% EAN 5906123041140<\/p>","protected":false},"excerpt":{"rendered":"<p>\u201eAriado\u201c kampin\u0117 sofa \u2013 puikus pasirinkimas bet kokiam interjerui. Su \u201eAriado\u201c kampine sofa suteikite savo svetainei elegancijos ir funkcionalumo. \u0160is modernus baldas derina prabangi\u0105 i\u0161vaizd\u0105 su komfortu ir prakti\u0161kumu, tod\u0117l idealiai tinka tiek kasdieniam naudojimui, tiek sve\u010di\u0173 pri\u0117mimui. Patogumas ir funkcionalumas: kair\u0117s pus\u0117s kampin\u0117 sofa \u201eAriado\u201c pasi\u017eymi [\u2026]<\/p>","protected":false},"featured_media":262620,"comment_status":"open","ping_status":"open","template":"","meta":[],"product_brand":[],"product_cat":[9200,616],"product_tag":[],"class_list":{"0":"post-262619","1":"product","2":"type-product","3":"status-publish","4":"has-post-thumbnail","6":"product_cat-black-red-white","7":"product_cat-corners","9":"first","10":"instock","11":"purchasable","12":"product-type-simple"},"_links":{"self":[{"href":"https:\/\/baldumarket.lt\/lt\/wp-json\/wp\/v2\/product\/262619","targetHints":{"allow":["GET"]}}],"collection":[{"href":"https:\/\/baldumarket.lt\/lt\/wp-json\/wp\/v2\/product"}],"about":[{"href":"https:\/\/baldumarket.lt\/lt\/wp-json\/wp\/v2\/types\/product"}],"replies":[{"embeddable":true,"href":"https:\/\/baldumarket.lt\/lt\/wp-json\/wp\/v2\/comments?post=262619"}],"wp:featuredmedia":[{"embeddable":true,"href":"https:\/\/baldumarket.lt\/lt\/wp-json\/wp\/v2\/media\/262620"}],"wp:attachment":[{"href":"https:\/\/baldumarket.lt\/lt\/wp-json\/wp\/v2\/media?parent=262619"}],"wp:term":[{"taxonomy":"product_brand","embeddable":true,"href":"https:\/\/baldumarket.lt\/lt\/wp-json\/wp\/v2\/product_brand?post=262619"},{"taxonomy":"product_cat","embeddable":true,"href":"https:\/\/baldumarket.lt\/lt\/wp-json\/wp\/v2\/product_cat?post=262619"},{"taxonomy":"product_tag","embeddable":true,"href":"https:\/\/baldumarket.lt\/lt\/wp-json\/wp\/v2\/product_tag?post=262619"}],"curies":[{"name":"wp","href":"https:\/\/api.w.org\/{rel}","templated":true}]}}