{"id":262587,"date":"2026-01-13T23:28:08","date_gmt":"2026-01-13T20:28:08","guid":{"rendered":"https:\/\/baldumarket.lt\/product\/naroznik-lewostronny-aragon-rozkladany-z-regulowanym-zaglowkiem-i-siedziskiem-bezowy\/"},"modified":"2026-02-11T18:19:16","modified_gmt":"2026-02-11T15:19:16","slug":"naroznik-lewostronny-aragon-rozkladany-z-regulowanym-zaglowkiem-i-siedziskiem-bezowy","status":"publish","type":"product","link":"https:\/\/baldumarket.lt\/lt\/product\/naroznik-lewostronny-aragon-rozkladany-z-regulowanym-zaglowkiem-i-siedziskiem-bezowy\/","title":{"rendered":"Aragon kairin\u0117 kampin\u0117 sofa su reguliuojamo auk\u0161\u010dio galvos atrama ir s\u0117dyne, sm\u0117lio spalvos"},"content":{"rendered":"<p>\u201eAragon\u201c kampin\u0117 sofa \u2013 patogumas ir modernumas. \u201eAragon\u201c kampin\u0117 sofa \u2013 tai baldas, puikiai derinantis modern\u0173 dizain\u0105 su funkcionalumu, u\u017etikrinantis patogum\u0105 ir prakti\u0161kum\u0105 kasdieniam naudojimui. D\u0117l apgalvot\u0173 savybi\u0173, toki\u0173 kaip reguliuojamos galvos atramos ir s\u0117dyn\u0117, sof\u0105 galite pritaikyti pagal individualius poreikius, u\u017etikrindami komfort\u0105 kiekvienoje situacijoje. Patogumas ir funkcionalumas. Kairiarank\u0117 \u201eAragon\u201c kampin\u0117 sofa turi miegojimo funkcij\u0105, tod\u0117l ji idealiai tinka tiek dienos poilsiui, tiek kaip lova nak\u010diai. I\u0161skleista miegamoji dalis yra 140 x 198 cm dyd\u017eio, tod\u0117l joje gali miegoti du \u017emon\u0117s ir patogiai miegoti. S\u0117dyn\u0117, u\u017epildyta putomis ir vingiuotomis spyruokl\u0117mis, suteikia tinkam\u0105 k\u016bno atram\u0105, u\u017etikrindama ilgalaik\u012f komfort\u0105 tiek s\u0117dint, tiek miegant. Praktin\u0117s savyb\u0117s. \u201eAragon\u201c kampin\u0117je sofoje yra \u012fmontuotas patalyn\u0117s skyrius, kuriame lengva laikyti tekstil\u0117s gaminius, tokius kaip antklod\u0117s, pagalv\u0117s ir apklotai, ir pad\u0117ti palaikyti tvark\u0105. \u0160is sprendimas ypa\u010d prakti\u0161kas ma\u017eesn\u0117se erdv\u0117se, kur bet kokia papildoma daikt\u0173 laikymo vieta yra vertinga. Dizainas ir stilius: Vienas i\u0161 pagrindini\u0173 \u201eAragon\u201c kampin\u0117s sofos savybi\u0173 \u2013 reguliuojamos galvos atramos ir s\u0117dyn\u0117, kuriuos galima reguliuoti pagal j\u016bs\u0173 pageidavimus, u\u017etikrinant tobul\u0105 atsipalaidavimo pad\u0117t\u012f. Paprasta, moderni kampin\u0117s sofos forma kartu su eleganti\u0161ku \u201eVoss 28\u201c audiniu puikiai tinka \u012fvairiems interjero dizainams, suteikia stiliaus ir funkcionalumo. Ypatyb\u0117s: Miegamoji funkcija \u2013 140 \u00d7 198 cm, patogi miegojimo zona dviem \u017emon\u0117ms. \u012emontuota patalyn\u0117s saugykla \u2013 papildoma daikt\u0173 laikymo vieta. Reguliuojamos galvos atramos ir s\u0117dyn\u0117 \u2013 gali b\u016bti reguliuojami pagal individualius poreikius. S\u0117dyn\u0117s u\u017epildas su vingiuotomis spyruokl\u0117mis ir putomis \u2013 ilgalaikis s\u0117d\u0117jimas ir miegojimo komfortas. Modernus dizainas \u2013 puikiai tinka \u0161iuolaikiniam interjerui. Santrauka: \u201eAragon\u201c kampin\u0117 sofa yra puikus sprendimas tiems, kurie vertina modernum\u0105, funkcionalum\u0105 ir komfort\u0105 viename. Reguliuojamos galvos atramos, miegojimo funkcija ir \u012fmontuota patalyn\u0117s saugykla paver\u010dia j\u0105 prakti\u0161ku baldu kasdieniam naudojimui, kuris taip pat suteikia interjerui elegancijos.<\/p>\n<p>Prek\u0117s kodas FL-NA-ARAGON-OTMBK.2F-G1-VOSS_28 Plotis 270 cm Gylis 230 cm S\u0117dyn\u0117s gylis 55-70 cm Auk\u0161tis 90-150 cm S\u0117dyn\u0117s auk\u0161tis 45 cm Kolekcija Aragon Spalva Voss 28 Atspalvis sm\u0117lio Stilius modernus Med\u017eiaga aksomas Miegamoji funkcija su miegojimo funkcija Miegamoji dalis 140\u00d7198 Indas su 1 indu Atsipalaidavimo funkcija be atsipalaidavimo funkcijos Reguliuojamas atlo\u0161as yra Galvos atrama su galvos atrama U\u017epildas zigzago spyruokl\u0117\/putplastis Gamintojas Juoda Raudona Balta Bald\u0173 tipas Kampin\u0117s sofos PVM 23% EAN 5906123041072<\/p>","protected":false},"excerpt":{"rendered":"<p>\u201eAragon\u201c kampin\u0117 sofa \u2013 patogumas ir modernumas. \u201eAragon\u201c kampin\u0117 sofa \u2013 tai baldas, puikiai derinantis modern\u0173 dizain\u0105 su funkcionalumu, u\u017etikrinantis patogum\u0105 ir prakti\u0161kum\u0105 kasdieniam naudojimui. Apgalvotos savyb\u0117s, tokios kaip reguliuojamos galvos atramos ir s\u0117dyn\u0117, leid\u017eia pritaikyti sof\u0105 pagal individualius poreikius, u\u017etikrinant komfort\u0105 kiekvienoje situacijoje. [\u2026]<\/p>","protected":false},"featured_media":262588,"comment_status":"open","ping_status":"open","template":"","meta":[],"product_brand":[],"product_cat":[9200,616],"product_tag":[],"class_list":{"0":"post-262587","1":"product","2":"type-product","3":"status-publish","4":"has-post-thumbnail","6":"product_cat-black-red-white","7":"product_cat-corners","9":"first","10":"instock","11":"purchasable","12":"product-type-simple"},"_links":{"self":[{"href":"https:\/\/baldumarket.lt\/lt\/wp-json\/wp\/v2\/product\/262587","targetHints":{"allow":["GET"]}}],"collection":[{"href":"https:\/\/baldumarket.lt\/lt\/wp-json\/wp\/v2\/product"}],"about":[{"href":"https:\/\/baldumarket.lt\/lt\/wp-json\/wp\/v2\/types\/product"}],"replies":[{"embeddable":true,"href":"https:\/\/baldumarket.lt\/lt\/wp-json\/wp\/v2\/comments?post=262587"}],"wp:featuredmedia":[{"embeddable":true,"href":"https:\/\/baldumarket.lt\/lt\/wp-json\/wp\/v2\/media\/262588"}],"wp:attachment":[{"href":"https:\/\/baldumarket.lt\/lt\/wp-json\/wp\/v2\/media?parent=262587"}],"wp:term":[{"taxonomy":"product_brand","embeddable":true,"href":"https:\/\/baldumarket.lt\/lt\/wp-json\/wp\/v2\/product_brand?post=262587"},{"taxonomy":"product_cat","embeddable":true,"href":"https:\/\/baldumarket.lt\/lt\/wp-json\/wp\/v2\/product_cat?post=262587"},{"taxonomy":"product_tag","embeddable":true,"href":"https:\/\/baldumarket.lt\/lt\/wp-json\/wp\/v2\/product_tag?post=262587"}],"curies":[{"name":"wp","href":"https:\/\/api.w.org\/{rel}","templated":true}]}}