{"id":262563,"date":"2026-01-13T23:27:48","date_gmt":"2026-01-13T20:27:48","guid":{"rendered":"https:\/\/baldumarket.lt\/product\/nakladka-na-materac-volan-140x200\/"},"modified":"2026-02-11T18:19:16","modified_gmt":"2026-02-11T15:19:16","slug":"nakladka-na-materac-volan-140x200","status":"publish","type":"product","link":"https:\/\/baldumarket.lt\/lt\/product\/nakladka-na-materac-volan-140x200\/","title":{"rendered":"\u010ciu\u017einio u\u017etiesalas \u201eVolan\u201c 140\u00d7200"},"content":{"rendered":"<p>\u201eVolan 140\u201c higieninis u\u017edangalas \u2013 \u0161vari aplinka jums ir j\u016bs\u0173 augintiniui. Jei m\u0117gstate tingius rytus ir vakarus leisti lovoje su savo m\u0117gstamiausiu augintiniu, apsvarstykite galimyb\u0119 j\u012f apr\u016bpinti higieniniu u\u017edangalu \u201eVolan\u201c. Specialus \u201ePeticair\u201c audinys pasir\u016bpins j\u016bs\u0173 sveikata, apsaugos nuo alergen\u0173, mikrob\u0173 ir bakterij\u0173, kurias platina gyv\u016bnai. Tai rei\u0161kia, kad gal\u0117site ilgiau \u017eaisti su savo keturkoju draugu, nesijaudindami d\u0117l alergij\u0173 sau ar savo vaikams. \u0160is unikalus audinys turi nat\u016brali\u0173 probiotik\u0173, kurie veiksmingai suma\u017eina gyv\u016bn\u0173 alergen\u0173 kiek\u012f stulbinan\u010diu 92,8%! \u0160iuos rezultatus patvirtino Vokietijos BMA laboratorija. Tai pad\u0117s i\u0161vengti paraudusi\u0173 aki\u0173, kosulio ir slogos, kurie gali sutrikdyti j\u016bs\u0173 pramogas. 140 \u00d7 200 cm u\u017edangalas susideda i\u0161 trij\u0173 sluoksni\u0173: \u201ePeticair\u201c audinio vir\u0161utinio sluoksnio, puraus vidinio u\u017epildo ir mikropluo\u0161to pagrindo. J\u012f galima skalbti iki 60 \u00b0C temperat\u016broje, tod\u0117l j\u012f lengva pri\u017ei\u016br\u0117ti. Augininiams pritaikytas \u010diu\u017einio u\u017etiesalas yra \u012fvairi\u0173 dyd\u017ei\u0173: 90 \u00d7 200 cm, 120 \u00d7 200 cm, 140 \u00d7 200 cm, 160 \u00d7 200 cm ir 180 \u00d7 200 cm, tod\u0117l tinka beveik bet kokio tipo lovai \u2013 nesvarbu, ar tai vaikui, paaugliui, ar j\u016bs\u0173 didelei dvigulei lovai. Padovanokite savo augintiniui ir sau sveiko ir \u0161varaus miego prabang\u0105!<\/p>\n<p>Prek\u0117s kodas L07-NAK-VOLAN_PETICAIR-140-MAT01-BK Simbolis ZM EAN Ilgis 200 cm Plotis 140 cm Auk\u0161tis 2 cm Kolekcija Volan Miegamoji dalis 140\u00d7200 U\u017epildas purus neaustinis audinys Kietumo zonos 1 zona Nenuimamas u\u017evalkalas Gamintojas Juoda Raudona Balta Baldo tipas \u010ciu\u017einiai PVM mokestis 23%<\/p>","protected":false},"excerpt":{"rendered":"<p>\u201eVolan 140\u201c higieninis u\u017edangalas \u2013 \u0161vari aplinka jums ir j\u016bs\u0173 augintiniui. Jei m\u0117gstate leisti tingius rytus ir vakarus lovoje su savo m\u0117gstamiausiu augintiniu, apsvarstykite galimyb\u0119 jam u\u017ed\u0117ti higienin\u012f u\u017edangal\u0105 \u201eVolan\u201c. Specialus \u201ePeticair\u201c audinys pasir\u016bpins j\u016bs\u0173 sveikata, apsaugos nuo alergen\u0173, mikrob\u0173 ir bakterij\u0173, kurias platina gyv\u016bnai. \u0160is [\u2026]<\/p>","protected":false},"featured_media":262564,"comment_status":"open","ping_status":"open","template":"","meta":[],"product_brand":[],"product_cat":[9200,1099],"product_tag":[],"class_list":{"0":"post-262563","1":"product","2":"type-product","3":"status-publish","4":"has-post-thumbnail","6":"product_cat-black-red-white","7":"product_cat-mattresses","9":"first","10":"instock","11":"purchasable","12":"product-type-simple"},"_links":{"self":[{"href":"https:\/\/baldumarket.lt\/lt\/wp-json\/wp\/v2\/product\/262563","targetHints":{"allow":["GET"]}}],"collection":[{"href":"https:\/\/baldumarket.lt\/lt\/wp-json\/wp\/v2\/product"}],"about":[{"href":"https:\/\/baldumarket.lt\/lt\/wp-json\/wp\/v2\/types\/product"}],"replies":[{"embeddable":true,"href":"https:\/\/baldumarket.lt\/lt\/wp-json\/wp\/v2\/comments?post=262563"}],"wp:featuredmedia":[{"embeddable":true,"href":"https:\/\/baldumarket.lt\/lt\/wp-json\/wp\/v2\/media\/262564"}],"wp:attachment":[{"href":"https:\/\/baldumarket.lt\/lt\/wp-json\/wp\/v2\/media?parent=262563"}],"wp:term":[{"taxonomy":"product_brand","embeddable":true,"href":"https:\/\/baldumarket.lt\/lt\/wp-json\/wp\/v2\/product_brand?post=262563"},{"taxonomy":"product_cat","embeddable":true,"href":"https:\/\/baldumarket.lt\/lt\/wp-json\/wp\/v2\/product_cat?post=262563"},{"taxonomy":"product_tag","embeddable":true,"href":"https:\/\/baldumarket.lt\/lt\/wp-json\/wp\/v2\/product_tag?post=262563"}],"curies":[{"name":"wp","href":"https:\/\/api.w.org\/{rel}","templated":true}]}}