{"id":262547,"date":"2026-01-13T23:27:33","date_gmt":"2026-01-13T20:27:33","guid":{"rendered":"https:\/\/baldumarket.lt\/product\/nadstawka-narozna-do-komody-kent-58-cm-kasztan\/"},"modified":"2026-02-11T18:19:16","modified_gmt":"2026-02-11T15:19:16","slug":"nadstawka-narozna-do-komody-kent-58-cm-kasztan","status":"publish","type":"product","link":"https:\/\/baldumarket.lt\/lt\/product\/nadstawka-narozna-do-komody-kent-58-cm-kasztan\/","title":{"rendered":"KENT komodos kampinis prailginimas, 58 cm, ka\u0161tono spalvos"},"content":{"rendered":"<p>\u201eKent\u201c vitrina \u2013 rafinuota sienin\u0117 vitrina. Pagrindiniai klasikin\u0117s \u201eKent\u201c modulin\u0117s kolekcijos bruo\u017eai \u2013 eleganti\u0161ka i\u0161vaizda ir nesenstantis gro\u017eis. \u201eKent\u201c vitrina \u2013 tai eleganti\u0161kas klasikinio stiliaus baldas, kuris geriausiai dera su kampine \u201eKent\u201c kolekcijos indauja. U\u017e stiklinio priekio yra dvi lentynos, kuriose gra\u017eiai eksponuojami stalo \u012frankiai, dekoracijos ir \u0161eimos nuotraukos.<\/p>\n<p>Visoje kolekcijoje naudojama i\u0161skirtin\u0117 fanera puikiai perteikia neapdorotos medienos charakter\u012f ir tekst\u016br\u0105. Bald\u0173 \u017eavesys kyla i\u0161 \u0161ilto ka\u0161tono atspalvio.<\/p>\n<p>Puo\u0161niai stilizuotos rankenos, primenan\u010dios papuo\u0161alus, puikiai papildo rai\u017eytas dekoracijas, suteikdamos k\u016briniui unikali\u0105 i\u0161vaizd\u0105.<\/p>\n<p>\u017dinomo prek\u0117s \u017eenklo vyriai u\u017etikrina skland\u0173 fasad\u0173 veikim\u0105 ir tiksl\u0173 trimat\u012f reguliavim\u0105.<\/p>\n<p>Baldus galima derinti su kitais \u201eKent\u201c kolekcijos elementais. Pasirink\u0119 tuos, kurie atitinka j\u016bs\u0173 poreikius, galite sukurti unikal\u0173 interjero dizain\u0105 savo namams.<\/p>\n<p>Prek\u0117s kodas S10-ENAD1WN-KA Simbolis ZM EAN Plotis 58,5 cm Gylis 58,5 cm Auk\u0161tis 114,5 cm Kolekcija Kent Spalva ka\u0161tonin\u0117 Atspalvis tamsi mediena Stilius klasikinis Med\u017eiaga laminatas Dureli\u0173 skai\u010dius 1 dur\u0173 Rankena su ranken\u0117l\u0117mis Gamintojas Juoda Raudona Balta Baldo tipas Komodos PVM 23% EAN 5906123882200<\/p>","protected":false},"excerpt":{"rendered":"<p>\u201eKent\u201c vitrina \u2013 rafinuota sienin\u0117 vitrina. Pagrindiniai klasikin\u0117s \u201eKent\u201c modulin\u0117s kolekcijos bruo\u017eai \u2013 eleganti\u0161ka i\u0161vaizda ir nesenstantis gro\u017eis. \u201eKent\u201c vitrina \u2013 tai eleganti\u0161kas klasikinio stiliaus baldas, kuris geriausiai dera su kampine \u201eKent\u201c kolekcijos indauja. U\u017e stiklin\u0117s priekin\u0117s dalies yra du [\u2026]<\/p>","protected":false},"featured_media":262548,"comment_status":"open","ping_status":"open","template":"","meta":[],"product_brand":[],"product_cat":[9200,1043],"product_tag":[],"class_list":{"0":"post-262547","1":"product","2":"type-product","3":"status-publish","4":"has-post-thumbnail","6":"product_cat-black-red-white","7":"product_cat-extras","9":"first","10":"instock","11":"purchasable","12":"product-type-simple"},"_links":{"self":[{"href":"https:\/\/baldumarket.lt\/lt\/wp-json\/wp\/v2\/product\/262547","targetHints":{"allow":["GET"]}}],"collection":[{"href":"https:\/\/baldumarket.lt\/lt\/wp-json\/wp\/v2\/product"}],"about":[{"href":"https:\/\/baldumarket.lt\/lt\/wp-json\/wp\/v2\/types\/product"}],"replies":[{"embeddable":true,"href":"https:\/\/baldumarket.lt\/lt\/wp-json\/wp\/v2\/comments?post=262547"}],"wp:featuredmedia":[{"embeddable":true,"href":"https:\/\/baldumarket.lt\/lt\/wp-json\/wp\/v2\/media\/262548"}],"wp:attachment":[{"href":"https:\/\/baldumarket.lt\/lt\/wp-json\/wp\/v2\/media?parent=262547"}],"wp:term":[{"taxonomy":"product_brand","embeddable":true,"href":"https:\/\/baldumarket.lt\/lt\/wp-json\/wp\/v2\/product_brand?post=262547"},{"taxonomy":"product_cat","embeddable":true,"href":"https:\/\/baldumarket.lt\/lt\/wp-json\/wp\/v2\/product_cat?post=262547"},{"taxonomy":"product_tag","embeddable":true,"href":"https:\/\/baldumarket.lt\/lt\/wp-json\/wp\/v2\/product_tag?post=262547"}],"curies":[{"name":"wp","href":"https:\/\/api.w.org\/{rel}","templated":true}]}}