{"id":262539,"date":"2026-01-13T23:27:25","date_gmt":"2026-01-13T20:27:25","guid":{"rendered":"https:\/\/baldumarket.lt\/product\/nadstawka-nandu-100-cm-jasny-szary-dab-polski\/"},"modified":"2026-02-11T18:19:16","modified_gmt":"2026-02-11T15:19:16","slug":"nadstawka-nandu-100-cm-jasny-szary-dab-polski","status":"publish","type":"product","link":"https:\/\/baldumarket.lt\/lt\/product\/nadstawka-nandu-100-cm-jasny-szary-dab-polski\/","title":{"rendered":"NANDU prailginimas 100 cm \u0161viesiai pilka\/poliruotas \u0105\u017euolas"},"content":{"rendered":"<p>\u201eNandu\u201c stalo prailginimas \u2013 saugojimas, eksponavimas, pl\u0117timas. Reikia daugiau vietos sutvarkyti stal\u0105? \u201eNandu BIU1S\u201c stalo prailginimas yra atsakymas \u012f j\u016bs\u0173 poreikius. Jis si\u016blo ne tik papildom\u0105 daikt\u0173 laikymo viet\u0105, bet ir stiling\u0105 apdovanojim\u0173, skaitymo med\u017eiagos ir meno k\u016brini\u0173 ekspozicij\u0105. \u201eNandu BIU1S\u201c stalo prailginimas yra tikras rojus tiems, kurie m\u0117gsta tvark\u0105. D\u0117l \u012fvairi\u0173 auk\u0161\u010di\u0173 ir plo\u010di\u0173 lentyn\u0173 galite laikyti visus svarbius daiktus savo tinkamoje vietoje. Nuo konkurs\u0173 priz\u0173 iki mokyklini\u0173 skaitymo priemoni\u0173 \u2013 kiekvienas daiktas \u010dia ras savo tobul\u0105 viet\u0105. \u0160viesiai pilkas r\u0117mas puikiai papildo \u0161ilt\u0105 lenki\u0161ko \u0105\u017euolo atspalv\u012f lentynose, sukurdamas harmoning\u0105 kompozicij\u0105. \u201eNandu BIU1S\u201c stalo prailginimas ne tik atlieka praktin\u0119 funkcij\u0105, bet ir suteikia j\u016bs\u0173 erdvei elegancijos bei modernumo. Derindami stal\u0105 su \u201eNandu\u201c stalo prailginimu, sukursite visavert\u0119 erdv\u0119 mokymuisi ir darbui. Prid\u0117j\u0119 prie kolekcijos kit\u0173 element\u0173, sukursite darni\u0105 aplink\u0105 savo vaikui lavinti savo pom\u0117gius ir pramogauti. \u201eNandu BIU1S\u201c yra ne tik baldas \u2013 tai investicija \u012f j\u016bs\u0173 erdv\u0117s organizavim\u0105 ir estetik\u0105. Suteikdamas daugiau vietos daiktams laikyti, jis taip pat leid\u017eia jums eksponuoti jums svarbius daiktus. Sukurkite tobul\u0105 viet\u0105 mokymuisi, pramogoms ir tobul\u0117jimui su \u201eNandu BIU1S\u201c priestatu.<\/p>\n<p>Prek\u0117s kodas S441-NAD-JSZ\/DP Simbolis ZM EAN Ilgis 100 cm Plotis 20 cm Auk\u0161tis 64 cm Kolekcija Nandu Spalva \u0161viesiai pilka\/poliruoto \u0105\u017euolo Atspalvis pilkas Stilius modernus Med\u017eiaga laminatas Gamintojas Juoda Raudona Balta Baldo tipas Spintos PVM 23% EAN 5906123952507<\/p>","protected":false},"excerpt":{"rendered":"<p>\u201eNandu\u201c stalo prailginimas \u2013 laikykite, eksponuokite, pl\u0117skite. Reikia daugiau vietos sutvarkyti savo stal\u0105? \u201eNandu BIU1S\u201c stalo prailginimas yra atsakymas \u012f j\u016bs\u0173 poreikius. Jis si\u016blo ne tik papildom\u0105 daikt\u0173 laikymo viet\u0105, bet ir stiling\u0105 apdovanojim\u0173, skaitymo med\u017eiagos ir meno k\u016brini\u0173 ekspozicij\u0105. \u201eNandu BIU1S\u201c stalo prailginimas yra tikras rojus tiems, kurie m\u0117gsta [\u2026]<\/p>","protected":false},"featured_media":262540,"comment_status":"open","ping_status":"open","template":"","meta":[],"product_brand":[],"product_cat":[9200,1043],"product_tag":[],"class_list":{"0":"post-262539","1":"product","2":"type-product","3":"status-publish","4":"has-post-thumbnail","6":"product_cat-black-red-white","7":"product_cat-extras","9":"first","10":"instock","11":"purchasable","12":"product-type-simple"},"_links":{"self":[{"href":"https:\/\/baldumarket.lt\/lt\/wp-json\/wp\/v2\/product\/262539","targetHints":{"allow":["GET"]}}],"collection":[{"href":"https:\/\/baldumarket.lt\/lt\/wp-json\/wp\/v2\/product"}],"about":[{"href":"https:\/\/baldumarket.lt\/lt\/wp-json\/wp\/v2\/types\/product"}],"replies":[{"embeddable":true,"href":"https:\/\/baldumarket.lt\/lt\/wp-json\/wp\/v2\/comments?post=262539"}],"wp:featuredmedia":[{"embeddable":true,"href":"https:\/\/baldumarket.lt\/lt\/wp-json\/wp\/v2\/media\/262540"}],"wp:attachment":[{"href":"https:\/\/baldumarket.lt\/lt\/wp-json\/wp\/v2\/media?parent=262539"}],"wp:term":[{"taxonomy":"product_brand","embeddable":true,"href":"https:\/\/baldumarket.lt\/lt\/wp-json\/wp\/v2\/product_brand?post=262539"},{"taxonomy":"product_cat","embeddable":true,"href":"https:\/\/baldumarket.lt\/lt\/wp-json\/wp\/v2\/product_cat?post=262539"},{"taxonomy":"product_tag","embeddable":true,"href":"https:\/\/baldumarket.lt\/lt\/wp-json\/wp\/v2\/product_tag?post=262539"}],"curies":[{"name":"wp","href":"https:\/\/api.w.org\/{rel}","templated":true}]}}