{"id":262515,"date":"2026-01-13T23:27:07","date_gmt":"2026-01-13T20:27:07","guid":{"rendered":"https:\/\/baldumarket.lt\/product\/nadstawka-do-szafy-brando-4-dab-artisan-textil-bialy\/"},"modified":"2026-02-11T18:19:17","modified_gmt":"2026-02-11T15:19:17","slug":"nadstawka-do-szafy-brando-4-dab-artisan-textil-bialy","status":"publish","type":"product","link":"https:\/\/baldumarket.lt\/lt\/product\/nadstawka-do-szafy-brando-4-dab-artisan-textil-bialy\/","title":{"rendered":"Spintos prailginimas BRANDO 4, dirbtinis \u0105\u017euolas\/tekstil\u0117\/balta"},"content":{"rendered":"<p>\u201eBrando 4\u201c spintos prailginimas \u2013 tobula tvarka ir funkcionalumas viename. Svajojate apie tobul\u0105 tvark\u0105 savo spintoje? \u201eBrando 4\u201c spintos prailginimas yra pagrindinis sprendimas, kuris ne tik puikiai sutvarko erdv\u0119, bet ir suteikia interjerui elegancijos bei funkcionalumo. Keturi\u0173 dur\u0173 prailginimo konstrukcija garantuoja optimal\u0173 turimos erdv\u0117s i\u0161naudojim\u0105, o tai ypa\u010d svarbu ma\u017eose erdv\u0117se. Dabar kiekvienas centimetras tampa vertinga daikt\u0173 laikymo vieta, tuo pa\u010diu u\u017etikrinant lengv\u0105 prieig\u0105 prie vis\u0173 viduje laikom\u0173 daikt\u0173. Ergonomi\u0161kos prailginimo rankenos paver\u010dia j\u012f tikru malonumu. Kasdien atidaryti ir u\u017edaryti duris tampa lengva ir patogu, o visa spinta tampa eleganti\u0161ka. Su \u201eBrando 4\u201c spintos prailginimu \u012fgysite ne tik puiki\u0105 tvark\u0105, bet ir didesn\u012f lankstum\u0105 tvarkydami savo erdv\u0119. Tai ne tik baldas; tai \u012frankis, padedantis palaikyti tvark\u0105 j\u016bs\u0173 miegamajame ar svetain\u0117je ir kartu suteikiantis interjerui stiliaus. \u201eBrando 4\u201c spintos prailginim\u0105 galima lengvai priderinti tiek spalva, tiek stiliumi prie tos pa\u010dios serijos spintos. Suk\u016br\u0119 darn\u0173 komplekt\u0105, \u012fgysite ne tik puiki\u0105 tvark\u0105, bet ir esteti\u0161kai patraukl\u0173 bei harmoning\u0105 interjer\u0105. Patvar\u016bs, universal\u016bs ir \u012fsp\u016bdingi \u201eBrando\u201c serijos baldai yra ne tik baldas, bet ir investicija \u012f nesenstant\u012f interjer\u0105. Palaikykite tvark\u0105 ir tobul\u0105 organizacij\u0105 su \u201eBrando 4\u201c spintos prailginimu.<\/p>\n<p>Prek\u0117s kodas F80-NAD4D-DASN\/TX\/BI Simbolis ZM EAN Plotis 181 cm Gylis 54 cm Auk\u0161tis 39 cm Kolekcija Brando Spalva \u0105\u017euolas\/tekstil\u0117\/balta Gaubtas \u0161viesi mediena Stilius modernus Med\u017eiaga laminatas Dureli\u0173 skai\u010dius 4 dur\u0173 Stal\u010di\u0173 skai\u010dius be stal\u010di\u0173 Rankena su rankenomis Gamintojas Juoda Raudona Balta Baldo tipas Spintos PVM 23% EAN 5906123851213<\/p>","protected":false},"excerpt":{"rendered":"<p>\u201eBrando 4\u201c spintos priestatas \u2013 tobula tvarka ir funkcionalumas viename. Svajojate apie tobul\u0105 tvark\u0105 savo spintoje? \u201eBrando 4\u201c spintos priestatas yra pagrindinis sprendimas, kuris ne tik puikiai sutvarko erdv\u0119, bet ir suteikia interjerui elegancijos bei funkcionalumo. Ketveri\u0173 dur\u0173 priestato konstrukcija garantuoja optimal\u0173 turimos erdv\u0117s i\u0161naudojim\u0105, o tai ypa\u010d svarbu [\u2026]<\/p>","protected":false},"featured_media":262516,"comment_status":"open","ping_status":"open","template":"","meta":[],"product_brand":[],"product_cat":[9200,1043],"product_tag":[],"class_list":{"0":"post-262515","1":"product","2":"type-product","3":"status-publish","4":"has-post-thumbnail","6":"product_cat-black-red-white","7":"product_cat-extras","9":"first","10":"instock","11":"purchasable","12":"product-type-simple"},"_links":{"self":[{"href":"https:\/\/baldumarket.lt\/lt\/wp-json\/wp\/v2\/product\/262515","targetHints":{"allow":["GET"]}}],"collection":[{"href":"https:\/\/baldumarket.lt\/lt\/wp-json\/wp\/v2\/product"}],"about":[{"href":"https:\/\/baldumarket.lt\/lt\/wp-json\/wp\/v2\/types\/product"}],"replies":[{"embeddable":true,"href":"https:\/\/baldumarket.lt\/lt\/wp-json\/wp\/v2\/comments?post=262515"}],"wp:featuredmedia":[{"embeddable":true,"href":"https:\/\/baldumarket.lt\/lt\/wp-json\/wp\/v2\/media\/262516"}],"wp:attachment":[{"href":"https:\/\/baldumarket.lt\/lt\/wp-json\/wp\/v2\/media?parent=262515"}],"wp:term":[{"taxonomy":"product_brand","embeddable":true,"href":"https:\/\/baldumarket.lt\/lt\/wp-json\/wp\/v2\/product_brand?post=262515"},{"taxonomy":"product_cat","embeddable":true,"href":"https:\/\/baldumarket.lt\/lt\/wp-json\/wp\/v2\/product_cat?post=262515"},{"taxonomy":"product_tag","embeddable":true,"href":"https:\/\/baldumarket.lt\/lt\/wp-json\/wp\/v2\/product_tag?post=262515"}],"curies":[{"name":"wp","href":"https:\/\/api.w.org\/{rel}","templated":true}]}}