{"id":262499,"date":"2026-01-13T23:26:51","date_gmt":"2026-01-13T20:26:51","guid":{"rendered":"https:\/\/baldumarket.lt\/product\/nadstawka-do-szafy-brando-3-dab-sonoma-textil\/"},"modified":"2026-02-11T18:19:17","modified_gmt":"2026-02-11T15:19:17","slug":"nadstawka-do-szafy-brando-3-dab-sonoma-textil","status":"publish","type":"product","link":"https:\/\/baldumarket.lt\/lt\/product\/nadstawka-do-szafy-brando-3-dab-sonoma-textil\/","title":{"rendered":"Spintos prailginimas BRANDO 3, Sonoma \u0105\u017euolas\/tekstil\u0117"},"content":{"rendered":"<p>\u201eBrando\u201c kampin\u0117s spintos prailginimas \u2013 puikus sprendimas, derinantis funkcionalum\u0105 ir estetik\u0105 nam\u0173 dekore. \u201eBrando\u201c kampin\u0117 spinta, puikiai papildanti t\u0105 pa\u010di\u0105 kampin\u0119 spint\u0105, yra ne tik prakti\u0161ka, bet ir esteti\u0161kai patraukli. Jei svarstote, kaip efektyviai i\u0161naudoti erdv\u0119 miegamajame, prie\u0161kambaryje ar persirengimo kambaryje, \u201eBrando\u201c prailginimas yra puikus pasirinkimas. \u201eBrando\u201c prailginimas ne tik padidina daikt\u0173 laikymo viet\u0105, bet ir padeda sukurti darni\u0105 i\u0161vaizd\u0105 su \u201eBrando\u201c kampine spinta. Abu elementai yra stilizuoti tos pa\u010dios Sonoma \u0105\u017euolo spalvos ir turi identi\u0161kas sidabrines rankenas, kurios sukuria harmoning\u0105 ir suderint\u0105 vaizd\u0105. Universalus atspalvis leid\u017eia kampinei spintai puikiai der\u0117ti prie \u012fvairi\u0173 interjero stili\u0173 \u2013 nuo klasikinio iki modernaus. Jis suteikia kambariui \u017eavesio ir nat\u016bralumo, tod\u0117l yra itin universalus dekoratyvinis elementas. \u201eBrando\u201c prailginimo funkcionalumas yra ne tik estetinis, bet ir prakti\u0161kas. Jis leid\u017eia tvarkyti ir tvarkingai sud\u0117ti re\u010diau naudojamus daiktus, pavyzd\u017eiui, sezoninius drabu\u017eius, patalyn\u0119, antklodes ar \u017eaislus. Tai puikus sprendimas tvarkai palaikyti namuose. \u201eBrando\u201c kampin\u0117 spintel\u0117 yra ne tik daikt\u0173 laikymo vieta, bet ir elementas, padedantis palaikyti tvark\u0105 ir harmonij\u0105 j\u016bs\u0173 namuose. Tad neleiskite chaoti\u0161kai i\u0161d\u0117stytiems daiktams gadinti j\u016bs\u0173 interjero estetikos. \u201eBrando\u201c sienin\u0117 spintel\u0117 yra pagrindinis elementas norint palaikyti norim\u0105 tvark\u0105 ir pusiausvyr\u0105 j\u016bs\u0173 namuose.<\/p>\n<p>Prek\u0117s kodas F80-NADN2D-DSO\/TX Simbolis ZM EAN Plotis 165 cm Gylis 54 cm Auk\u0161tis 39 cm Kolekcija Brando Spalva sonoma \u0105\u017euolas\/tekstil\u0117 Gaubtas \u0161viesi mediena Stilius modernus Med\u017eiaga laminatas Dureli\u0173 skai\u010dius 2 dur\u0173 Stal\u010di\u0173 skai\u010dius be stal\u010di\u0173 Rankena su rankenomis Gamintojas Juoda Raudona Balta Baldo tipas Spintos PVM mokestis 23% EAN 5906123851244<\/p>","protected":false},"excerpt":{"rendered":"<p>\u201eBrando\u201c kampin\u0117s spintos priestatas \u2013 puikus sprendimas, derinantis funkcionalum\u0105 ir estetik\u0105 nam\u0173 dekore. \u201eBrando\u201c kampin\u0117 spinta, puikus tos pa\u010dios kampin\u0117s spintos papildymas, yra ne tik prakti\u0161ka, bet ir esteti\u0161kai patraukli. Jei svarstote, kaip efektyviai i\u0161naudoti erdv\u0119 miegamajame, prie\u0161kambaryje ar r\u016bbin\u0117je, \u201eBrando\u201c priestatas yra [\u2026]<\/p>","protected":false},"featured_media":262500,"comment_status":"open","ping_status":"open","template":"","meta":[],"product_brand":[],"product_cat":[9200,1043],"product_tag":[],"class_list":{"0":"post-262499","1":"product","2":"type-product","3":"status-publish","4":"has-post-thumbnail","6":"product_cat-black-red-white","7":"product_cat-extras","9":"first","10":"instock","11":"purchasable","12":"product-type-simple"},"_links":{"self":[{"href":"https:\/\/baldumarket.lt\/lt\/wp-json\/wp\/v2\/product\/262499","targetHints":{"allow":["GET"]}}],"collection":[{"href":"https:\/\/baldumarket.lt\/lt\/wp-json\/wp\/v2\/product"}],"about":[{"href":"https:\/\/baldumarket.lt\/lt\/wp-json\/wp\/v2\/types\/product"}],"replies":[{"embeddable":true,"href":"https:\/\/baldumarket.lt\/lt\/wp-json\/wp\/v2\/comments?post=262499"}],"wp:featuredmedia":[{"embeddable":true,"href":"https:\/\/baldumarket.lt\/lt\/wp-json\/wp\/v2\/media\/262500"}],"wp:attachment":[{"href":"https:\/\/baldumarket.lt\/lt\/wp-json\/wp\/v2\/media?parent=262499"}],"wp:term":[{"taxonomy":"product_brand","embeddable":true,"href":"https:\/\/baldumarket.lt\/lt\/wp-json\/wp\/v2\/product_brand?post=262499"},{"taxonomy":"product_cat","embeddable":true,"href":"https:\/\/baldumarket.lt\/lt\/wp-json\/wp\/v2\/product_cat?post=262499"},{"taxonomy":"product_tag","embeddable":true,"href":"https:\/\/baldumarket.lt\/lt\/wp-json\/wp\/v2\/product_tag?post=262499"}],"curies":[{"name":"wp","href":"https:\/\/api.w.org\/{rel}","templated":true}]}}