{"id":262483,"date":"2026-01-13T23:26:38","date_gmt":"2026-01-13T20:26:38","guid":{"rendered":"https:\/\/baldumarket.lt\/product\/nadstawka-do-szafy-brando-3-dab-artisan-textil-bialy\/"},"modified":"2026-02-11T18:19:17","modified_gmt":"2026-02-11T15:19:17","slug":"nadstawka-do-szafy-brando-3-dab-artisan-textil-bialy","status":"publish","type":"product","link":"https:\/\/baldumarket.lt\/lt\/product\/nadstawka-do-szafy-brando-3-dab-artisan-textil-bialy\/","title":{"rendered":"Spintos prailginimas BRANDO 3, \u0105\u017euolas\/tekstil\u0117\/balta"},"content":{"rendered":"<p>\u201eBrando 3\u201c spintos prailginimas \u2013 sutvarkykite savo gyvenim\u0105 moderniu stiliumi. Svajojate apie puikiai sutvarkyt\u0105 erdv\u0119, bet nenorite aukoti modernaus dizaino? \u201eBrando 3\u201c spintos prailginimas \u2013 tai sprendimas, kuris sujungia i\u0161skirtin\u012f funkcionalum\u0105 su naujausia estetika. Trij\u0173 dur\u0173 konstrukcija, kurios matmenys \u2013 136 x 39 x 54 cm, suteikia daug vietos drabu\u017eiams, dokumentams, \u017eaislams, antklod\u0117ms ir patalynei laikyti. Tai ne tik prakti\u0161kas j\u016bs\u0173 spintos papildymas, bet ir atskiras modernaus dizaino baldas. Sidabrin\u0117s, ergonomi\u0161kos prailginimo rankenos ne tik suteikia elegancijos, bet ir paver\u010dia naudojim\u0105si juo grynu malonumu. Kasdienis dur\u0173 atidarymas ir u\u017edarymas \u012fgauna nauj\u0105 dimensij\u0105 d\u0117l \u201eBrando\u201c serijos si\u016blomo paprastumo ir patogumo. D\u0117l padidintos \u201eBrando 3\u201c spintos prailginimo suteikiamos vietos daiktams susitvarkyti erdv\u0119 tampa lengviau nei bet kada anks\u010diau. Dabar galite patogiai susid\u0117ti visus b\u016btiniausius daiktus nesijaudindami d\u0117l vietos. \u201eBrando\u201c serija i\u0161siskiria ne tik funkcionalumu, bet ir madingu dizainu, paprasta forma bei \u012fdomia spalv\u0173 palete. \u0160ie baldai puikiai dera su \u012fvairiais interjero stiliais, tod\u0117l juos lengva integruoti \u012f savo kambario estetik\u0105. \u201eBrando 3\u201c spintos prailginimas yra daugiau nei tiesiog baldas. Jis garantuoja tvarking\u0105 erdv\u0119 ir modernum\u0105 viename. Sukurkite harmoning\u0105 interjer\u0105, kuriame kiekvienas j\u016bs\u0173 namuose jausis patogiai. Investuokite \u012f paprast\u0105 b\u016bd\u0105 palaikyti tvark\u0105, kuris tuo pa\u010diu suteikia j\u016bs\u0173 interjerui modernumo.<\/p>\n<p>Prek\u0117s kodas F80-NAD3D-DASN\/TX\/BI Simbolis ZM EAN Plotis 136 cm Gylis 54 cm Auk\u0161tis 39 cm Kolekcija Brando Spalva \u0105\u017euolas\/tekstil\u0117\/balta Gaubtas \u0161viesi mediena Stilius modernus Med\u017eiaga laminatas Dureli\u0173 skai\u010dius 3 dur\u0173 Stal\u010di\u0173 skai\u010dius be stal\u010di\u0173 Rankena su rankenomis Gamintojas Juoda Raudona Balta Baldo tipas Spintos PVM mokestis 23% EAN 5906123851183<\/p>","protected":false},"excerpt":{"rendered":"<p>\u201eBrando 3\u201c spintos prailginimas \u2013 sutvarkykite savo gyvenim\u0105 moderniu stiliumi. Svajojate apie puikiai sutvarkyt\u0105 erdv\u0119, bet nenorite aukoti modernaus dizaino? \u201eBrando 3\u201c spintos prailginimas \u2013 tai sprendimas, kuris sujungia i\u0161skirtin\u012f funkcionalum\u0105 su naujausia estetika. Trij\u0173 dur\u0173 konstrukcija, kurios matmenys \u2013 136 x 39 x 54 cm, suteikia daug vietos daiktams laikyti [\u2026]<\/p>","protected":false},"featured_media":262484,"comment_status":"open","ping_status":"open","template":"","meta":[],"product_brand":[],"product_cat":[9200,1043],"product_tag":[],"class_list":{"0":"post-262483","1":"product","2":"type-product","3":"status-publish","4":"has-post-thumbnail","6":"product_cat-black-red-white","7":"product_cat-extras","9":"first","10":"instock","11":"purchasable","12":"product-type-simple"},"_links":{"self":[{"href":"https:\/\/baldumarket.lt\/lt\/wp-json\/wp\/v2\/product\/262483","targetHints":{"allow":["GET"]}}],"collection":[{"href":"https:\/\/baldumarket.lt\/lt\/wp-json\/wp\/v2\/product"}],"about":[{"href":"https:\/\/baldumarket.lt\/lt\/wp-json\/wp\/v2\/types\/product"}],"replies":[{"embeddable":true,"href":"https:\/\/baldumarket.lt\/lt\/wp-json\/wp\/v2\/comments?post=262483"}],"wp:featuredmedia":[{"embeddable":true,"href":"https:\/\/baldumarket.lt\/lt\/wp-json\/wp\/v2\/media\/262484"}],"wp:attachment":[{"href":"https:\/\/baldumarket.lt\/lt\/wp-json\/wp\/v2\/media?parent=262483"}],"wp:term":[{"taxonomy":"product_brand","embeddable":true,"href":"https:\/\/baldumarket.lt\/lt\/wp-json\/wp\/v2\/product_brand?post=262483"},{"taxonomy":"product_cat","embeddable":true,"href":"https:\/\/baldumarket.lt\/lt\/wp-json\/wp\/v2\/product_cat?post=262483"},{"taxonomy":"product_tag","embeddable":true,"href":"https:\/\/baldumarket.lt\/lt\/wp-json\/wp\/v2\/product_tag?post=262483"}],"curies":[{"name":"wp","href":"https:\/\/api.w.org\/{rel}","templated":true}]}}