{"id":262467,"date":"2026-01-13T23:26:27","date_gmt":"2026-01-13T20:26:27","guid":{"rendered":"https:\/\/baldumarket.lt\/product\/nadstawka-do-szafy-brando-2-dab-artisan-textil-bialy\/"},"modified":"2026-02-11T18:19:18","modified_gmt":"2026-02-11T15:19:18","slug":"nadstawka-do-szafy-brando-2-dab-artisan-textil-bialy","status":"publish","type":"product","link":"https:\/\/baldumarket.lt\/lt\/product\/nadstawka-do-szafy-brando-2-dab-artisan-textil-bialy\/","title":{"rendered":"Spintos prailginimas BRANDO 2, dirbtinis \u0105\u017euolas\/tekstil\u0117\/balta"},"content":{"rendered":"<p>\u201eBrando 2\u201c spintos prailginimas \u2013 erdvus ir modernus. Ie\u0161kote sprendimo, kuris derint\u0173 funkcionalum\u0105 ir elegancij\u0105 organizuojant erdv\u0119? \u201eBrando 2\u201c spintos prailginimas yra atsakymas \u012f j\u016bs\u0173 poreikius. Sukurtas atsi\u017evelgiant \u012f maksimal\u0173 erdv\u0117s i\u0161naudojim\u0105, jis puikiai papildo \u201eBrando\u201c spint\u0173 serij\u0105. Dviej\u0173 dur\u0173 dizainas, kurio matmenys 91 x 39 x 54 cm, si\u016blo daug vietos daiktams susid\u0117ti ir organizuoti. Vienas i\u0161 pagrindini\u0173 \u201eBrando 2\u201c spintos prailginimo privalum\u0173 \u2013 ergonomi\u0161kos sidabrin\u0117s rankenos, kurios ne tik suteikia baldui modernaus charakterio, bet ir daro j\u012f malon\u0173 naudoti. Spintel\u0117s atidarymas ir u\u017edarymas kasdien tampa lengvas ir patogus. Nuoseklus stilius ir puikiai deran\u010dios prailginimo spalvos leid\u017eia jam puikiai der\u0117ti su tos pa\u010dios serijos spintomis. Suk\u016br\u0119 harmoning\u0105 spint\u0105, galite b\u016bti tikri, kad kiekvienas interjero elementas harmonizuosis, suteikdamas kambariui elegancijos ir tvarkos. \u201eBrando 2\u201c spintos prailginimas yra ne tik prakti\u0161kas sprendimas drabu\u017eiams ir aksesuarams laikyti. Tai taip pat dekoratyvinis elementas, kuris pagerins erdv\u0119. Modernus dizainas sukuria ry\u0161k\u0173 akcent\u0105, kuris pritrauks d\u0117mes\u012f ir suteiks kambariui charakterio. Jums nereik\u0117s nerimauti d\u0117l interjero estetikos pablog\u0117jimo, tuo pa\u010diu padidinant erdv\u0119 daiktams laikyti. \u201eBrando 2\u201c spintos prailginimas puikiai integruojasi su kitais serijos elementais, sukurdamas darni\u0105 visum\u0105. Jis leid\u017eia maksimaliai i\u0161naudoti nam\u0173 erdv\u0119 neprarandant stiliaus. Investuokite \u012f \u201eBrando 2\u201c spintos prailginim\u0105, kad papildytum\u0117te savo spint\u0105, miegam\u0105j\u012f ar prie\u0161kambar\u012f. \u012egysite ne tik prakti\u0161kos vietos daiktams laikyti, bet ir dizain\u0105, kuris pabr\u0117\u0161 unikal\u0173 j\u016bs\u0173 interjero charakter\u012f. Harmonija, funkcionalumas ir modernumas \u2013 visa tai rasite \u201eBrando 2\u201c spintos prailginime.<\/p>\n<p>Prek\u0117s kodas F80-NAD2D-DASN\/TX\/BI Simbolis ZM EAN Plotis 91 cm Gylis 54 cm Auk\u0161tis 39 cm Kolekcija Brando Spalva \u0105\u017euolas\/tekstil\u0117\/balta Gaubtas \u0161viesi mediena Stilius modernus Med\u017eiaga laminatas Dureli\u0173 skai\u010dius 2 dur\u0173 Stal\u010di\u0173 skai\u010dius be stal\u010di\u0173 Rankena su rankenomis Gamintojas Juoda Raudona Balta Baldo tipas Spintos PVM mokestis 23% EAN 5906123851169<\/p>","protected":false},"excerpt":{"rendered":"<p>\u201eBrando 2\u201c spintos prailginimas \u2013 erdvus ir modernus. Ie\u0161kote sprendimo, kuris derint\u0173 funkcionalum\u0105 ir elegancij\u0105 organizuojant erdv\u0119? \u201eBrando 2\u201c spintos prailginimas yra atsakymas \u012f j\u016bs\u0173 poreikius. Sukurtas atsi\u017evelgiant \u012f maksimal\u0173 erdv\u0117s i\u0161naudojim\u0105, jis puikiai papildo \u201eBrando\u201c spint\u0173 serij\u0105. Dviej\u0173 dur\u0173 dizainas, kurio matmenys 91 x 39 [\u2026]<\/p>","protected":false},"featured_media":262468,"comment_status":"open","ping_status":"open","template":"","meta":[],"product_brand":[],"product_cat":[9200,1043],"product_tag":[],"class_list":{"0":"post-262467","1":"product","2":"type-product","3":"status-publish","4":"has-post-thumbnail","6":"product_cat-black-red-white","7":"product_cat-extras","9":"first","10":"instock","11":"purchasable","12":"product-type-simple"},"_links":{"self":[{"href":"https:\/\/baldumarket.lt\/lt\/wp-json\/wp\/v2\/product\/262467","targetHints":{"allow":["GET"]}}],"collection":[{"href":"https:\/\/baldumarket.lt\/lt\/wp-json\/wp\/v2\/product"}],"about":[{"href":"https:\/\/baldumarket.lt\/lt\/wp-json\/wp\/v2\/types\/product"}],"replies":[{"embeddable":true,"href":"https:\/\/baldumarket.lt\/lt\/wp-json\/wp\/v2\/comments?post=262467"}],"wp:featuredmedia":[{"embeddable":true,"href":"https:\/\/baldumarket.lt\/lt\/wp-json\/wp\/v2\/media\/262468"}],"wp:attachment":[{"href":"https:\/\/baldumarket.lt\/lt\/wp-json\/wp\/v2\/media?parent=262467"}],"wp:term":[{"taxonomy":"product_brand","embeddable":true,"href":"https:\/\/baldumarket.lt\/lt\/wp-json\/wp\/v2\/product_brand?post=262467"},{"taxonomy":"product_cat","embeddable":true,"href":"https:\/\/baldumarket.lt\/lt\/wp-json\/wp\/v2\/product_cat?post=262467"},{"taxonomy":"product_tag","embeddable":true,"href":"https:\/\/baldumarket.lt\/lt\/wp-json\/wp\/v2\/product_tag?post=262467"}],"curies":[{"name":"wp","href":"https:\/\/api.w.org\/{rel}","templated":true}]}}