{"id":262463,"date":"2026-01-13T23:26:23","date_gmt":"2026-01-13T20:26:23","guid":{"rendered":"https:\/\/baldumarket.lt\/product\/mebloscianka-romance-277-cm-dab-sanremo-jasny-modrzew-sibiu-jasny\/"},"modified":"2026-02-11T18:19:18","modified_gmt":"2026-02-11T15:19:18","slug":"mebloscianka-romance-277-cm-dab-sanremo-jasny-modrzew-sibiu-jasny","status":"publish","type":"product","link":"https:\/\/baldumarket.lt\/lt\/product\/mebloscianka-romance-277-cm-dab-sanremo-jasny-modrzew-sibiu-jasny\/","title":{"rendered":"ROMANCE sienin\u0117 spintel\u0117 277 cm, \u0161viesus San Remo \u0105\u017euolas\/\u0161viesus Sibiu maumedis"},"content":{"rendered":"<p>\u201eRomance\u201c sienin\u0117 spintel\u0117 \u2013 stilinga ir funkcionali svetain\u0117s spintel\u0117. Norite, kad j\u016bs\u0173 svetain\u0117 b\u016bt\u0173 tobula j\u016bs\u0173 nam\u0173 vitrina, vieta, kur galima leisti laik\u0105 kartu ir kasdien naudotis visa \u0161eima? Tuomet \u201eRomance\u201c sienin\u0117 spintel\u0117 yra patikimas pasirinkimas \u2013 tai universalus sprendimas, kuris supaprastins daikt\u0173 laikym\u0105 ir suteiks elegancijos. \u201eRomance\u201c sienin\u0117 spintel\u0117 yra ne tik funkcionali erdv\u0117 \u012fvairiems daiktams laikyti, bet ir unikalus dekoratyvinis elementas. Ji gali b\u016bti naudojama kaip dokument\u0173, drabu\u017ei\u0173, elektronikos saugykla, taip pat suvenyr\u0173, kolekcij\u0173 ar dekoracij\u0173 eksponavimo vieta. Atviros lentynos, erdvios spintel\u0117s ir televizoriaus staliukas paver\u010dia \u0161i\u0105 sienin\u0119 spintel\u0119 svetain\u0117s pagrindiniu akcentu. Unikalus \u0161viesi\u0173 Sibiu maumed\u017eio fasad\u0173 ir San Remo \u0105\u017euolo korpuso derinys, pary\u0161kintas paprastomis sidabrin\u0117mis ranken\u0117l\u0117mis ir skandinavi\u0161kam stiliui b\u016bdingais \u012fr\u0117mintais fasadais, suteikia baldui charakterio. Sienin\u0117s spintel\u0117s komplekt\u0105 sudaro kair\u0117s ir de\u0161in\u0117s pus\u0117s vitrinos, kair\u0117s ir de\u0161in\u0117s pus\u0117s televizoriaus spintel\u0117s bei 160 cm lentyna. \u0160i skandinavi\u0161ko stiliaus sienin\u0117 spintel\u0117 yra puikus sprendimas tiems, kurie vertina interjero dizaino darn\u0105 ir funkcionalum\u0105. Galite dar labiau i\u0161pl\u0117sti vaizd\u0105 prid\u0117dami atskir\u0173 \u201eRomance\u201c kolekcijos element\u0173.<\/p>\n<p>Prek\u0117s kodas M257-ROMANCE-DSAJ\/MSJ Simbolis ZM EAN Plotis 277 cm Gylis 35-43 cm Auk\u0161tis 191 cm Kolekcija Romance Spalva \u0161viesus San Remo \u0105\u017euolas\/\u0161viesus Sibiu maumedis Gaubtas \u0161viesi mediena Stilius modernus Med\u017eiaga laminatas Dureli\u0173 skai\u010dius daugiaduris Stal\u010di\u0173 skai\u010dius be stal\u010di\u0173 Rankena su rankenomis Gamintojas Juoda Raudona Balta Baldo tipas Komodos PVM 23% EAN 5906123852913<\/p>","protected":false},"excerpt":{"rendered":"<p>\u201eRomance\u201c sienin\u0117 spintel\u0117 \u2013 stilinga ir funkcionali svetain\u0117s spintel\u0117. Norite, kad j\u016bs\u0173 svetain\u0117 b\u016bt\u0173 tobula j\u016bs\u0173 nam\u0173 vitrina, vieta leisti laik\u0105 kartu ir kasdieniam naudojimui visai \u0161eimai? Tuomet \u201eRomance\u201c sienin\u0117 spintel\u0117 yra patikimas pasirinkimas \u2013 tai universalus baldas, kuris supaprastins daikt\u0173 laikym\u0105 ir suteiks elegancijos. [\u2026]<\/p>","protected":false},"featured_media":262464,"comment_status":"open","ping_status":"open","template":"","meta":[],"product_brand":[],"product_cat":[9200,2008],"product_tag":[],"class_list":{"0":"post-262463","1":"product","2":"type-product","3":"status-publish","4":"has-post-thumbnail","6":"product_cat-black-red-white","7":"product_cat-wall-units","9":"first","10":"instock","11":"purchasable","12":"product-type-simple"},"_links":{"self":[{"href":"https:\/\/baldumarket.lt\/lt\/wp-json\/wp\/v2\/product\/262463","targetHints":{"allow":["GET"]}}],"collection":[{"href":"https:\/\/baldumarket.lt\/lt\/wp-json\/wp\/v2\/product"}],"about":[{"href":"https:\/\/baldumarket.lt\/lt\/wp-json\/wp\/v2\/types\/product"}],"replies":[{"embeddable":true,"href":"https:\/\/baldumarket.lt\/lt\/wp-json\/wp\/v2\/comments?post=262463"}],"wp:featuredmedia":[{"embeddable":true,"href":"https:\/\/baldumarket.lt\/lt\/wp-json\/wp\/v2\/media\/262464"}],"wp:attachment":[{"href":"https:\/\/baldumarket.lt\/lt\/wp-json\/wp\/v2\/media?parent=262463"}],"wp:term":[{"taxonomy":"product_brand","embeddable":true,"href":"https:\/\/baldumarket.lt\/lt\/wp-json\/wp\/v2\/product_brand?post=262463"},{"taxonomy":"product_cat","embeddable":true,"href":"https:\/\/baldumarket.lt\/lt\/wp-json\/wp\/v2\/product_cat?post=262463"},{"taxonomy":"product_tag","embeddable":true,"href":"https:\/\/baldumarket.lt\/lt\/wp-json\/wp\/v2\/product_tag?post=262463"}],"curies":[{"name":"wp","href":"https:\/\/api.w.org\/{rel}","templated":true}]}}