{"id":262459,"date":"2026-01-13T23:26:19","date_gmt":"2026-01-13T20:26:19","guid":{"rendered":"https:\/\/baldumarket.lt\/product\/mebloscianka-malcolm-dab-monument\/"},"modified":"2026-02-11T18:19:18","modified_gmt":"2026-02-11T15:19:18","slug":"mebloscianka-malcolm-dab-monument","status":"publish","type":"product","link":"https:\/\/baldumarket.lt\/lt\/product\/mebloscianka-malcolm-dab-monument\/","title":{"rendered":"MALCOLM sienin\u0117 spintel\u0117, \u0105\u017euolo imitacija, monumentalus \u0105\u017euolas"},"content":{"rendered":"<p>\u201eMalcolm\u201c sienin\u0117 spintel\u0117 \u2013 organizuota erdv\u0117 studentams. \u201eMalcolm\u201c sienin\u0119 spintel\u0119 galima apib\u016bdinti kaip novatori\u0161k\u0105 jaunimo bald\u0173 interpretacij\u0105, kurioje derinamas modernus dizaino po\u017ei\u016bris su klasikin\u0117mis spalvomis. D\u0117l kompakti\u0161ko dizaino \u201eMalcolm\u201c sienin\u0117 spintel\u0117 yra idealus sprendimas ma\u017eiems jaunimo kambariams, suteikiantis pakankamai erdv\u0117s studento poreikiams.<br \/>\nSienin\u0117s spintel\u0117s elementai puikiai pritaikyti mokinio poreikiams. Stalas turi plat\u0173 stalvir\u0161\u012f, leid\u017eiant\u012f sutelkti d\u0117mes\u012f \u012f mokym\u0105si. Knyg\u0173 lentyna ir lentyna suteikia vietos knygoms ir s\u0105siuviniams. Erdvi spinta si\u016blo viet\u0105 \u012fvairiems daiktams laikyti.<br \/>\nRa\u0161omasis stalas, apdailintas prislopinta \u201eCanyon Monument\u201c \u0105\u017euolo spalva, papuo\u0161tas vilkolakio pilkumo akcentais. Modern\u0173 baldo charakter\u012f pabr\u0117\u017eia raid\u017ei\u0173 spaudiniai ir patogios, didel\u0117s sendinto nikelio rankenos.<br \/>\n\u201eMalcolm\u201c sienin\u0117s spintel\u0117s elementus galima laisvai derinti, kad jie idealiai atitikt\u0173 kambario reikalavimus ir individualius vaiko poreikius.<\/p>\n<p>Prek\u0117s kodas S325-MALCOLM-DAMO\/SZW\/DAMON Simbolis ZM EAN Plotis 280 cm Auk\u0161tis 205,5 cm Kolekcija Malcolm Spalva monumentalus \u0105\u017euolas\/pilkas volframas\/monumentalus \u0105\u017euolas su ra\u0161tu Gaubtas tamsi mediena Stilius modernus Med\u017eiaga laminatas Dureli\u0173 skai\u010dius daugiaduris Stal\u010di\u0173 skai\u010dius 5 ir daugiau stal\u010di\u0173 Rankena su ranken\u0117l\u0117mis Gamintojas Juoda Raudona Balta Bald\u0173 tipas Komplektai PVM mokestis 23% EAN 5906123925389<\/p>","protected":false},"excerpt":{"rendered":"<p>\u201eMalcolm\u201c sienin\u0117 spintel\u0117 \u2013 organizuota erdv\u0117 studentams. \u201eMalcolm\u201c sienin\u0119 spintel\u0119 galima apib\u016bdinti kaip novatori\u0161k\u0105 jaunimo bald\u0173 interpretacij\u0105, kurioje derinamas modernus dizaino po\u017ei\u016bris su klasikin\u0117mis spalvomis. D\u0117l kompakti\u0161ko dizaino \u201eMalcolm\u201c sienin\u0117 spintel\u0117 yra idealus sprendimas ma\u017eiems jaunimo kambariams, suteikianti daug erdv\u0117s [\u2026]<\/p>","protected":false},"featured_media":262460,"comment_status":"open","ping_status":"open","template":"","meta":[],"product_brand":[],"product_cat":[9200,2008],"product_tag":[],"class_list":{"0":"post-262459","1":"product","2":"type-product","3":"status-publish","4":"has-post-thumbnail","6":"product_cat-black-red-white","7":"product_cat-wall-units","9":"first","10":"instock","11":"purchasable","12":"product-type-simple"},"_links":{"self":[{"href":"https:\/\/baldumarket.lt\/lt\/wp-json\/wp\/v2\/product\/262459","targetHints":{"allow":["GET"]}}],"collection":[{"href":"https:\/\/baldumarket.lt\/lt\/wp-json\/wp\/v2\/product"}],"about":[{"href":"https:\/\/baldumarket.lt\/lt\/wp-json\/wp\/v2\/types\/product"}],"replies":[{"embeddable":true,"href":"https:\/\/baldumarket.lt\/lt\/wp-json\/wp\/v2\/comments?post=262459"}],"wp:featuredmedia":[{"embeddable":true,"href":"https:\/\/baldumarket.lt\/lt\/wp-json\/wp\/v2\/media\/262460"}],"wp:attachment":[{"href":"https:\/\/baldumarket.lt\/lt\/wp-json\/wp\/v2\/media?parent=262459"}],"wp:term":[{"taxonomy":"product_brand","embeddable":true,"href":"https:\/\/baldumarket.lt\/lt\/wp-json\/wp\/v2\/product_brand?post=262459"},{"taxonomy":"product_cat","embeddable":true,"href":"https:\/\/baldumarket.lt\/lt\/wp-json\/wp\/v2\/product_cat?post=262459"},{"taxonomy":"product_tag","embeddable":true,"href":"https:\/\/baldumarket.lt\/lt\/wp-json\/wp\/v2\/product_tag?post=262459"}],"curies":[{"name":"wp","href":"https:\/\/api.w.org\/{rel}","templated":true}]}}