{"id":262451,"date":"2026-01-13T23:26:13","date_gmt":"2026-01-13T20:26:13","guid":{"rendered":"https:\/\/baldumarket.lt\/product\/materac-piankowy-sirra-80x180\/"},"modified":"2026-02-11T18:19:18","modified_gmt":"2026-02-11T15:19:18","slug":"materac-piankowy-sirra-80x180","status":"publish","type":"product","link":"https:\/\/baldumarket.lt\/lt\/product\/materac-piankowy-sirra-80x180\/","title":{"rendered":"Sirra put\u0173 \u010diu\u017einys 80\u00d7180"},"content":{"rendered":"<p>\u201eSirra\u201c \u010diu\u017einys 80\u00d7180. \u201eSirra\u201c \u010diu\u017einys \u2013 puikus sprendimas \u201eNamek\u201c ir \u201eNandu\u201c dviauk\u0161t\u0117ms lovoms. Jis garantuoja kokyb\u0119, komfort\u0105 ir lengv\u0105 prie\u017ei\u016br\u0105. Tai puikus pasirinkimas tiems, kurie vertina komfort\u0105 ir miego higien\u0105. Pagrindin\u0117s savyb\u0117s: \u010ciu\u017einio \u0161erdis pagaminta i\u0161 higienos sertifikuot\u0173 poliuretano put\u0173, u\u017etikrinan\u010di\u0173 ne tik i\u0161skirtin\u012f komfort\u0105, bet ir higieni\u0161kas miego s\u0105lygas. \u010ciu\u017einys yra dvipusis, tod\u0117l galite pasirinkti pus\u0119 pagal individualius pageidavimus ir poreikius. Prakti\u0161kas u\u017evalkalas yra nuimamas ir skalbiamas skalbimo ma\u0161inoje iki 60 laipsni\u0173 Celsijaus, tod\u0117l \u010diu\u017ein\u012f lengva palaikyti \u0161var\u0173 ir gaiv\u0173. \u010ciu\u017einio auk\u0161tis: 13 cm. \u010ciu\u017einio kietumas: vidutinis H2. Galima \u012fsigyti 80x180 cm dyd\u017eio, jis puikiai dera su \u201eNamek\u201c ir \u201eNandu\u201c dviauk\u0161t\u0117mis lovomis, tod\u0117l galite susikurti patogi\u0105 ir funkcionali\u0105 miegojimo erdv\u0119. Jei abejojate, ar \u201eSirra\u201c \u010diu\u017einys atitiks j\u016bs\u0173 l\u016bkes\u010dius, raginame perskaityti m\u016bs\u0173 vadov\u0105 skirtuke \u201e\u012ekv\u0117pimai\u201c, kuris pad\u0117s jums i\u0161sirinkti teisingai.<\/p>\n<p>Prek\u0117s kodas L07-MATTRESS-SIRRA_80X180-MAT01 Simbolis ZM EAN Ilgis 180 cm Plotis 80 cm Auk\u0161tis 13 cm Kolekcija Sirra Miegamoji dalis 80\u00d7180 U\u017epildas poliuretano putos Kietumo zonos 1 zona Kietumas H2 Nuimamas u\u017evalkalas Gamintojas Juoda Raudona Balta Baldo tipas \u010ciu\u017einiai PVM mokestis 23% EAN 5906123603003<\/p>","protected":false},"excerpt":{"rendered":"<p>\u201eSirra\u201c \u010diu\u017einys 80\u00d7180 \u201eSirra\u201c \u010diu\u017einys \u2013 puikus sprendimas \u201eNamek\u201c ir \u201eNandu\u201c dviauk\u0161t\u0117ms lovoms. Jis garantuoja kokyb\u0119, komfort\u0105 ir lengv\u0105 prie\u017ei\u016br\u0105. Tai puikus pasirinkimas tiems, kurie vertina komfort\u0105 ir miego higien\u0105. Pagrindin\u0117s savyb\u0117s: \u010ciu\u017einio \u0161erdis pagaminta i\u0161 higienos sertifikuot\u0173 poliuretano put\u0173, u\u017etikrinan\u010di\u0173 ne tik i\u0161skirtin\u012f komfort\u0105, bet ir higieni\u0161kum\u0105 [\u2026]<\/p>","protected":false},"featured_media":262452,"comment_status":"open","ping_status":"open","template":"","meta":[],"product_brand":[],"product_cat":[9200,1099],"product_tag":[],"class_list":{"0":"post-262451","1":"product","2":"type-product","3":"status-publish","4":"has-post-thumbnail","6":"product_cat-black-red-white","7":"product_cat-mattresses","9":"first","10":"instock","11":"purchasable","12":"product-type-simple"},"_links":{"self":[{"href":"https:\/\/baldumarket.lt\/lt\/wp-json\/wp\/v2\/product\/262451","targetHints":{"allow":["GET"]}}],"collection":[{"href":"https:\/\/baldumarket.lt\/lt\/wp-json\/wp\/v2\/product"}],"about":[{"href":"https:\/\/baldumarket.lt\/lt\/wp-json\/wp\/v2\/types\/product"}],"replies":[{"embeddable":true,"href":"https:\/\/baldumarket.lt\/lt\/wp-json\/wp\/v2\/comments?post=262451"}],"wp:featuredmedia":[{"embeddable":true,"href":"https:\/\/baldumarket.lt\/lt\/wp-json\/wp\/v2\/media\/262452"}],"wp:attachment":[{"href":"https:\/\/baldumarket.lt\/lt\/wp-json\/wp\/v2\/media?parent=262451"}],"wp:term":[{"taxonomy":"product_brand","embeddable":true,"href":"https:\/\/baldumarket.lt\/lt\/wp-json\/wp\/v2\/product_brand?post=262451"},{"taxonomy":"product_cat","embeddable":true,"href":"https:\/\/baldumarket.lt\/lt\/wp-json\/wp\/v2\/product_cat?post=262451"},{"taxonomy":"product_tag","embeddable":true,"href":"https:\/\/baldumarket.lt\/lt\/wp-json\/wp\/v2\/product_tag?post=262451"}],"curies":[{"name":"wp","href":"https:\/\/api.w.org\/{rel}","templated":true}]}}