{"id":262443,"date":"2026-01-13T23:26:06","date_gmt":"2026-01-13T20:26:06","guid":{"rendered":"https:\/\/baldumarket.lt\/product\/materac-piankowy-mildos-160x200\/"},"modified":"2026-02-11T18:19:18","modified_gmt":"2026-02-11T15:19:18","slug":"materac-piankowy-mildos-160x200","status":"publish","type":"product","link":"https:\/\/baldumarket.lt\/lt\/product\/materac-piankowy-mildos-160x200\/","title":{"rendered":"Mildos put\u0173 \u010diu\u017einys 160\u00d7200"},"content":{"rendered":"<p>\u010ciu\u017einys \u201eMildos\u201c 160\u00d7200 \u012erengdami miegam\u0105j\u012f, nepamir\u0161kite apie komfort\u0105. \u201eMildos\u201c \u010diu\u017einys \u2013 puikus j\u016bs\u0173 lovos papildymas. \u0160is dvipusis \u010diu\u017einys pasi\u017eymi kont\u016briniu, didelio elastingumo putplas\u010diu, kuris u\u017etikrina ilgaam\u017ei\u0161kum\u0105 ir masa\u017ein\u012f efekt\u0105. Jis padengtas puriu neaustiniu audiniu ir \u201eSilver+\u201c megztu audiniu su 3D juostele, kuri palengvina \u010diu\u017einio v\u0117dinim\u0105 ir padeda j\u012f i\u0161laikyti \u0161var\u0173. H3 kietumo lygis puikiai tinka tiems, kurie turi nugaros problem\u0173. Septynios komforto zonos u\u017etikrina, kad kiekviena k\u016bno dalis gaut\u0173 tinkam\u0105 atram\u0105. \u201eMildos\u201c \u010diu\u017einys turi u\u017etrauktukus, kad b\u016bt\u0173 lengva valyti. Taip pat nepamir\u0161kite pasirinkti tinkamo lankstaus r\u0117mo, kuris u\u017etikrins patog\u0173 mieg\u0105 ir papildys m\u016bs\u0173 \u010diu\u017einio privalumus. Pagrindin\u0117s savyb\u0117s:<br \/>\n\u010ciu\u017einio \u0161erdis \u2013 tai profiliuotas, didelio elastingumo putplastis. Profilinis putplastis pagerina \u010diu\u017einio vidin\u0119 ventiliacij\u0105 ir suteikia masa\u017eo efekt\u0105. 3D ventiliacijos juosta turi 7 komforto zonas. \u0160\u012f dvipus\u012f \u010diu\u017ein\u012f galima apversti ir pasukti, kad jis nesideformuot\u0173. Rekomenduojama dvipus\u012f \u010diu\u017ein\u012f pasukti kas 6 m\u0117nesius, kad pailg\u0117t\u0173 jo tarnavimo laikas ir pager\u0117t\u0173 miego higiena. \u010ciu\u017einio auk\u0161tis: 22 cm. \u010ciu\u017einio kietumas: kietas H3. \u201eSilver+\u201c u\u017evalkalas \u2013 megztas audinys su sidabro jonais, sertifikuotas pagal \u201e\u00d6ko-Tex\u00ae Standard 100\u201c, dygsniuotas puriu antialerginiu audiniu. Sidabro jonai suteikia \u201eSilver+\u201c u\u017evalkalui antistatini\u0173, antibakterini\u0173 ir prie\u0161grybelini\u0173 savybi\u0173. U\u017evalkalo \u0161onuose yra 3D juosta, pagerinanti \u010diu\u017einio ventiliacij\u0105. U\u017evalkalas turi u\u017etrauktukus visose keturiose \u010diu\u017einio pus\u0117se, tod\u0117l j\u012f lengva nuimti ir skalbti skalbimo ma\u0161inoje iki 60 \u00b0C temperat\u016broje. Galimi plo\u010diai: 90, 140, 160 cm. 25 met\u0173 garantija putplas\u010diui. Jei abejojate, ar \u201eMildos\u201c \u010diu\u017einys atitiks j\u016bs\u0173 l\u016bkes\u010dius, raginame perskaityti m\u016bs\u0173 vadov\u0105 skiltyje \u201e\u012ekv\u0117pimai\u201c, kuris pad\u0117s jums i\u0161sirinkti teisingai.<\/p>\n<p>Prek\u0117s kodas L07-MA-MILDOS-160-MAT01-BK Simbolis ZM EAN Ilgis 200 cm Plotis 160 cm Auk\u0161tis 22 cm Kolekcija Mildos Miegamoji dalis 160\u00d7200 U\u017epildas profiliuotas putplastis Kietumo zonos 7 zonos Kietumas H3 Nuimamas u\u017evalkalas Gamintojas Juoda Raudona Balta Bald\u0173 tipas \u010ciu\u017einiai PVM mokestis 23% EAN 5906123602075<\/p>","protected":false},"excerpt":{"rendered":"<p>\u010ciu\u017einys \u201eMildos\u201c 160\u00d7200 \u012erengdami miegam\u0105j\u012f, nepamir\u0161kite apie komfort\u0105. \u010ciu\u017einys \u201eMildos\u201c \u2013 puikus j\u016bs\u0173 lovos papildymas. \u0160is dvipusis \u010diu\u017einys pasi\u017eymi kont\u016briniu, didelio elastingumo putplas\u010diu, kuris u\u017etikrina ilgaam\u017ei\u0161kum\u0105 ir masa\u017ein\u012f efekt\u0105. Jis padengtas puriu neaustiniu audiniu ir \u201eSilver+\u201c megztu audiniu su 3D juostele, kuri palengvina \u010diu\u017einio v\u0117dinim\u0105 ir padeda i\u0161laikyti [\u2026]<\/p>","protected":false},"featured_media":262444,"comment_status":"open","ping_status":"open","template":"","meta":[],"product_brand":[],"product_cat":[9200,1099],"product_tag":[],"class_list":{"0":"post-262443","1":"product","2":"type-product","3":"status-publish","4":"has-post-thumbnail","6":"product_cat-black-red-white","7":"product_cat-mattresses","9":"first","10":"instock","11":"purchasable","12":"product-type-simple"},"_links":{"self":[{"href":"https:\/\/baldumarket.lt\/lt\/wp-json\/wp\/v2\/product\/262443","targetHints":{"allow":["GET"]}}],"collection":[{"href":"https:\/\/baldumarket.lt\/lt\/wp-json\/wp\/v2\/product"}],"about":[{"href":"https:\/\/baldumarket.lt\/lt\/wp-json\/wp\/v2\/types\/product"}],"replies":[{"embeddable":true,"href":"https:\/\/baldumarket.lt\/lt\/wp-json\/wp\/v2\/comments?post=262443"}],"wp:featuredmedia":[{"embeddable":true,"href":"https:\/\/baldumarket.lt\/lt\/wp-json\/wp\/v2\/media\/262444"}],"wp:attachment":[{"href":"https:\/\/baldumarket.lt\/lt\/wp-json\/wp\/v2\/media?parent=262443"}],"wp:term":[{"taxonomy":"product_brand","embeddable":true,"href":"https:\/\/baldumarket.lt\/lt\/wp-json\/wp\/v2\/product_brand?post=262443"},{"taxonomy":"product_cat","embeddable":true,"href":"https:\/\/baldumarket.lt\/lt\/wp-json\/wp\/v2\/product_cat?post=262443"},{"taxonomy":"product_tag","embeddable":true,"href":"https:\/\/baldumarket.lt\/lt\/wp-json\/wp\/v2\/product_tag?post=262443"}],"curies":[{"name":"wp","href":"https:\/\/api.w.org\/{rel}","templated":true}]}}