{"id":262427,"date":"2026-01-13T23:25:52","date_gmt":"2026-01-13T20:25:52","guid":{"rendered":"https:\/\/baldumarket.lt\/product\/materac-piankowy-irys-fresh-90x200\/"},"modified":"2026-02-11T18:19:18","modified_gmt":"2026-02-11T15:19:18","slug":"materac-piankowy-irys-fresh-90x200","status":"publish","type":"product","link":"https:\/\/baldumarket.lt\/lt\/product\/materac-piankowy-irys-fresh-90x200\/","title":{"rendered":"Irys Fresh put\u0173 \u010diu\u017einys 90\u00d7200"},"content":{"rendered":"<p>Irys 90\u00d7200 \u010diu\u017einys: Jei renkat\u0117s miegamojo baldus ir jau turite spint\u0105, naktinius staliukus ir lovos r\u0117m\u0105, lieka tik r\u0117mas ir tinkamai parinktas \u010diu\u017einys. Irys put\u0173 \u010diu\u017einys yra idealus pasirinkimas tiems, kurie m\u0117gsta tvirt\u0105 atram\u0105 miegant, ir tiems, kurie sveria daugiau nei 110 kg. J\u012f sudaro du put\u0173 sluoksniai, atskirti nat\u016bralaus sizalio pluo\u0161to sluoksniu, kuris reguliuoja miego aplink\u0105, sugerdamas dr\u0117gm\u0117s pertekli\u0173 nakt\u012f ir i\u0161skirdamas j\u0105 dien\u0105. D\u0117l suskirstymo \u012f 7 komforto zonas \u010diu\u017einys puikiai prisitaiko prie k\u016bno, nepriklausomai nuo pad\u0117ties, o kont\u016bruotos putos suteikia malon\u0173 masa\u017eo efekt\u0105. Galite j\u012f patiesti ant lanks\u010dio r\u0117mo, kuris puikiai atitinka j\u016bs\u0173 pageidavimus. \u0160is \u010diu\u017einys turi u\u017evalkal\u0105, pagamint\u0105 i\u0161 \u201eFresh+\u201c megzto audinio, dygsniuoto puria vilna. Taip pat svarbu reguliariai skalbti \u201eFresh+\u201c u\u017evalkal\u0105, kad nesikaupt\u0173 bakterijos. Irys \u010diu\u017einys yra \u012fvairi\u0173 plo\u010di\u0173, tod\u0117l j\u012f galima naudoti atskirai arba kaip dviej\u0173 90 cm plo\u010dio \u010diu\u017eini\u0173 por\u0105, sukuriant patogi\u0105 180 cm dvigul\u0119 lov\u0105. Pagrindin\u0117s savyb\u0117s:<br \/>\n\u010ciu\u017einio \u0161erdis pagaminta i\u0161 profiliuot\u0173 poliuretano put\u0173, turin\u010di\u0173 higienos sertifikat\u0105 ir papildomai sutvirtint\u0173 sizalio sluoksniu. Dvipus\u012f \u010diu\u017ein\u012f galima vartyti ir pasukti, kad jis nesideformuot\u0173. Rekomenduojama dvipus\u012f \u010diu\u017ein\u012f vartyti kas 6 m\u0117nesius, kad pailg\u0117t\u0173 jo tarnavimo laikas ir pager\u0117t\u0173 miego higiena. Profiliuotos putos pagerina ventiliacij\u0105 \u010diu\u017einio viduje ir suteikia masa\u017eo efekt\u0105. \u201eFresh+\u201c u\u017evalkalas pagamintas i\u0161 \u201eFresh+\u201c trikota\u017eo, turin\u010dio ekologi\u0161k\u0105 \u201e\u00d6ko-Tex\u00ae Standard 100\u201c sertifikat\u0105, dygsniuotas puriu antialerginiu flisu. U\u017evalkalas turi u\u017etrauktukus visose keturiose \u010diu\u017einio pus\u0117se, kad b\u016bt\u0173 lengva j\u012f nuimti. U\u017evalkal\u0105 galima skalbti skalbimo ma\u0161inoje iki 60 \u00b0C temperat\u016broje. \u010ciu\u017einio auk\u0161tis: 18 cm. \u010ciu\u017einio kietumas: labai kietas H4. Galimi plo\u010diai: 90, 140, 160 cm. 25 met\u0173 garantija putoms. Jei abejojate, ar \u201eIrys\u201c \u010diu\u017einys pateisins j\u016bs\u0173 l\u016bkes\u010dius, raginame perskaityti m\u016bs\u0173 vadov\u0105 skirtuke \u201e\u012ekv\u0117pimai\u201c, kuris pad\u0117s jums i\u0161sirinkti teisingai.<\/p>\n<p>Prek\u0117s kodas L07-MA-IRYS_FRESH-90-MAT01-BK Simbolis ZM EAN Ilgis 200 cm Plotis 90 cm Auk\u0161tis 18 cm Kolekcija Irys Miegamoji dalis 90\u00d7200 U\u017epildas profiliuotas putplastis Kietumo zonos 7 zonos Kietumas H4 Nuimamas u\u017evalkalas Gamintojas Juoda Raudona Balta Bald\u0173 tipas \u010ciu\u017einiai PVM mokestis 23% EAN 5906123602006<\/p>","protected":false},"excerpt":{"rendered":"<p>\u010ciu\u017einys \u201eIrys 90\u00d7200\u201c: jei renkat\u0117s miegamojo baldus ir jau turite drabu\u017ei\u0173 spint\u0105, naktinius staliukus ir lovos r\u0117m\u0105, belieka tik r\u0117mas ir tinkamai parinktas \u010diu\u017einys. \u010ciu\u017einys \u201eIrys\u201c putplas\u010dio putplas\u010dio putplastis \u2013 idealus pasirinkimas tiems, kurie teikia pirmenyb\u0119 tvirtai atramai miegant, ir tiems, kurie sveria daugiau nei 110 kg. J\u012f sudaro [\u2026]<\/p>","protected":false},"featured_media":262428,"comment_status":"open","ping_status":"open","template":"","meta":[],"product_brand":[],"product_cat":[9200,1099],"product_tag":[],"class_list":{"0":"post-262427","1":"product","2":"type-product","3":"status-publish","4":"has-post-thumbnail","6":"product_cat-black-red-white","7":"product_cat-mattresses","9":"first","10":"instock","11":"purchasable","12":"product-type-simple"},"_links":{"self":[{"href":"https:\/\/baldumarket.lt\/lt\/wp-json\/wp\/v2\/product\/262427","targetHints":{"allow":["GET"]}}],"collection":[{"href":"https:\/\/baldumarket.lt\/lt\/wp-json\/wp\/v2\/product"}],"about":[{"href":"https:\/\/baldumarket.lt\/lt\/wp-json\/wp\/v2\/types\/product"}],"replies":[{"embeddable":true,"href":"https:\/\/baldumarket.lt\/lt\/wp-json\/wp\/v2\/comments?post=262427"}],"wp:featuredmedia":[{"embeddable":true,"href":"https:\/\/baldumarket.lt\/lt\/wp-json\/wp\/v2\/media\/262428"}],"wp:attachment":[{"href":"https:\/\/baldumarket.lt\/lt\/wp-json\/wp\/v2\/media?parent=262427"}],"wp:term":[{"taxonomy":"product_brand","embeddable":true,"href":"https:\/\/baldumarket.lt\/lt\/wp-json\/wp\/v2\/product_brand?post=262427"},{"taxonomy":"product_cat","embeddable":true,"href":"https:\/\/baldumarket.lt\/lt\/wp-json\/wp\/v2\/product_cat?post=262427"},{"taxonomy":"product_tag","embeddable":true,"href":"https:\/\/baldumarket.lt\/lt\/wp-json\/wp\/v2\/product_tag?post=262427"}],"curies":[{"name":"wp","href":"https:\/\/api.w.org\/{rel}","templated":true}]}}