{"id":262407,"date":"2026-01-13T23:25:37","date_gmt":"2026-01-13T20:25:37","guid":{"rendered":"https:\/\/baldumarket.lt\/product\/materac-piankowy-carbo-75-150x196-braz\/"},"modified":"2026-02-11T18:19:18","modified_gmt":"2026-02-11T15:19:18","slug":"materac-piankowy-carbo-75-150x196-braz","status":"publish","type":"product","link":"https:\/\/baldumarket.lt\/lt\/product\/materac-piankowy-carbo-75-150x196-braz\/","title":{"rendered":"\u010ciu\u017einys i\u0161 anglies put\u0173 75-150\u00d7196, rudas"},"content":{"rendered":"<p>\u201eCarbo\u201c \u010diu\u017einys 75 \u00d7 150, sm\u0117lio spalvos. \u0160is patogus \u010diu\u017einys priklauso \u201eIndiana\u201c ir \u201eMalcolm\u201c kolekcijoms. D\u0117l H3 kietumo \u0161is \u010diu\u017einys puikiai tinka \u017emon\u0117ms, sveriantiems 70\u2013110 kg. \u0160is pasirinkimas taip pat patiks ir tiems, kurie m\u0117gsta \u0161iek tiek kietesn\u012f miego pavir\u0161i\u0173. \u010ciu\u017einys yra i\u0161skleid\u017eiamas, tod\u0117l lengvai susikursite erdvi\u0105 miegojimo zon\u0105 dviem \u017emon\u0117ms. Galite pasirinkti puikiai deran\u010dias pagalvi\u0173 komplekt\u0105 arba galvos atram\u0105, kad dar labiau padidintum\u0117te savo kasdienio poilsio komfort\u0105 ir patogum\u0105. \u201eIndiana\u201c ir \u201eMalcolm\u201c kolekcij\u0173 baldus galima derinti \u012f \u012fvairias kompozicijas, atsi\u017evelgiant \u012f kambari\u0173 dyd\u012f, j\u0173 funkcij\u0105 ir vis\u0173 nam\u0173 \u016bkio nari\u0173 poreikius. Pagrindin\u0117s savyb\u0117s: H3 \u010diu\u017einys yra idealus pagrindas \u017emon\u0117ms, sveriantiems 70\u2013110 kg. \u010ciu\u017einio i\u0161skleid\u017eiamo dyd\u017eio dydis yra 150 \u00d7 196 cm. \u010ciu\u017einio kietumas: kietas H3. \u010ciu\u017einio auk\u0161tis: 24 cm. 2 spalv\u0173 variantai: sm\u0117lio \u2013 Sawana17 ir pilka \u2013 Sawana03. 75 \u00d7 196 cm \u010diu\u017einys puikiai tinka \u201eIndiana\u201c ir \u201eMalcolm\u201c lovoms, o i\u0161skleistas pasiekia 150 \u00d7 196 cm dyd\u017eio dvigul\u0119 lov\u0105. Jei abejojate, ar \u201eCarbo\u201c \u010diu\u017einys pateisins j\u016bs\u0173 l\u016bkes\u010dius, raginame perskaityti m\u016bs\u0173 vadov\u0105 skiltyje \u201e\u012ekv\u0117pimai\u201c, kuris pad\u0117s jums i\u0161sirinkti tinkam\u0105 variant\u0105.<\/p>\n<p>Prek\u0117s kodas L07-MAT-CARBO_75\/150-SAWANA_17-MAT01 Simbolis ZM EAN Ilgis 196 cm Plotis 75-150 cm Auk\u0161tis 24 cm Kolekcija Carbo Miegamoji dalis 150\u00d7196 U\u017epildas poliuretano putos Kietumo zonos 1 zona Kietumas H3 Nenuimamas u\u017evalkalas Gamintojas Juoda Raudona Balta Baldo tipas \u010ciu\u017einiai PVM mokestis 23% EAN 5906123602471<\/p>","protected":false},"excerpt":{"rendered":"<p>\u201eCarbo\u201c \u010diu\u017einys 75 \u00d7 150, sm\u0117lio spalvos. \u0160is patogus \u010diu\u017einys yra \u201eIndiana\u201c ir \u201eMalcolm\u201c kolekcij\u0173 dalis. D\u0117l H3 kietumo \u0161is \u010diu\u017einys puikiai tinka tiems, kurie sveria 70\u2013110 kg. \u0160is pasirinkimas taip pat patiks tiems, kurie nori \u0161iek tiek kietesnio miego pavir\u0161iaus. \u010ciu\u017einys yra i\u0161traukiamas, tod\u0117l galite lengvai susikurti [\u2026]<\/p>","protected":false},"featured_media":262408,"comment_status":"open","ping_status":"open","template":"","meta":[],"product_brand":[],"product_cat":[9200,1099],"product_tag":[],"class_list":{"0":"post-262407","1":"product","2":"type-product","3":"status-publish","4":"has-post-thumbnail","6":"product_cat-black-red-white","7":"product_cat-mattresses","9":"first","10":"instock","11":"purchasable","12":"product-type-simple"},"_links":{"self":[{"href":"https:\/\/baldumarket.lt\/lt\/wp-json\/wp\/v2\/product\/262407","targetHints":{"allow":["GET"]}}],"collection":[{"href":"https:\/\/baldumarket.lt\/lt\/wp-json\/wp\/v2\/product"}],"about":[{"href":"https:\/\/baldumarket.lt\/lt\/wp-json\/wp\/v2\/types\/product"}],"replies":[{"embeddable":true,"href":"https:\/\/baldumarket.lt\/lt\/wp-json\/wp\/v2\/comments?post=262407"}],"wp:featuredmedia":[{"embeddable":true,"href":"https:\/\/baldumarket.lt\/lt\/wp-json\/wp\/v2\/media\/262408"}],"wp:attachment":[{"href":"https:\/\/baldumarket.lt\/lt\/wp-json\/wp\/v2\/media?parent=262407"}],"wp:term":[{"taxonomy":"product_brand","embeddable":true,"href":"https:\/\/baldumarket.lt\/lt\/wp-json\/wp\/v2\/product_brand?post=262407"},{"taxonomy":"product_cat","embeddable":true,"href":"https:\/\/baldumarket.lt\/lt\/wp-json\/wp\/v2\/product_cat?post=262407"},{"taxonomy":"product_tag","embeddable":true,"href":"https:\/\/baldumarket.lt\/lt\/wp-json\/wp\/v2\/product_tag?post=262407"}],"curies":[{"name":"wp","href":"https:\/\/api.w.org\/{rel}","templated":true}]}}