{"id":262398,"date":"2026-01-13T23:25:30","date_gmt":"2026-01-13T20:25:30","guid":{"rendered":"https:\/\/baldumarket.lt\/product\/materac-piankowy-armus-90x200\/"},"modified":"2026-02-11T18:19:18","modified_gmt":"2026-02-11T15:19:18","slug":"materac-piankowy-armus-90x200","status":"publish","type":"product","link":"https:\/\/baldumarket.lt\/lt\/product\/materac-piankowy-armus-90x200\/","title":{"rendered":"Armus put\u0173 \u010diu\u017einys 90&#215;200"},"content":{"rendered":"<p>Armus 90\u00d7200 \u010diu\u017einys: \u012erengdami miegam\u0105j\u012f, nepamir\u0161kite pasirinkti tinkamo \u010diu\u017einio, kuris garantuos ram\u0173 nakties mieg\u0105. Rinkit\u0117s \u201eArmus\u201c \u010diu\u017ein\u012f, pasi\u017eymint\u012f prieinama kaina ir kruop\u0161\u010diu meistri\u0161kumu. \u010ciu\u017einio \u0161erdis \u2013 8 cm storio poliuretano put\u0173 \u0161erdis, sukurianti vienod\u0105 miego pavir\u0161i\u0173. \u201eArmus\u201c \u010diu\u017einys yra dvipusis gaminys, pasi\u017eymintis auk\u0161tu H3 kietumo \u012fvertinimu, u\u017etikrinan\u010diu patog\u0173 nakties mieg\u0105. \u0160\u012f put\u0173 \u010diu\u017ein\u012f galite patiesti ant tinkamo r\u0117mo, taip sukurdami tobul\u0105 derin\u012f, pritaikyt\u0105 j\u016bs\u0173 asmeniniams poreikiams. D\u0117l higienos \u010diu\u017einys turi nuimam\u0105 u\u017evalkal\u0105, kur\u012f galima skalbti skalbimo ma\u0161inoje iki 60 laipsni\u0173 Celsijaus temperat\u016broje. \u201eArmus\u201c \u010diu\u017einys yra penki\u0173 skirting\u0173 dyd\u017ei\u0173: 80, 90, 120, 140 ir 160 cm plo\u010dio, o vis\u0173 ilgis \u2013 200 cm. Tai leid\u017eia j\u012f pritaikyti tiek viengul\u0117ms, tiek dvigul\u0117ms lovoms, sukuriant tobul\u0105 sprendim\u0105 jums. Pagrindin\u0117s savyb\u0117s: \u2013 \u010ciu\u017einio \u0161erdis pagaminta i\u0161 poliuretano put\u0173 lak\u0161to, u\u017etikrinan\u010dio lyg\u0173 ir vienod\u0105 miego pavir\u0161i\u0173.<br \/>\n\u2013 Dvipusis \u010diu\u017einys, kur\u012f galima apversti ir pasukti, kad jis nesideformuot\u0173. Rekomenduojame dvipus\u012f \u010diu\u017ein\u012f apversti kas 6 m\u0117nesius, kad pailgintum\u0117te jo tarnavimo laik\u0105 ir pagerintum\u0117te miego higien\u0105.<br \/>\n\u2013 \u010ciu\u017einio auk\u0161tis: 10 cm.<br \/>\n\u2013 \u010ciu\u017einio kietumo lygis: H3.<br \/>\n\u2013 \u201eMicro\u201c u\u017evalkalas pagamintas i\u0161 \u201eMicro\u201c audinio, sertifikuoto pagal \u201e\u00d6ko-Tex\u00ae Standard 100\u201c ir dygsniuotas puriu antialerginiu flisu.<br \/>\n\u2013 U\u017evalkalas turi u\u017etrauktukus visose keturiose \u010diu\u017einio pus\u0117se, tod\u0117l j\u012f lengva nuimti.<br \/>\n\u2013 U\u017evalkal\u0105 galima skalbti skalbimo ma\u0161inoje iki 60 \u00b0C temperat\u016broje. \u2013 Galimi plo\u010diai: 80, 90, 120, 140, 160 cm. Jei abejojate, ar \u201eArmus\u201c \u010diu\u017einys atitiks j\u016bs\u0173 l\u016bkes\u010dius, raginame perskaityti m\u016bs\u0173 vadov\u0105 skirtuke \u201e\u012ekv\u0117pimai\u201c, kuris pad\u0117s jums i\u0161sirinkti tinkamiausi\u0105.<\/p>\n<p>Prek\u0117s kodas L07-MATERAC-ARMUS_90-MAT01 Simbolis ZM EAN Ilgis 200 cm Plotis 90 cm Auk\u0161tis 10 cm Kolekcija Armus Miegamoji dalis 90\u00d7200 U\u017epildas poliuretano putos Kietumo zonos 1 zona Kietumas H3 Nuimamas u\u017evalkalas Gamintojas Juoda Raudona Balta Bald\u0173 tipas \u010ciu\u017einiai PVM mokestis 23% EAN 5906123602525<\/p>","protected":false},"excerpt":{"rendered":"<p>Armus 90&#215;200 Mattress: When arranging your bedroom, don&#8217;t forget to choose the right mattress that will guarantee a restful night&#8217;s sleep. Choose the Armus mattress, characterized by an affordable price and meticulous craftsmanship. At the heart of the mattress is an 8 cm thick polyurethane foam core, creating a uniform sleeping surface. The Armus mattress [&hellip;]<\/p>","protected":false},"featured_media":262399,"comment_status":"open","ping_status":"open","template":"","meta":[],"product_brand":[],"product_cat":[9200,1099],"product_tag":[],"class_list":{"0":"post-262398","1":"product","2":"type-product","3":"status-publish","4":"has-post-thumbnail","6":"product_cat-black-red-white","7":"product_cat-mattresses","9":"first","10":"instock","11":"purchasable","12":"product-type-simple"},"_links":{"self":[{"href":"https:\/\/baldumarket.lt\/lt\/wp-json\/wp\/v2\/product\/262398","targetHints":{"allow":["GET"]}}],"collection":[{"href":"https:\/\/baldumarket.lt\/lt\/wp-json\/wp\/v2\/product"}],"about":[{"href":"https:\/\/baldumarket.lt\/lt\/wp-json\/wp\/v2\/types\/product"}],"replies":[{"embeddable":true,"href":"https:\/\/baldumarket.lt\/lt\/wp-json\/wp\/v2\/comments?post=262398"}],"wp:featuredmedia":[{"embeddable":true,"href":"https:\/\/baldumarket.lt\/lt\/wp-json\/wp\/v2\/media\/262399"}],"wp:attachment":[{"href":"https:\/\/baldumarket.lt\/lt\/wp-json\/wp\/v2\/media?parent=262398"}],"wp:term":[{"taxonomy":"product_brand","embeddable":true,"href":"https:\/\/baldumarket.lt\/lt\/wp-json\/wp\/v2\/product_brand?post=262398"},{"taxonomy":"product_cat","embeddable":true,"href":"https:\/\/baldumarket.lt\/lt\/wp-json\/wp\/v2\/product_cat?post=262398"},{"taxonomy":"product_tag","embeddable":true,"href":"https:\/\/baldumarket.lt\/lt\/wp-json\/wp\/v2\/product_tag?post=262398"}],"curies":[{"name":"wp","href":"https:\/\/api.w.org\/{rel}","templated":true}]}}