{"id":262366,"date":"2026-01-13T23:25:02","date_gmt":"2026-01-13T20:25:02","guid":{"rendered":"https:\/\/baldumarket.lt\/product\/materac-piankowy-agena-90x200\/"},"modified":"2026-02-11T18:19:19","modified_gmt":"2026-02-11T15:19:19","slug":"materac-piankowy-agena-90x200","status":"publish","type":"product","link":"https:\/\/baldumarket.lt\/lt\/product\/materac-piankowy-agena-90x200\/","title":{"rendered":"Agena put\u0173 \u010diu\u017einys 90\u00d7200"},"content":{"rendered":"<p>\u201eAgena\u201c 90\u00d7200 \u010diu\u017einys. \u201eAgena\u201c \u010diu\u017einys \u2013 puikus sprendimas tiems, kurie r\u016bpinasi planeta ir siekia suma\u017einti atliek\u0173 kiek\u012f. \u0160is ekologi\u0161kas \u010diu\u017einys derina komfort\u0105 ir r\u016bpest\u012f aplinka. Jame naudojamas novatori\u0161kas \u201eSeaqual\u00ae\u201c audinys, sukurtas i\u0161 perdirbto plastiko, surinkto Vidur\u017eemio j\u016broje \u2013 tvarios gamybos pavyzdys. \u010ciu\u017einio vidus pagamintas i\u0161 viskoelastin\u0117s med\u017eiagos, kuri prisitaiko prie k\u016bno formos, o poliuretano putos suteikia atram\u0105. \u201eRiviera\u201c audinys suteikia jam eleganti\u0161k\u0105 i\u0161vaizd\u0105, o 19 cm auk\u0161\u010dio jis puikiai tinka net ir ant auk\u0161to r\u0117mo. \u010ciu\u017einys, kurio kietumo \u012fvertinimas yra H3, si\u016blo 7 komforto zonas, pritaikytas skirtingoms k\u016bno dalims, padedan\u010dias i\u0161vengti diskomforto ir nugaros problem\u0173. Jis tiekiamas \u012fvairi\u0173 plo\u010di\u0173 \u2013 nuo 90 iki 180 cm, tod\u0117l galite rinktis i\u0161 plataus dyd\u017ei\u0173 pasirinkimo. Nepamir\u0161kite jo d\u0117ti ant lanks\u010dio r\u0117mo, kad miegotum\u0117te visi\u0161kai patogiai. \u201eAgena\u201c \u010diu\u017einys yra ne tik patogus, bet ir tausoja planet\u0105 bei u\u017etikrina sveik\u0105 mieg\u0105. Prie\u017ei\u016bra paprasta \u2013 reguliarus u\u017evalkalo skalbimas prailgins jo tarnavimo laik\u0105. Pagrindin\u0117s savyb\u0117s: \u010ciu\u017einio \u0161erdis pagaminta i\u0161 elasting\u0173 poliuretano put\u0173 ir viskoelastin\u0117s med\u017eiagos. \u010ciu\u017einys i\u0161 vienos pus\u0117s aptrauktas viskoelastiniu porolonu su 7 komforto zonomis. \u010ciu\u017einio auk\u0161tis: 19 cm. \u010ciu\u017einio kietumas: kietas. SEAQUAL u\u017evalkalas \u2013 audinys, turintis ekologi\u0161ko \u201e\u00d6ko-Tex\u00ae Standard 100\u201c sertifikat\u0105, dygsniuotas puriu antialerginiu neaustiniu audiniu, pagamintu i\u0161 perdirbto plastiko, sugauto Vidur\u017eemio j\u016broje. U\u017evalkalas turi u\u017etrauktuk\u0105 visose keturiose pus\u0117se, kad j\u012f b\u016bt\u0173 lengva nuimti. Vir\u0161utin\u0119 u\u017evalkalo dal\u012f galima skalbti skalbimo ma\u0161inoje iki 60 \u00b0C temperat\u016broje. 25 met\u0173 garantija put\u0173 u\u017epildui. Galimi plo\u010diai: 90, 120, 140, 160, 180 cm. Jei abejojate, ar \u201eAgena\u201c \u010diu\u017einys pateisins j\u016bs\u0173 l\u016bkes\u010dius, raginame perskaityti m\u016bs\u0173 vadov\u0105 skirtuke \u201e\u012ekv\u0117pimai\u201c, kuris pad\u0117s jums i\u0161sirinkti teisingai.<\/p>\n<p>Prek\u0117s kodas L07-MA-AGENA_SEAQUAL-90-MAT01-BK Simbolis ZM EAN Ilgis 200 cm Plotis 90 cm Auk\u0161tis 19 cm Kolekcija \u201eAgena\u201c Miegamoji dalis 90 \u00d7 200 U\u017epildas: viskoelastin\u0117 med\u017eiaga Kietumo zonos 7 zonos Kietumas H3 Nuimamas u\u017evalkalas Gamintojas Juoda Raudona Balta Bald\u0173 tipas: \u010ciu\u017einiai PVM mokestis 23% EAN 5906123601795<\/p>","protected":false},"excerpt":{"rendered":"<p>\u201eAgena\u201c 90 \u00d7 200 \u010diu\u017einys. \u201eAgena\u201c \u010diu\u017einys \u2013 puikus sprendimas tiems, kurie r\u016bpinasi planeta ir siekia suma\u017einti atliek\u0173 kiek\u012f. \u0160is ekologi\u0161kas \u010diu\u017einys derina komfort\u0105 ir r\u016bpest\u012f aplinka. Jame naudojamas novatori\u0161kas \u201eSeaqual\u00ae\u201c audinys, pagamintas i\u0161 perdirbto plastiko, surinkto Vidur\u017eemio j\u016broje \u2013 tvarios gamybos pavyzdys. \u010ciu\u017einio vidus pagamintas i\u0161 [\u2026]<\/p>","protected":false},"featured_media":262367,"comment_status":"open","ping_status":"open","template":"","meta":[],"product_brand":[],"product_cat":[9200,1099],"product_tag":[],"class_list":{"0":"post-262366","1":"product","2":"type-product","3":"status-publish","4":"has-post-thumbnail","6":"product_cat-black-red-white","7":"product_cat-mattresses","9":"first","10":"instock","11":"purchasable","12":"product-type-simple"},"_links":{"self":[{"href":"https:\/\/baldumarket.lt\/lt\/wp-json\/wp\/v2\/product\/262366","targetHints":{"allow":["GET"]}}],"collection":[{"href":"https:\/\/baldumarket.lt\/lt\/wp-json\/wp\/v2\/product"}],"about":[{"href":"https:\/\/baldumarket.lt\/lt\/wp-json\/wp\/v2\/types\/product"}],"replies":[{"embeddable":true,"href":"https:\/\/baldumarket.lt\/lt\/wp-json\/wp\/v2\/comments?post=262366"}],"wp:featuredmedia":[{"embeddable":true,"href":"https:\/\/baldumarket.lt\/lt\/wp-json\/wp\/v2\/media\/262367"}],"wp:attachment":[{"href":"https:\/\/baldumarket.lt\/lt\/wp-json\/wp\/v2\/media?parent=262366"}],"wp:term":[{"taxonomy":"product_brand","embeddable":true,"href":"https:\/\/baldumarket.lt\/lt\/wp-json\/wp\/v2\/product_brand?post=262366"},{"taxonomy":"product_cat","embeddable":true,"href":"https:\/\/baldumarket.lt\/lt\/wp-json\/wp\/v2\/product_cat?post=262366"},{"taxonomy":"product_tag","embeddable":true,"href":"https:\/\/baldumarket.lt\/lt\/wp-json\/wp\/v2\/product_tag?post=262366"}],"curies":[{"name":"wp","href":"https:\/\/api.w.org\/{rel}","templated":true}]}}