{"id":262326,"date":"2026-01-13T23:24:21","date_gmt":"2026-01-13T20:24:21","guid":{"rendered":"https:\/\/baldumarket.lt\/product\/materac-nawierzchniowy-stern-90x200\/"},"modified":"2026-02-11T18:19:19","modified_gmt":"2026-02-11T15:19:19","slug":"materac-nawierzchniowy-stern-90x200","status":"publish","type":"product","link":"https:\/\/baldumarket.lt\/lt\/product\/materac-nawierzchniowy-stern-90x200\/","title":{"rendered":"Stern \u010diu\u017einio u\u017etiesalas 90\u00d7200"},"content":{"rendered":"<p>\u201eStern\u201c \u010diu\u017einio ant\u010diu\u017einis \u2013 didesniam komfortui ir higienai. Jei j\u016bs\u0173 dabartin\u0117 lova atrodo per kieta ir nenorite investuoti \u012f nauj\u0105 \u010diu\u017ein\u012f, \u201eStern\u201c \u010diu\u017einio ant\u010diu\u017einis gali b\u016bti puikus sprendimas. Jo pagrindin\u0117 paskirtis \u2013 suma\u017einti esamo \u010diu\u017einio kietum\u0105 jo nekei\u010diant. Jis taip pat idealiai tinka i\u0161lyginti poilsio bald\u0173, toki\u0173 kaip sofa ar sekcijin\u0117 sofa, pavir\u0161i\u0173 ir kartu suteikti papildom\u0105 apsaug\u0105. \u010ciu\u017einio vidus u\u017epildytas sertifikuotomis putomis. \u0160is \u017eemo profilio \u010diu\u017einio ant\u010diu\u017einis, kurio matmenys 90 \u00d7 200 cm, pagamintas i\u0161 put\u0173 ir turi vidutin\u012f H2 kietumo \u012fvertinim\u0105. Jo pagrindin\u0117 paskirtis \u2013 pagerinti miego komfort\u0105 ir u\u017etikrinti papildom\u0105 higien\u0105 j\u016bs\u0173 miego aplinkoje. \u201eStern\u201c \u010diu\u017einys yra penki\u0173 skirting\u0173 plo\u010di\u0173 ir 200 cm ilgio. Pasirinkite t\u0105, kuris geriausiai atitinka j\u016bs\u0173 poreikius. Atminkite, kad tinkama prie\u017ei\u016bra yra labai svarbi ilgalaikiam \u010diu\u017einio naudojimui. \u201eFresh+\u201c u\u017evalkalas yra skalbiamas, tod\u0117l j\u012f lengva i\u0161laikyti \u0161var\u0173 ir gaiv\u0173 daugel\u012f met\u0173. Pagrindin\u0117s savyb\u0117s: \u010ciu\u017einio ant\u010diu\u017einis, idealiai tinka kaip esamo \u010diu\u017einio u\u017etiesalas. Pagamintas i\u0161 sertifikuot\u0173 6 cm storio put\u0173. \u010ciu\u017einio auk\u0161tis: 6 cm. \u010ciu\u017einio kietumas: vidutinis H2. Skalbiamas u\u017evalkalas pagamintas i\u0161 \u201eFresh+\u201c audinio, kuris padeda palaikyti \u010diu\u017einio higien\u0105.<\/p>\n<p>Prek\u0117s kodas L07-TOP-STERN_FRESH-90-MAT01-BK Simbolis ZM EAN Ilgis 200 cm Plotis 90 cm Auk\u0161tis 6 cm Kolekcija Stern Miegamoji dalis 90\u00d7200 U\u017epildas poliuretano putos Kietumo zonos 1 zona Kietumas H2 Nuimamas u\u017evalkalas Gamintojas Juoda Raudona Balta Bald\u0173 tipas \u010ciu\u017einiai PVM mokestis 23%<\/p>","protected":false},"excerpt":{"rendered":"<p>\u201eStern\u201c \u010diu\u017einio ant\u010diu\u017einis \u2013 didesniam komfortui ir higienai. Jei j\u016bs\u0173 dabartin\u0117 lova atrodo per kieta ir nenorite investuoti \u012f nauj\u0105 \u010diu\u017ein\u012f, \u201eStern\u201c \u010diu\u017einio ant\u010diu\u017einis gali b\u016bti puikus sprendimas. Jo pagrindin\u0117 paskirtis \u2013 suma\u017einti esamo \u010diu\u017einio kietum\u0105 jo nekei\u010diant. Jis taip pat idealiai tinka [\u2026]<\/p>","protected":false},"featured_media":262327,"comment_status":"open","ping_status":"open","template":"","meta":[],"product_brand":[],"product_cat":[9200,1099],"product_tag":[],"class_list":{"0":"post-262326","1":"product","2":"type-product","3":"status-publish","4":"has-post-thumbnail","6":"product_cat-black-red-white","7":"product_cat-mattresses","9":"first","10":"instock","11":"purchasable","12":"product-type-simple"},"_links":{"self":[{"href":"https:\/\/baldumarket.lt\/lt\/wp-json\/wp\/v2\/product\/262326","targetHints":{"allow":["GET"]}}],"collection":[{"href":"https:\/\/baldumarket.lt\/lt\/wp-json\/wp\/v2\/product"}],"about":[{"href":"https:\/\/baldumarket.lt\/lt\/wp-json\/wp\/v2\/types\/product"}],"replies":[{"embeddable":true,"href":"https:\/\/baldumarket.lt\/lt\/wp-json\/wp\/v2\/comments?post=262326"}],"wp:featuredmedia":[{"embeddable":true,"href":"https:\/\/baldumarket.lt\/lt\/wp-json\/wp\/v2\/media\/262327"}],"wp:attachment":[{"href":"https:\/\/baldumarket.lt\/lt\/wp-json\/wp\/v2\/media?parent=262326"}],"wp:term":[{"taxonomy":"product_brand","embeddable":true,"href":"https:\/\/baldumarket.lt\/lt\/wp-json\/wp\/v2\/product_brand?post=262326"},{"taxonomy":"product_cat","embeddable":true,"href":"https:\/\/baldumarket.lt\/lt\/wp-json\/wp\/v2\/product_cat?post=262326"},{"taxonomy":"product_tag","embeddable":true,"href":"https:\/\/baldumarket.lt\/lt\/wp-json\/wp\/v2\/product_tag?post=262326"}],"curies":[{"name":"wp","href":"https:\/\/api.w.org\/{rel}","templated":true}]}}