{"id":262294,"date":"2026-01-13T23:23:54","date_gmt":"2026-01-13T20:23:54","guid":{"rendered":"https:\/\/baldumarket.lt\/product\/materac-nawierzchniowy-restona-180x200\/"},"modified":"2026-02-11T18:19:19","modified_gmt":"2026-02-11T15:19:19","slug":"materac-nawierzchniowy-restona-180x200","status":"publish","type":"product","link":"https:\/\/baldumarket.lt\/lt\/product\/materac-nawierzchniowy-restona-180x200\/","title":{"rendered":"Restona \u010diu\u017einio u\u017etiesalas 180&#215;200"},"content":{"rendered":"<p>\u201eRestona Topper\u201c \u2013 ypatingas mink\u0161tumas ir higiena j\u016bs\u0173 \u010diu\u017einiui. M\u016bs\u0173 miego kokyb\u0117 daro did\u017eiul\u0119 \u012ftak\u0105 kasdieniam komfortui, tod\u0117l tinkamo \u010diu\u017einio pasirinkimas yra labai svarbus. Apsaugokite savo \u010diu\u017ein\u012f, o tai da\u017enai kainuoja nema\u017eai. \u201eRestona Topper\u201c leid\u017eia i\u0161laikyti \u010diu\u017ein\u012f puikios b\u016bkl\u0117s, kartu u\u017etikrinant geresn\u0119 higien\u0105 ir miego komfort\u0105. \u0160is \u010diu\u017einio ant\u010diu\u017einis garantuoja ypating\u0105 mink\u0161tum\u0105 ir higien\u0105. Jis pagamintas i\u0161 sertifikuot\u0173 H2 vidutinio kietumo put\u0173 ir gali b\u016bti naudojamas i\u0161 abiej\u0173 pusi\u0173. \u201eRestona Topper\u201c skirtas 180 x 200 cm \u010diu\u017einiui ir turi u\u017etrauktuk\u0105, kuris leid\u017eia lengvai atskirti ir patogiai skalbti skalbimo ma\u0161inoje, kad jis i\u0161likt\u0173 \u0161varus ir gaivus. \u0160io \u010diu\u017einio gamyboje buvo naudojami tik sertifikuoti ir patvirtinti komponentai. Pagrindin\u0117s savyb\u0117s: \u010ciu\u017einio ant\u010diu\u017einis, idealiai tinka kaip \u010diu\u017einio ant\u010diu\u017einis. Pagamintas i\u0161 sertifikuot\u0173 put\u0173. Dvipusis \u010diu\u017einys, kuris padidina jo patvarum\u0105. \u010ciu\u017einio kietumas: vidutinis H2. \u010ciu\u017einio auk\u0161tis: 7,5 cm. Skalbiamas u\u017evalkalas. Galimi plo\u010diai: 90, 120, 140, 160, 180 cm.<\/p>\n<p>Prek\u0117s kodas L07-TOP-RESTONA-180-MAT01-BK Simbolis ZM EAN Ilgis 200 cm Plotis 180 cm Auk\u0161tis 7,5 cm Kolekcija Restona Miegamoji dalis 180\u00d7200 U\u017epildas poliuretano putos Kietumo zonos 1 zona Kietumas H2 Nuimamas u\u017evalkalas Gamintojas Juoda Raudona Balta Baldo tipas \u010ciu\u017einiai PVM mokestis 23% EAN 5906123603515<\/p>","protected":false},"excerpt":{"rendered":"<p>\u201eRestona Topper\u201c \u2013 ypatingas mink\u0161tumas ir higiena j\u016bs\u0173 \u010diu\u017einiui. M\u016bs\u0173 miego kokyb\u0117 daro did\u017eiul\u0119 \u012ftak\u0105 kasdieniam komfortui, tod\u0117l tinkamo \u010diu\u017einio pasirinkimas yra labai svarbus. Apsaugokite savo \u010diu\u017ein\u012f, o tai da\u017enai kainuoja nema\u017eai. \u201eRestona Topper\u201c leid\u017eia i\u0161laikyti j\u016bs\u0173 \u010diu\u017ein\u012f puikios b\u016bkl\u0117s ir u\u017etikrina [\u2026]<\/p>","protected":false},"featured_media":262295,"comment_status":"open","ping_status":"open","template":"","meta":[],"product_brand":[],"product_cat":[9200,1099],"product_tag":[],"class_list":{"0":"post-262294","1":"product","2":"type-product","3":"status-publish","4":"has-post-thumbnail","6":"product_cat-black-red-white","7":"product_cat-mattresses","9":"first","10":"instock","11":"purchasable","12":"product-type-simple"},"_links":{"self":[{"href":"https:\/\/baldumarket.lt\/lt\/wp-json\/wp\/v2\/product\/262294","targetHints":{"allow":["GET"]}}],"collection":[{"href":"https:\/\/baldumarket.lt\/lt\/wp-json\/wp\/v2\/product"}],"about":[{"href":"https:\/\/baldumarket.lt\/lt\/wp-json\/wp\/v2\/types\/product"}],"replies":[{"embeddable":true,"href":"https:\/\/baldumarket.lt\/lt\/wp-json\/wp\/v2\/comments?post=262294"}],"wp:featuredmedia":[{"embeddable":true,"href":"https:\/\/baldumarket.lt\/lt\/wp-json\/wp\/v2\/media\/262295"}],"wp:attachment":[{"href":"https:\/\/baldumarket.lt\/lt\/wp-json\/wp\/v2\/media?parent=262294"}],"wp:term":[{"taxonomy":"product_brand","embeddable":true,"href":"https:\/\/baldumarket.lt\/lt\/wp-json\/wp\/v2\/product_brand?post=262294"},{"taxonomy":"product_cat","embeddable":true,"href":"https:\/\/baldumarket.lt\/lt\/wp-json\/wp\/v2\/product_cat?post=262294"},{"taxonomy":"product_tag","embeddable":true,"href":"https:\/\/baldumarket.lt\/lt\/wp-json\/wp\/v2\/product_tag?post=262294"}],"curies":[{"name":"wp","href":"https:\/\/api.w.org\/{rel}","templated":true}]}}