{"id":262274,"date":"2026-01-13T23:23:33","date_gmt":"2026-01-13T20:23:33","guid":{"rendered":"https:\/\/baldumarket.lt\/product\/materac-nawierzchniowy-orsa-140x200\/"},"modified":"2026-02-11T18:19:20","modified_gmt":"2026-02-11T15:19:20","slug":"materac-nawierzchniowy-orsa-140x200","status":"publish","type":"product","link":"https:\/\/baldumarket.lt\/lt\/product\/materac-nawierzchniowy-orsa-140x200\/","title":{"rendered":"Orsa \u010diu\u017einio u\u017etiesalas 140\u00d7200"},"content":{"rendered":"<p>\u201eOrsa\u201c \u010diu\u017einio ant\u010diu\u017einis \u2013 didelis miego komfortas ir apsauga. Jei norite nebrangiai ir efektyviai pagerinti savo \u010diu\u017einio ar sofos miego kokyb\u0119, apsvarstykite patog\u0173 \u201eOrsa\u201c \u010diu\u017einio ant\u010diu\u017ein\u012f. Kod\u0117l verta naudoti \u010diu\u017einio ant\u010diu\u017ein\u012f? Tai puikus b\u016bdas papildyti \u010diu\u017ein\u012f ir pritaikyti pagrindo kietum\u0105 pagal savo poreikius, pavyzd\u017eiui, jei bandote numesti svorio ir j\u016bs\u0173 \u010diu\u017einys yra per kietas. \u010ciu\u017einio ant\u010diu\u017einis taip pat apsaugo j\u016bs\u0173 poilsio baldus, tokius kaip sof\u0105 ar sekcijin\u0119 sof\u0105, apsaugodamas juos nuo spaudimo ta\u0161k\u0173 ir i\u0161lygindamas miego pavir\u0161i\u0173. Jo vidus u\u017epildytas viskoelastiniu putplas\u010diu, kuris prisitaiko prie j\u016bs\u0173 k\u016bno formos ir suteikia i\u0161skirtin\u012f komfort\u0105. D\u0117l \u201eTencel\u00ae\u201c audinio naudojimo \u010diu\u017einys efektyviai sugeria dr\u0117gm\u0119 miego metu ir atiduoda j\u0105 dienos metu, taip prisid\u0117damas prie sveiko miego. \u0160is \u017eemo profilio putplas\u010dio \u010diu\u017einys, kurio matmenys 140 \u00d7 200 cm, yra vidutinio H2 kietumo ir ne tik pagerina miego komfort\u0105, bet ir u\u017etikrina papildom\u0105 higien\u0105 j\u016bs\u0173 miego aplinkai. \u010ciu\u017einys yra \u012fvairi\u0173 plo\u010di\u0173 ir 200 cm ilgio. Pasirinkite t\u0105, kuris geriausiai atitinka j\u016bs\u0173 poreikius. \u201eOrsa\u201c \u010diu\u017einys tiekiamas su skalbiamu u\u017evalkalu, u\u017etikrinan\u010diu ilgalaik\u0119 miego higien\u0105. Tai rei\u0161kia, kad \u010diu\u017einys gali tarnauti jums daugel\u012f met\u0173. Pagrindin\u0117s savyb\u0117s: \u010ciu\u017einio ant\u010diu\u017einis, idealiai tinka kaip \u010diu\u017einio ant\u010diu\u017einis. Pagamintas i\u0161 sertifikuot\u0173 8 cm storio viskoelastini\u0173 put\u0173. \u010ciu\u017einio auk\u0161tis: 8 cm. \u010ciu\u017einio kietumas: vidutinis H2. Skalbiamas u\u017evalkalas pagamintas i\u0161 Tencel\u00ae audinio. Galimi plo\u010diai: 90, 120, 140, 160 ir 180 cm.<\/p>\n<p>Prek\u0117s kodas L07-TOP-ORSA_TENCEL-140-MAT01-BK Simbolis ZM EAN Ilgis 200 cm Plotis 140 cm Auk\u0161tis 8 cm Kolekcija Orsa Miegamoji dalis 140\u00d7200 U\u017epildas viskoelastinis putplastis Kietumo zonos 1 zona Kietumas H2 Nuimamas u\u017evalkalas Gamintojas Juoda Raudona Balta Baldo tipas \u010ciu\u017einiai PVM mokestis 23%<\/p>","protected":false},"excerpt":{"rendered":"<p>\u201eOrsa\u201c \u010diu\u017einio ant\u010diu\u017einis \u2013 didelis miego komfortas ir apsauga. Jei norite nebrangiai ir efektyviai pagerinti savo \u010diu\u017einio ar sofos miego kokyb\u0119, apsvarstykite patog\u0173 \u201eOrsa\u201c \u010diu\u017einio ant\u010diu\u017ein\u012f. Kod\u0117l verta naudoti \u010diu\u017einio ant\u010diu\u017ein\u012f? Tai puikus b\u016bdas papildyti \u010diu\u017ein\u012f ir pritaikyti pagrindo kietum\u0105 pagal savo poreikius, [\u2026]<\/p>","protected":false},"featured_media":262275,"comment_status":"open","ping_status":"open","template":"","meta":[],"product_brand":[],"product_cat":[9200,1099],"product_tag":[],"class_list":{"0":"post-262274","1":"product","2":"type-product","3":"status-publish","4":"has-post-thumbnail","6":"product_cat-black-red-white","7":"product_cat-mattresses","9":"first","10":"instock","11":"purchasable","12":"product-type-simple"},"_links":{"self":[{"href":"https:\/\/baldumarket.lt\/lt\/wp-json\/wp\/v2\/product\/262274","targetHints":{"allow":["GET"]}}],"collection":[{"href":"https:\/\/baldumarket.lt\/lt\/wp-json\/wp\/v2\/product"}],"about":[{"href":"https:\/\/baldumarket.lt\/lt\/wp-json\/wp\/v2\/types\/product"}],"replies":[{"embeddable":true,"href":"https:\/\/baldumarket.lt\/lt\/wp-json\/wp\/v2\/comments?post=262274"}],"wp:featuredmedia":[{"embeddable":true,"href":"https:\/\/baldumarket.lt\/lt\/wp-json\/wp\/v2\/media\/262275"}],"wp:attachment":[{"href":"https:\/\/baldumarket.lt\/lt\/wp-json\/wp\/v2\/media?parent=262274"}],"wp:term":[{"taxonomy":"product_brand","embeddable":true,"href":"https:\/\/baldumarket.lt\/lt\/wp-json\/wp\/v2\/product_brand?post=262274"},{"taxonomy":"product_cat","embeddable":true,"href":"https:\/\/baldumarket.lt\/lt\/wp-json\/wp\/v2\/product_cat?post=262274"},{"taxonomy":"product_tag","embeddable":true,"href":"https:\/\/baldumarket.lt\/lt\/wp-json\/wp\/v2\/product_tag?post=262274"}],"curies":[{"name":"wp","href":"https:\/\/api.w.org\/{rel}","templated":true}]}}