{"id":262269,"date":"2026-01-13T23:23:20","date_gmt":"2026-01-13T20:23:20","guid":{"rendered":"https:\/\/baldumarket.lt\/product\/materac-na-ramie-drewnianej-kieszeniowy-tiago-lux-90x198-szary\/"},"modified":"2026-02-11T18:19:20","modified_gmt":"2026-02-11T15:19:20","slug":"materac-na-ramie-drewnianej-kieszeniowy-tiago-lux-90x198-szary","status":"publish","type":"product","link":"https:\/\/baldumarket.lt\/lt\/product\/materac-na-ramie-drewnianej-kieszeniowy-tiago-lux-90x198-szary\/","title":{"rendered":"Tiago Lux ki\u0161enini\u0173 spyruokli\u0173 \u010diu\u017einys ant medinio r\u0117mo, 90\u00d7198 pilkas"},"content":{"rendered":"<p>\u201eTiago Lux 90\u201c pilkas \u010diu\u017einys. \u201eTiago Lux\u201c \u010diu\u017einys \u2013 puikus pasirinkimas augan\u010diam vaikui ar paaugliui, u\u017etikrinantis saug\u0173 mieg\u0105 ir skatinantis jo vystym\u0105si. \u010ciu\u017einys su ki\u0161enin\u0117mis spyruokl\u0117mis su 7 kietumo zonomis ir poliuretano putomis u\u017etikrina maksimal\u0173 komfort\u0105 ir puiki\u0105 atram\u0105, ypa\u010d \u017emon\u0117ms, sveriantiems 40\u201380 kg. Galima rinktis i\u0161 dviej\u0173 eleganti\u0161k\u0173 spalv\u0173: sm\u0117lio spalvos \u2013 \u201eSawana17\u201c ir pilko atspalvio \u2013 \u201eSawana03\u201c, skirto \u201eIndiana\u201c ir \u201eMalcolm\u201c lovoms, kuri\u0173 dydis 90 \u00d7 198, sukuriant tvirt\u0105 pagrind\u0105 ramiam vaiko miegui ir gerovei. Pagrindin\u0117s savyb\u0117s: \u010diu\u017einys ant medinio r\u0117mo, skirtas \u201eIndiana\u201c ir \u201eMalcolm\u201c lovoms. Ki\u0161enini\u0173 spyruokli\u0173 \u0161erdis su 7 kietumo zonomis. Spyruokl\u0117s turi poliuretano put\u0173 sluoksn\u012f. \u010ciu\u017einio kietumas: vidutinis H2. \u010ciu\u017einio auk\u0161tis: 22 cm. 2 spalv\u0173 variantai: sm\u0117lio spalvos \u2013 \u201eSawana 17\u201c, pilkos \u2013 \u201eSawana 03\u201c. Jei abejojate, ar \u201eTiago Lux\u201c \u010diu\u017einys atitiks j\u016bs\u0173 l\u016bkes\u010dius, raginame perskaityti m\u016bs\u0173 vadov\u0105 skiltyje \u201e\u012ekv\u0117pimai\u201c, kuris pad\u0117s jums i\u0161sirinkti teisingai.<\/p>\n<p>Prek\u0117s kodas L07-MATTRESS-TIAGO_90_LUX-SAWANA_03-MAT01 Simbolis ZM EAN Ilgis 198 cm Plotis 90 cm Auk\u0161tis 22 cm Kolekcija Tiago Lux Miegamoji dalis 90\u00d7198 U\u017epildas ki\u0161enin\u0117 spyruokl\u0117 Kietumo zonos 7 zonos Kietumas H3 Nenuimamas u\u017evalkalas Gamintojas Juoda Raudona Balta Baldo tipas \u010ciu\u017einiai PVM mokestis 23% EAN 5906123603010<\/p>","protected":false},"excerpt":{"rendered":"<p>\u201eTiago Lux 90\u201c pilkas \u010diu\u017einys. \u201eTiago Lux\u201c \u010diu\u017einys yra puikus pasirinkimas augan\u010diam vaikui ar paaugliui, u\u017etikrinantis saug\u0173 mieg\u0105 ir skatinantis j\u0173 vystym\u0105si. \u010ciu\u017einys su ki\u0161enin\u0117mis spyruokl\u0117mis su 7 kietumo zonomis ir poliuretano putomis u\u017etikrina maksimal\u0173 komfort\u0105 ir puiki\u0105 atram\u0105, ypa\u010d \u017emon\u0117ms, sveriantiems 40\u201380 kg. Galima \u012fsigyti dviej\u0173 eleganti\u0161k\u0173 [\u2026]<\/p>","protected":false},"featured_media":0,"comment_status":"open","ping_status":"open","template":"","meta":[],"product_brand":[],"product_cat":[9200,1099],"product_tag":[],"class_list":{"0":"post-262269","1":"product","2":"type-product","3":"status-publish","5":"product_cat-black-red-white","6":"product_cat-mattresses","8":"first","9":"instock","10":"purchasable","11":"product-type-simple"},"_links":{"self":[{"href":"https:\/\/baldumarket.lt\/lt\/wp-json\/wp\/v2\/product\/262269","targetHints":{"allow":["GET"]}}],"collection":[{"href":"https:\/\/baldumarket.lt\/lt\/wp-json\/wp\/v2\/product"}],"about":[{"href":"https:\/\/baldumarket.lt\/lt\/wp-json\/wp\/v2\/types\/product"}],"replies":[{"embeddable":true,"href":"https:\/\/baldumarket.lt\/lt\/wp-json\/wp\/v2\/comments?post=262269"}],"wp:attachment":[{"href":"https:\/\/baldumarket.lt\/lt\/wp-json\/wp\/v2\/media?parent=262269"}],"wp:term":[{"taxonomy":"product_brand","embeddable":true,"href":"https:\/\/baldumarket.lt\/lt\/wp-json\/wp\/v2\/product_brand?post=262269"},{"taxonomy":"product_cat","embeddable":true,"href":"https:\/\/baldumarket.lt\/lt\/wp-json\/wp\/v2\/product_cat?post=262269"},{"taxonomy":"product_tag","embeddable":true,"href":"https:\/\/baldumarket.lt\/lt\/wp-json\/wp\/v2\/product_tag?post=262269"}],"curies":[{"name":"wp","href":"https:\/\/api.w.org\/{rel}","templated":true}]}}