{"id":262252,"date":"2026-01-13T23:23:06","date_gmt":"2026-01-13T20:23:06","guid":{"rendered":"https:\/\/baldumarket.lt\/product\/materac-multipocket-multi-180x200\/"},"modified":"2026-02-11T18:19:20","modified_gmt":"2026-02-11T15:19:20","slug":"materac-multipocket-multi-180x200","status":"publish","type":"product","link":"https:\/\/baldumarket.lt\/lt\/product\/materac-multipocket-multi-180x200\/","title":{"rendered":"\u010ciu\u017einys \u201eMultipocket\u201c 180\u00d7200"},"content":{"rendered":"<p>\u010ciu\u017einys \u201eMulti\u201c 180\u00d7200. \u201eMulti\u201c \u010diu\u017einys su \u201emultipocket\u201c spyruokli\u0173 technologija garantuoja puik\u0173 mieg\u0105 ir komfort\u0105. D\u0117l nepriklausomai veikian\u010di\u0173 spyruokli\u0173, esan\u010di\u0173 atskirose ki\u0161en\u0117se, jis suteikia i\u0161skirtin\u012f ta\u0161kin\u012f elastingum\u0105 ir puiki\u0105 k\u016bno atram\u0105. Kont\u016brinis dizainas leid\u017eia \u010diu\u017einiui prisitaikyti prie j\u016bs\u0173 k\u016bno kont\u016br\u0173, u\u017etikrinant neprilygstam\u0105 komfort\u0105. Auk\u0161tos kokyb\u0117s med\u017eiagos, naudojamos jo gamyboje, garantuoja patvarum\u0105 ir ilgalaik\u012f komfort\u0105. \u0160is \u010diu\u017einys yra raktas \u012f ram\u0173 mieg\u0105 ir atgimim\u0105 kiekvien\u0105 nauj\u0105 dien\u0105. Pagrindin\u0117s savyb\u0117s:<br \/>\n\u010ciu\u017einio \u0161erd\u012f sudaro nepriklausomai veikian\u010dios daugiaki\u0161en\u0117s spyruokl\u0117s, padengtos elastingu poliuretano putplas\u010diu, turin\u010diu higienos sertifikat\u0105. Spyruokli\u0173 i\u0161d\u0117stymas atskirose ki\u0161en\u0117se u\u017etikrina auk\u0161t\u0105 \u010diu\u017einio ta\u0161kin\u012f elastingum\u0105 ir garantuoja tinkam\u0105 k\u016bno atram\u0105. 7 komforto zonos u\u017etikrina, kad \u010diu\u017einys ergonomi\u0161kai prisitaikyt\u0173 prie j\u016bs\u0173 k\u016bno formos. Dvipus\u012f \u010diu\u017ein\u012f galima apversti ir pasukti, kad jis nesideformuot\u0173. Rekomenduojama dvipus\u012f \u010diu\u017ein\u012f apversti kas 6 m\u0117nesius, kad pailgintum\u0117te jo tarnavimo laik\u0105 ir pagerintum\u0117te miego higien\u0105. \u010ciu\u017einio auk\u0161tis: 21 cm. \u010ciu\u017einio kietumas: kietas H3. \u201eFresh+\u201c u\u017evalkalas \u2013 \u201eFresh+\u201c megztas audinys su ekologi\u0161ku \u201e\u00d6ko-Tex\u00ae Standard 100\u201c sertifikatu, dygsniuotas puriu antialerginiu audiniu. U\u017evalkalas turi u\u017etrauktukus visose keturiose \u010diu\u017einio pus\u0117se, kad j\u012f b\u016bt\u0173 lengva nuimti, ir j\u012f galima skalbti skalbimo ma\u0161inoje iki 60 \u00b0C temperat\u016broje. Galimi plo\u010diai: 90, 120, 140, 160, 180 cm. M\u0117gaukit\u0117s komfortu su 25 met\u0173 garantija! Garantija taikoma \u010diu\u017einio u\u017epildui, t. y. spyruoklin\u0117ms \u010diu\u017eini\u0173 spyruokl\u0117ms ir putplas\u010dio \u0161erdiai putplas\u010dio \u010diu\u017einiuose. Jei abejojate, ar \u201eMulti\u201c \u010diu\u017einys atitiks j\u016bs\u0173 l\u016bkes\u010dius, raginame perskaityti m\u016bs\u0173 vadov\u0105 skirtuke \u201e\u012ekv\u0117pimai\u201c, kuris pad\u0117s jums i\u0161sirinkti teisingai.<\/p>\n<p>Prek\u0117s kodas L07-MATERAC-MULTI_180-MAT01 Simbolis ZM EAN Ilgis 200 cm Plotis 180 cm Auk\u0161tis 21 cm Kolekcija Multi Miegamoji dalis 180\u00d7200 U\u017epildas daugiaki\u0161enin\u0117 spyruokl\u0117 Kietumo zonos 7 zonos Kietumas H3 Nuimamas u\u017evalkalas Gamintojas Juoda Raudona Balta Baldo tipas \u010ciu\u017einiai PVM mokestis 23% EAN 5906123602907<\/p>","protected":false},"excerpt":{"rendered":"<p>\u010ciu\u017einys \u201eMulti\u201c 180\u00d7200. \u201eMulti\u201c \u010diu\u017einys su \u201emultipocket\u201c spyruokli\u0173 technologija garantuoja puik\u0173 mieg\u0105 ir komfort\u0105. D\u0117l nepriklausomai veikian\u010di\u0173 spyruokli\u0173, esan\u010di\u0173 atskirose ki\u0161en\u0117se, jis suteikia i\u0161skirtin\u012f ta\u0161kin\u012f elastingum\u0105 ir puiki\u0105 k\u016bno atram\u0105. Kont\u016brinis dizainas leid\u017eia \u010diu\u017einiui prisitaikyti prie j\u016bs\u0173 k\u016bno kont\u016br\u0173, u\u017etikrinant neprilygstam\u0105 komfort\u0105. Auk\u0161tos kokyb\u0117s med\u017eiagos, naudojamos jo [\u2026]<\/p>","protected":false},"featured_media":262253,"comment_status":"open","ping_status":"open","template":"","meta":[],"product_brand":[],"product_cat":[9200,1099],"product_tag":[],"class_list":{"0":"post-262252","1":"product","2":"type-product","3":"status-publish","4":"has-post-thumbnail","6":"product_cat-black-red-white","7":"product_cat-mattresses","9":"first","10":"instock","11":"purchasable","12":"product-type-simple"},"_links":{"self":[{"href":"https:\/\/baldumarket.lt\/lt\/wp-json\/wp\/v2\/product\/262252","targetHints":{"allow":["GET"]}}],"collection":[{"href":"https:\/\/baldumarket.lt\/lt\/wp-json\/wp\/v2\/product"}],"about":[{"href":"https:\/\/baldumarket.lt\/lt\/wp-json\/wp\/v2\/types\/product"}],"replies":[{"embeddable":true,"href":"https:\/\/baldumarket.lt\/lt\/wp-json\/wp\/v2\/comments?post=262252"}],"wp:featuredmedia":[{"embeddable":true,"href":"https:\/\/baldumarket.lt\/lt\/wp-json\/wp\/v2\/media\/262253"}],"wp:attachment":[{"href":"https:\/\/baldumarket.lt\/lt\/wp-json\/wp\/v2\/media?parent=262252"}],"wp:term":[{"taxonomy":"product_brand","embeddable":true,"href":"https:\/\/baldumarket.lt\/lt\/wp-json\/wp\/v2\/product_brand?post=262252"},{"taxonomy":"product_cat","embeddable":true,"href":"https:\/\/baldumarket.lt\/lt\/wp-json\/wp\/v2\/product_cat?post=262252"},{"taxonomy":"product_tag","embeddable":true,"href":"https:\/\/baldumarket.lt\/lt\/wp-json\/wp\/v2\/product_tag?post=262252"}],"curies":[{"name":"wp","href":"https:\/\/api.w.org\/{rel}","templated":true}]}}