{"id":262212,"date":"2026-01-13T23:22:32","date_gmt":"2026-01-13T20:22:32","guid":{"rendered":"https:\/\/baldumarket.lt\/product\/materac-multipocket-mimas-multi-silver-180x200\/"},"modified":"2026-02-11T18:19:20","modified_gmt":"2026-02-11T15:19:20","slug":"materac-multipocket-mimas-multi-silver-180x200","status":"publish","type":"product","link":"https:\/\/baldumarket.lt\/lt\/product\/materac-multipocket-mimas-multi-silver-180x200\/","title":{"rendered":"Mimas Multi Silver \u010diu\u017einys su daugiaki\u0161en\u0117mis ki\u0161en\u0117mis 180\u00d7200"},"content":{"rendered":"<p>Mimas Multi Silver \u010diu\u017einys 180\u00d7200 \u0160is patogus \u010diu\u017einys puikiai tinka j\u016bs\u0173 miegamajam. D\u0117l mink\u0161to putplas\u010dio sluoksnio ir elastingo palaikymo jis u\u017etikrins patog\u0173 nakties mieg\u0105. Pagrindin\u0117s savyb\u0117s:<br \/>\n\u010ciu\u017einio \u0161erd\u012f sudaro nepriklausomai veikian\u010dios daugiaki\u0161en\u0117s spyruokl\u0117s, padengtos elastingomis, kont\u016brin\u0117mis, antibakterin\u0117mis \u201eUltra-Fresh\u00ae\u201c putomis, turin\u010diomis higienos sertifikat\u0105. Atskirose ki\u0161en\u0117se esan\u010dios ki\u0161enin\u0117s spyruokl\u0117s suteikia auk\u0161t\u0105 ta\u0161kin\u012f elastingum\u0105 ir garantuoja tinkam\u0105 k\u016bno atram\u0105. Kont\u016brin\u0117s putos pagerina ventiliacij\u0105 \u010diu\u017einio viduje ir suteikia masa\u017eo efekt\u0105. 7 komforto zonos u\u017etikrina, kad \u010diu\u017einys ergonomi\u0161kai prisitaikyt\u0173 prie j\u016bs\u0173 k\u016bno formos. Dvipus\u012f \u010diu\u017ein\u012f galima apversti ir pasukti, kad jis nesideformuot\u0173. Rekomenduojama dvipus\u012f \u010diu\u017ein\u012f pasukti kas 6 m\u0117nesius, kad pailg\u0117t\u0173 jo tarnavimo laikas ir pager\u0117t\u0173 miego higiena. \u010ciu\u017einio auk\u0161tis: 25 cm. \u010ciu\u017einio kietumas: kietas H3. \u201eSilver+\u201c u\u017evalkalas \u2013 megztas audinys su sidabro jonais, sertifikuotas pagal \u201e\u00d6ko-Tex\u00ae Standard 100\u201c, dygsniuotas puriu, antialerginiu audiniu. Sidabro jonai suteikia \u201eSilver+\u201c u\u017evalkalui antistatini\u0173, antibakterini\u0173 ir prie\u0161grybelini\u0173 savybi\u0173. U\u017evalkalas turi u\u017etrauktuk\u0105 visose keturiose \u010diu\u017einio pus\u0117se, kad j\u012f b\u016bt\u0173 lengva nuimti, ir j\u012f galima skalbti skalbimo ma\u0161inoje iki 60 \u00b0C temperat\u016broje. Galimi plo\u010diai: 80, 90, 120, 140, 160 ir 180 cm. 25 met\u0173 spyruokl\u0117ms suteikiama 25 met\u0173 garantija. M\u0117gaukit\u0117s komfortu vis\u0105 25 met\u0173 garantij\u0105! Garantija taikoma \u010diu\u017einio u\u017epildui, t. y. spyruokl\u0117ms spyruokliniuose \u010diu\u017einiuose ir putplas\u010dio u\u017epildui putplas\u010dio \u010diu\u017einiuose. Jei abejojate, ar \u201eMimas Multi Silver\u201c \u010diu\u017einys atitiks j\u016bs\u0173 l\u016bkes\u010dius, raginame perskaityti m\u016bs\u0173 vadov\u0105 \u201e\u012ekv\u0117pimo\u201c skiltyje, kuris pad\u0117s jums i\u0161sirinkti tinkam\u0105 variant\u0105.<\/p>\n<p>Prek\u0117s kodas L07-MATTRESS-MIMAS_MULTI_SILVER_180-MAT01 Simbolis ZM EAN Ilgis 200 cm Plotis 180 cm Auk\u0161tis 25 cm Kolekcija Mimas Multi Silver Miegamoji dalis 180\u00d7200 U\u017epildas daugiaki\u0161enin\u0117 spyruokl\u0117 Kietumo zonos 7 zonos Kietumas H3 Nuimamas u\u017evalkalas Gamintojas Juoda Raudona Balta Baldo tipas \u010ciu\u017einiai PVM mokestis 23% EAN 5906123602839<\/p>","protected":false},"excerpt":{"rendered":"<p>Mimas Multi Silver \u010diu\u017einys 180\u00d7200 \u0160is patogus \u010diu\u017einys \u2013 puikus pasirinkimas j\u016bs\u0173 miegamajam. D\u0117l mink\u0161to put\u0173 sluoksnio ir tamprios atramos jis u\u017etikrins patog\u0173 mieg\u0105. Pagrindin\u0117s savyb\u0117s: \u010ciu\u017einio \u0161erdis sudaryta i\u0161 nepriklausomai veikian\u010di\u0173 daugiaki\u0161enini\u0173 spyruokli\u0173, padengt\u0173 tampriomis, kont\u016brin\u0117mis, antibakterin\u0117mis \u201eUltra-Fresh\u00ae\u201c putomis, turin\u010diomis higienos sertifikat\u0105. Ki\u0161enin\u0117s spyruokl\u0117s [\u2026]<\/p>","protected":false},"featured_media":262213,"comment_status":"open","ping_status":"open","template":"","meta":[],"product_brand":[],"product_cat":[9200,1099],"product_tag":[],"class_list":{"0":"post-262212","1":"product","2":"type-product","3":"status-publish","4":"has-post-thumbnail","6":"product_cat-black-red-white","7":"product_cat-mattresses","9":"first","10":"instock","11":"purchasable","12":"product-type-simple"},"_links":{"self":[{"href":"https:\/\/baldumarket.lt\/lt\/wp-json\/wp\/v2\/product\/262212","targetHints":{"allow":["GET"]}}],"collection":[{"href":"https:\/\/baldumarket.lt\/lt\/wp-json\/wp\/v2\/product"}],"about":[{"href":"https:\/\/baldumarket.lt\/lt\/wp-json\/wp\/v2\/types\/product"}],"replies":[{"embeddable":true,"href":"https:\/\/baldumarket.lt\/lt\/wp-json\/wp\/v2\/comments?post=262212"}],"wp:featuredmedia":[{"embeddable":true,"href":"https:\/\/baldumarket.lt\/lt\/wp-json\/wp\/v2\/media\/262213"}],"wp:attachment":[{"href":"https:\/\/baldumarket.lt\/lt\/wp-json\/wp\/v2\/media?parent=262212"}],"wp:term":[{"taxonomy":"product_brand","embeddable":true,"href":"https:\/\/baldumarket.lt\/lt\/wp-json\/wp\/v2\/product_brand?post=262212"},{"taxonomy":"product_cat","embeddable":true,"href":"https:\/\/baldumarket.lt\/lt\/wp-json\/wp\/v2\/product_cat?post=262212"},{"taxonomy":"product_tag","embeddable":true,"href":"https:\/\/baldumarket.lt\/lt\/wp-json\/wp\/v2\/product_tag?post=262212"}],"curies":[{"name":"wp","href":"https:\/\/api.w.org\/{rel}","templated":true}]}}