{"id":262164,"date":"2026-01-13T23:21:54","date_gmt":"2026-01-13T20:21:54","guid":{"rendered":"https:\/\/baldumarket.lt\/product\/materac-multipocket-merida-160x200\/"},"modified":"2026-02-11T18:19:21","modified_gmt":"2026-02-11T15:19:21","slug":"materac-multipocket-merida-160x200","status":"publish","type":"product","link":"https:\/\/baldumarket.lt\/lt\/product\/materac-multipocket-merida-160x200\/","title":{"rendered":"Merida 160\u00d7200 daugiaki\u0161enis \u010diu\u017einys"},"content":{"rendered":"<p>Merida \u010diu\u017einys 160\u00d7200 Merida \u010diu\u017einys \u2013 unikali vieta pails\u0117ti ir atsigauti. \u0160is kietas Merida \u010diu\u017einys, skirtas 70\u2013110 kg sveriantiems \u017emon\u0117ms, pasi\u017eymi dideliu komfortu d\u0117l didelio elastingumo put\u0173, daugiaki\u0161enini\u0173 spyruokli\u0173 ir poliuretano put\u0173 u\u017epildo. \u017diemin\u0117 pus\u0117 padengta Tencel\u00ae audiniu, reguliuojan\u010diu miego klimat\u0105, ir Cool Sensitive audiniu vasarin\u0117je pus\u0117je, kuris v\u0117sina kar\u0161tomis naktimis. Daugiaki\u0161enin\u0117s spyruokl\u0117s suteikia patvarumo ir tikslin\u0119 atram\u0105, tod\u0117l Merida \u010diu\u017einys yra populiarus pasirinkimas. Jame yra 7 komforto zonos, kurios ergonomi\u0161kai prisitaiko prie k\u016bno ir u\u017etikrina kasdien\u012f komfort\u0105. Reguliariai plaunant u\u017evalkal\u0105, \u010diu\u017einys i\u0161liks nepriekai\u0161tingos i\u0161vaizdos. Merida \u010diu\u017einys, si\u016blomas penki\u0173 plo\u010di\u0173, sukuria tobul\u0105 duet\u0105 su kruop\u0161\u010diai parinktu lanks\u010diu r\u0117mu, kuris suteikia papildom\u0105 mink\u0161tum\u0105. Tai puikus sprendimas j\u016bs\u0173 miegamajam. Pagrindin\u0117s savyb\u0117s:<br \/>\n\u010ciu\u017einio \u0161erd\u012f sudaro nepriklausomai veikian\u010dios daugiaki\u0161en\u0117s spyruokl\u0117s, padengtos higienos sertifikuotomis putomis. Vasarin\u0117 pus\u0117 padengta kv\u0117puojan\u010diomis, didelio elastingumo putomis, o \u017eiemin\u0117 pus\u0117 \u2013 elastingomis poliuretano putomis. Spyruokli\u0173 i\u0161d\u0117stymas atskirose ki\u0161en\u0117se u\u017etikrina auk\u0161t\u0105 \u010diu\u017einio ta\u0161kin\u012f elastingum\u0105. 7 komforto zonos. \u010ciu\u017einys yra dvipusis ir gali b\u016bti dvipusis i\u0161 abiej\u0173 pusi\u0173. Rekomenduojama dvipus\u012f \u010diu\u017ein\u012f apversti kas 6 m\u0117nesius, kad pailg\u0117t\u0173 jo tarnavimo laikas ir pager\u0117t\u0173 miego higiena. \u010ciu\u017einio auk\u0161tis: 23 cm. \u010ciu\u017einio kietumas: kietas H3. \u201eCool Sensitive\u201c u\u017evalkalas \u2013 \u201eCool Sensitive\u201c megztas audinys ir \u201eTencel\u201c su ekologi\u0161ku \u201e\u00d6ko-Tex\u00ae Standard 100\u201c sertifikatu. U\u017evalkalas turi u\u017etrauktukus visose keturiose \u010diu\u017einio pus\u0117se, tod\u0117l j\u012f lengva nuimti ir skalbti skalbimo ma\u0161inoje iki 60 \u00b0C temperat\u016broje. Galimi plo\u010diai: 90, 140, 160, 180 cm. Jei abejojate, ar \u201eMerida\u201c \u010diu\u017einys pateisins j\u016bs\u0173 l\u016bkes\u010dius, raginame perskaityti m\u016bs\u0173 vadov\u0105 skirtuke \u201e\u012ekv\u0117pimai\u201c, kuris pad\u0117s jums i\u0161sirinkti teisingai.<\/p>\n<p>Prek\u0117s kodas L07-MATTRESS-MERIDA_160-MAT01 Simbolis ZM EAN Ilgis 200 cm Plotis 160 cm Auk\u0161tis 23 cm Kolekcija Merida Miegamoji dalis 160\u00d7200 U\u017epildas daugiaki\u0161en\u0117 spyruokl\u0117 Kietumo zonos 7 zonos Kietumas H3 Nuimamas u\u017evalkalas Gamintojas Juoda Raudona Balta Baldo tipas \u010ciu\u017einiai PVM mokestis 23% EAN 5906123602778<\/p>","protected":false},"excerpt":{"rendered":"<p>Merida \u010diu\u017einys 160\u00d7200 Merida \u010diu\u017einys \u2013 tai unikali vieta pails\u0117ti ir atgauti j\u0117gas. \u0160is kietas Merida \u010diu\u017einys, skirtas 70\u2013110 kg sveriantiems \u017emon\u0117ms, pasi\u017eymi dideliu komfortu d\u0117l didelio elastingumo put\u0173, daugiaki\u0161enini\u0173 spyruokli\u0173 ir poliuretano put\u0173 u\u017epildo. \u017diemin\u0117 pus\u0117 padengta Tencel\u00ae audiniu, kuris reguliuoja miego klimat\u0105, ir [\u2026]<\/p>","protected":false},"featured_media":262165,"comment_status":"open","ping_status":"open","template":"","meta":[],"product_brand":[],"product_cat":[9200,1099],"product_tag":[],"class_list":{"0":"post-262164","1":"product","2":"type-product","3":"status-publish","4":"has-post-thumbnail","6":"product_cat-black-red-white","7":"product_cat-mattresses","9":"first","10":"instock","11":"purchasable","12":"product-type-simple"},"_links":{"self":[{"href":"https:\/\/baldumarket.lt\/lt\/wp-json\/wp\/v2\/product\/262164","targetHints":{"allow":["GET"]}}],"collection":[{"href":"https:\/\/baldumarket.lt\/lt\/wp-json\/wp\/v2\/product"}],"about":[{"href":"https:\/\/baldumarket.lt\/lt\/wp-json\/wp\/v2\/types\/product"}],"replies":[{"embeddable":true,"href":"https:\/\/baldumarket.lt\/lt\/wp-json\/wp\/v2\/comments?post=262164"}],"wp:featuredmedia":[{"embeddable":true,"href":"https:\/\/baldumarket.lt\/lt\/wp-json\/wp\/v2\/media\/262165"}],"wp:attachment":[{"href":"https:\/\/baldumarket.lt\/lt\/wp-json\/wp\/v2\/media?parent=262164"}],"wp:term":[{"taxonomy":"product_brand","embeddable":true,"href":"https:\/\/baldumarket.lt\/lt\/wp-json\/wp\/v2\/product_brand?post=262164"},{"taxonomy":"product_cat","embeddable":true,"href":"https:\/\/baldumarket.lt\/lt\/wp-json\/wp\/v2\/product_cat?post=262164"},{"taxonomy":"product_tag","embeddable":true,"href":"https:\/\/baldumarket.lt\/lt\/wp-json\/wp\/v2\/product_tag?post=262164"}],"curies":[{"name":"wp","href":"https:\/\/api.w.org\/{rel}","templated":true}]}}