{"id":262116,"date":"2026-01-13T23:21:09","date_gmt":"2026-01-13T20:21:09","guid":{"rendered":"https:\/\/baldumarket.lt\/product\/materac-multipocket-luxurius-solar-140x200\/"},"modified":"2026-02-11T18:19:21","modified_gmt":"2026-02-11T15:19:21","slug":"materac-multipocket-luxurius-solar-140x200","status":"publish","type":"product","link":"https:\/\/baldumarket.lt\/lt\/product\/materac-multipocket-luxurius-solar-140x200\/","title":{"rendered":"\u201eLuxurius Solar\u201c daugiapakopas \u010diu\u017einys 140&#215;200"},"content":{"rendered":"<p>\u201eLuxurius\u201c \u010diu\u017einys 140 \u00d7 200. \u201eLuxurius\u201c \u010diu\u017einys \u2013 tikra komforto ir miego oaz\u0117. Jo \u0161erdyje yra nepriklausomai veikian\u010dios daugiaki\u0161en\u0117s spyruokl\u0117s, kruop\u0161\u010diai \u012fd\u0117tos \u012f elasting\u0105, higieni\u0161kai sertifikuot\u0105, didelio elastingumo putplast\u012f. D\u0117l unikalaus spyruokli\u0173 i\u0161d\u0117stymo atskirose ki\u0161en\u0117se m\u016bs\u0173 \u010diu\u017einys suteikia ne tik i\u0161skirtin\u012f ta\u0161kin\u012f elastingum\u0105, bet ir puiki\u0105 atram\u0105 j\u016bs\u0173 k\u016bnui. Kont\u016bruotos putos \u010diu\u017einio viduje ne tik pagerina v\u0117dinim\u0105, bet ir sukuria \u0161veln\u0173 masa\u017eo efekt\u0105, kuris jums tikrai patiks. Be to, m\u016bs\u0173 \u010diu\u017einys yra suskirstytas \u012f 7 komforto zonas, u\u017etikrinan\u010dias ergonomi\u0161k\u0105 prisitaikym\u0105 prie j\u016bs\u0173 k\u016bno formos, nepriklausomai nuo j\u016bs\u0173 miegojimo pad\u0117ties. Pamir\u0161kite nerami\u0173 nakt\u0173 \u2013 \u201eLuxurius\u201c \u010diu\u017einys yra raktas \u012f gil\u0173, atkuriam\u0105j\u012f mieg\u0105, padedantis jums pabusti pails\u0117jusiems ir kupiniems energijos kiekvienai naujai dienai. Pagrindin\u0117s savyb\u0117s: spyruokli\u0173 i\u0161d\u0117stymas atskirose ki\u0161en\u0117se u\u017etikrina didel\u012f ta\u0161kin\u012f elastingum\u0105 ir garantuoja tinkam\u0105 k\u016bno atram\u0105. Kont\u016bruotos putos pagerina v\u0117dinim\u0105 \u010diu\u017einio viduje ir suteikia masa\u017eo efekt\u0105. 7 komforto zonos u\u017etikrina, kad \u010diu\u017einys ergonomi\u0161kai prisitaikyt\u0173 prie j\u016bs\u0173 k\u016bno formos. Dvipusis \u010diu\u017einys gali b\u016bti apverstas ir pasuktas, kad b\u016bt\u0173 i\u0161vengta deformacijos. Rekomenduojama dvipus\u012f \u010diu\u017ein\u012f apversti kas 6 m\u0117nesius, kad pailgintum\u0117te jo tarnavimo laik\u0105 ir pagerintum\u0117te miego higien\u0105. \u010ciu\u017einio auk\u0161tis: 26 cm. \u010ciu\u017einio kietumas: kietas H3. U\u017evalkalas nuo saul\u0117s \u2013 membraninis megztas audinys, turintis ekologi\u0161k\u0105 \u201e\u00d6ko-Tex\u00ae Standard 100\u201c sertifikat\u0105, dygsniuotas puriu antialerginiu audiniu. D\u0117l didelio viskoz\u0117s pluo\u0161to kiekio jis pasi\u017eymi auk\u0161\u010diausia kokybe, mink\u0161tumu liesti ir elastingumu, reikalingu \u010diu\u017einiui su dideliu ta\u0161kiniu elastingumu. U\u017evalkalas turi u\u017etrauktuk\u0105 visose keturiose \u010diu\u017einio pus\u0117se, tod\u0117l j\u012f lengva nuimti ir skalbti skalbimo ma\u0161inoje iki 60 \u00b0C temperat\u016broje. Galimi plo\u010diai: 90, 140, 160 ir 180 cm. 25 met\u0173 garantija spyruokl\u0117ms. M\u0117gaukit\u0117s komfortu vis\u0105 25 met\u0173 garantij\u0105! Garantija taikoma \u010diu\u017einio u\u017epildui, t. y. spyruoklini\u0173 \u010diu\u017eini\u0173 spyruokl\u0117ms ir putplas\u010dio \u010diu\u017eini\u0173 putplas\u010dio \u0161erdiai. Jei abejojate, ar \u201eLuxurius\u201c \u010diu\u017einys pateisins j\u016bs\u0173 l\u016bkes\u010dius, raginame perskaityti m\u016bs\u0173 vadov\u0105 skirtuke \u201e\u012ekv\u0117pimai\u201c, kuris pad\u0117s jums i\u0161sirinkti teisingai.<\/p>\n<p>Prek\u0117s kodas L07-MATERAC-LUXURIUS_SOLAR_140-MAT01 Simbolis ZM EAN Ilgis 200 cm Plotis 140 cm Auk\u0161tis 26 cm Kolekcija \u201eLuxurius Solar\u201c Miegamoji dalis 140 \u00d7 200 U\u017epildas: daugiaki\u0161en\u0117 spyruokl\u0117 Kietumo zonos 7 zonos Kietumas H3 Nuimamas u\u017evalkalas Gamintojas Juoda Raudona Balta Baldo tipas: \u010ciu\u017einiai PVM mokestis 23% EAN 5906123602662<\/p>","protected":false},"excerpt":{"rendered":"<p>Luxurius Mattress 140&#215;200 The Luxurius mattress is a true oasis of comfort and sleep. Its core houses independently working multipocket springs, carefully encased in resilient, hygiene-certified, high-resilience foam. Thanks to its unique arrangement of springs in individual pockets, our mattress provides not only exceptional point elasticity but also excellent support for your body. The contoured [&hellip;]<\/p>","protected":false},"featured_media":262117,"comment_status":"open","ping_status":"open","template":"","meta":[],"product_brand":[],"product_cat":[9200,1099],"product_tag":[],"class_list":{"0":"post-262116","1":"product","2":"type-product","3":"status-publish","4":"has-post-thumbnail","6":"product_cat-black-red-white","7":"product_cat-mattresses","9":"first","10":"instock","11":"purchasable","12":"product-type-simple"},"_links":{"self":[{"href":"https:\/\/baldumarket.lt\/lt\/wp-json\/wp\/v2\/product\/262116","targetHints":{"allow":["GET"]}}],"collection":[{"href":"https:\/\/baldumarket.lt\/lt\/wp-json\/wp\/v2\/product"}],"about":[{"href":"https:\/\/baldumarket.lt\/lt\/wp-json\/wp\/v2\/types\/product"}],"replies":[{"embeddable":true,"href":"https:\/\/baldumarket.lt\/lt\/wp-json\/wp\/v2\/comments?post=262116"}],"wp:featuredmedia":[{"embeddable":true,"href":"https:\/\/baldumarket.lt\/lt\/wp-json\/wp\/v2\/media\/262117"}],"wp:attachment":[{"href":"https:\/\/baldumarket.lt\/lt\/wp-json\/wp\/v2\/media?parent=262116"}],"wp:term":[{"taxonomy":"product_brand","embeddable":true,"href":"https:\/\/baldumarket.lt\/lt\/wp-json\/wp\/v2\/product_brand?post=262116"},{"taxonomy":"product_cat","embeddable":true,"href":"https:\/\/baldumarket.lt\/lt\/wp-json\/wp\/v2\/product_cat?post=262116"},{"taxonomy":"product_tag","embeddable":true,"href":"https:\/\/baldumarket.lt\/lt\/wp-json\/wp\/v2\/product_tag?post=262116"}],"curies":[{"name":"wp","href":"https:\/\/api.w.org\/{rel}","templated":true}]}}